{"id":18,"date":"2023-01-01T08:52:43","date_gmt":"2023-01-01T08:52:43","guid":{"rendered":"https:\/\/saisfashion.com\/cart\/"},"modified":"2023-01-30T10:08:58","modified_gmt":"2023-01-30T10:08:58","slug":"cart","status":"publish","type":"page","link":"https:\/\/saisfashion.com\/de\/cart\/","title":{"rendered":"Shopping Cart"},"content":{"rendered":"<div data-elementor-type=\"wp-page\" data-elementor-id=\"18\" class=\"elementor elementor-18\" data-elementor-post-type=\"page\">\n\t\t\t\t\t\t<section class=\"elementor-section elementor-top-section elementor-element elementor-element-2de08ce2 elementor-section-boxed elementor-section-height-default elementor-section-height-default\" data-id=\"2de08ce2\" data-element_type=\"section\" data-e-type=\"section\">\n\t\t\t\t\t\t<div class=\"elementor-container elementor-column-gap-default\">\n\t\t\t\t\t<div class=\"elementor-column elementor-col-100 elementor-top-column elementor-element elementor-element-5371dec3\" data-id=\"5371dec3\" data-element_type=\"column\" data-e-type=\"column\">\n\t\t\t<div class=\"elementor-widget-wrap elementor-element-populated\">\n\t\t\t\t\t\t<div class=\"elementor-element elementor-element-bc8eb7a elementor-widget elementor-widget-heading\" data-id=\"bc8eb7a\" data-element_type=\"widget\" data-e-type=\"widget\" data-widget_type=\"heading.default\">\n\t\t\t\t<div class=\"elementor-widget-container\">\n\t\t\t\t\t<h2 class=\"elementor-heading-title elementor-size-default\">Shopping Cart<\/h2>\t\t\t\t<\/div>\n\t\t\t\t<\/div>\n\t\t\t\t<div class=\"elementor-element elementor-element-f39371d elementor-widget elementor-widget-shortcode\" data-id=\"f39371d\" data-element_type=\"widget\" data-e-type=\"widget\" data-widget_type=\"shortcode.default\">\n\t\t\t\t<div class=\"elementor-widget-container\">\n\t\t\t\t\t\t\t<div class=\"elementor-shortcode\"><div class=\"woocommerce\"><div class=\"woocommerce-notices-wrapper\"><\/div><div class=\"wc-empty-cart-message\">\n\t<div class=\"cart-empty woocommerce-info\" role=\"status\">\n\t\tDein Warenkorb ist gegenw\u00e4rtig leer.\t<\/div>\n<\/div>\t<p class=\"return-to-shop\">\n\t\t<a class=\"button wc-backward\" href=\"https:\/\/saisfashion.com\/de\/shop\/\">\n\t\t\tZur\u00fcck zum Shop\t\t<\/a>\n\t<\/p>\n<\/div><\/div>\n\t\t\t\t\t\t<\/div>\n\t\t\t\t<\/div>\n\t\t\t\t\t<\/div>\n\t\t<\/div>\n\t\t\t\t\t<\/div>\n\t\t<\/section>\n\t\t\t\t<\/div>","protected":false},"excerpt":{"rendered":"<p>Shopping Cart<\/p>","protected":false},"author":1,"featured_media":0,"parent":0,"menu_order":0,"comment_status":"closed","ping_status":"closed","template":"elementor_header_footer","meta":{"footnotes":""},"class_list":["post-18","page","type-page","status-publish","hentry"],"jetpack-related-posts":[{"id":56,"url":"https:\/\/saisfashion.com\/de\/my-account-2\/","url_meta":{"origin":18,"position":0},"title":"My account","author":"Silja","date":"06.03.2019","format":false,"excerpt":"Mein Konto","rel":"","context":"\u00c4hnlicher Beitrag","block_context":{"text":"\u00c4hnlicher Beitrag","link":""},"img":{"alt_text":"","src":"","width":0,"height":0},"classes":[]},{"id":13,"url":"https:\/\/saisfashion.com\/de\/__trashed-2\/","url_meta":{"origin":18,"position":1},"title":"Elementor #13","author":"Silja","date":"17.08.2024","format":false,"excerpt":"","rel":"","context":"\u00c4hnlicher Beitrag","block_context":{"text":"\u00c4hnlicher Beitrag","link":""},"img":{"alt_text":"","src":"","width":0,"height":0},"classes":[]},{"id":54,"url":"https:\/\/saisfashion.com\/de\/cart-2\/","url_meta":{"origin":18,"position":2},"title":"Cart","author":"Silja","date":"06.03.2019","format":false,"excerpt":"","rel":"","context":"\u00c4hnlicher Beitrag","block_context":{"text":"\u00c4hnlicher Beitrag","link":""},"img":{"alt_text":"","src":"","width":0,"height":0},"classes":[]},{"id":17,"url":"https:\/\/saisfashion.com\/de\/shop\/","url_meta":{"origin":18,"position":3},"title":"Shop","author":"Silja","date":"01.01.2023","format":false,"excerpt":"","rel":"","context":"\u00c4hnlicher Beitrag","block_context":{"text":"\u00c4hnlicher Beitrag","link":""},"img":{"alt_text":"","src":"","width":0,"height":0},"classes":[]},{"id":282,"url":"https:\/\/saisfashion.com\/de\/contact\/","url_meta":{"origin":18,"position":4},"title":"Kontakt","author":"Silja","date":"10.09.2020","format":false,"excerpt":"Contact Us Questions? Feedback? We would love to hear from you.\u200b Social media Facebook Instagram WhatsApp SAIS Fashion Turkey: +90 536 505 0753 SAIS Fashion Germany: +49 176 664 77790 Email info@saisfashion.com","rel":"","context":"\u00c4hnlicher Beitrag","block_context":{"text":"\u00c4hnlicher Beitrag","link":""},"img":{"alt_text":"","src":"","width":0,"height":0},"classes":[]},{"id":6346,"url":"https:\/\/saisfashion.com\/de\/thank-you\/","url_meta":{"origin":18,"position":5},"title":"Thank you page","author":"Silja","date":"28.04.2025","format":false,"excerpt":"Willkommen bei SAIS! Du findest den Rabattcode in deiner Inbox. Viel Spa\u00df beim Shoppen! Welcome to SAIS! You will find the discount code in your inbox. Happy shopping!","rel":"","context":"\u00c4hnlicher Beitrag","block_context":{"text":"\u00c4hnlicher Beitrag","link":""},"img":{"alt_text":"","src":"","width":0,"height":0},"classes":[]}],"jetpack_sharing_enabled":true,"_links":{"self":[{"href":"https:\/\/saisfashion.com\/de\/wp-json\/wp\/v2\/pages\/18","targetHints":{"allow":["GET"]}}],"collection":[{"href":"https:\/\/saisfashion.com\/de\/wp-json\/wp\/v2\/pages"}],"about":[{"href":"https:\/\/saisfashion.com\/de\/wp-json\/wp\/v2\/types\/page"}],"author":[{"embeddable":true,"href":"https:\/\/saisfashion.com\/de\/wp-json\/wp\/v2\/users\/1"}],"replies":[{"embeddable":true,"href":"https:\/\/saisfashion.com\/de\/wp-json\/wp\/v2\/comments?post=18"}],"version-history":[{"count":25,"href":"https:\/\/saisfashion.com\/de\/wp-json\/wp\/v2\/pages\/18\/revisions"}],"predecessor-version":[{"id":709,"href":"https:\/\/saisfashion.com\/de\/wp-json\/wp\/v2\/pages\/18\/revisions\/709"}],"wp:attachment":[{"href":"https:\/\/saisfashion.com\/de\/wp-json\/wp\/v2\/media?parent=18"}],"curies":[{"name":"wp","href":"https:\/\/api.w.org\/{rel}","templated":true}]}}