{"id":2349,"date":"2024-01-27T21:43:20","date_gmt":"2024-01-27T21:43:20","guid":{"rendered":"https:\/\/saisfashion.com\/?page_id=2349"},"modified":"2025-05-19T08:08:31","modified_gmt":"2025-05-19T08:08:31","slug":"clothing-wholesale","status":"publish","type":"page","link":"https:\/\/saisfashion.com\/de\/clothing-wholesale\/","title":{"rendered":"Modest Fashion Gro\u00dfhandel"},"content":{"rendered":"<div data-elementor-type=\"wp-page\" data-elementor-id=\"2349\" class=\"elementor elementor-2349\" data-elementor-post-type=\"page\">\n\t\t\t\t\t\t<section class=\"elementor-section elementor-top-section elementor-element elementor-element-1601a23 elementor-section-stretched elementor-section-boxed elementor-section-height-default elementor-section-height-default\" data-id=\"1601a23\" data-element_type=\"section\" data-e-type=\"section\" data-settings=\"{&quot;stretch_section&quot;:&quot;section-stretched&quot;}\">\n\t\t\t\t\t\t<div class=\"elementor-container elementor-column-gap-default\">\n\t\t\t\t\t<div class=\"elementor-column elementor-col-100 elementor-top-column elementor-element elementor-element-9270247\" data-id=\"9270247\" data-element_type=\"column\" data-e-type=\"column\">\n\t\t\t<div class=\"elementor-widget-wrap elementor-element-populated\">\n\t\t\t\t\t\t<div class=\"elementor-element elementor-element-6795422 elementor-widget elementor-widget-heading\" data-id=\"6795422\" data-element_type=\"widget\" data-e-type=\"widget\" data-widget_type=\"heading.default\">\n\t\t\t\t<div class=\"elementor-widget-container\">\n\t\t\t\t\t<h2 class=\"elementor-heading-title elementor-size-default\">Gro\u00dfhandel unserer eigenen Designs<\/h2>\t\t\t\t<\/div>\n\t\t\t\t<\/div>\n\t\t\t\t<div class=\"elementor-element elementor-element-3402b08 elementor-widget elementor-widget-text-editor\" data-id=\"3402b08\" data-element_type=\"widget\" data-e-type=\"widget\" data-widget_type=\"text-editor.default\">\n\t\t\t\t<div class=\"elementor-widget-container\">\n\t\t\t\t\t\t\t\t\t<p>Wir bieten alle unsere Modelle im Gro\u00dfhandel an. Kontaktiert uns f\u00fcr die Preise!<\/p><p>Wenn ihr in Europa, den USA, Kanada oder Australien seid, k\u00f6nnt ihr unsere Modelle zu g\u00fcnstigen Preisen in unserem FAIRE-Shop erwerben.<\/p>\t\t\t\t\t\t\t\t<\/div>\n\t\t\t\t<\/div>\n\t\t\t\t<div class=\"elementor-element elementor-element-fca6681 elementor-widget elementor-widget-html\" data-id=\"fca6681\" data-element_type=\"widget\" data-e-type=\"widget\" data-widget_type=\"html.default\">\n\t\t\t\t<div class=\"elementor-widget-container\">\n\t\t\t\t\t<iframe src=\"https:\/\/www.faire.com\/embed\/bw_qqqvvfmt4z\" width=\"900\" height=\"600\" scrolling=\"no\" style=\"margin:0 auto;border:none;display:block;max-width:100%;width:900px;height:600px;\"><\/iframe>\t\t\t\t<\/div>\n\t\t\t\t<\/div>\n\t\t\t\t<div class=\"elementor-element elementor-element-74ac31f elementor-widget elementor-widget-heading\" data-id=\"74ac31f\" data-element_type=\"widget\" data-e-type=\"widget\" data-widget_type=\"heading.default\">\n\t\t\t\t<div class=\"elementor-widget-container\">\n\t\t\t\t\t<h2 class=\"elementor-heading-title elementor-size-default\">Eure eigenen Designs f\u00fcr den Gro\u00dfhandel<\/h2>\t\t\t\t<\/div>\n\t\t\t\t<\/div>\n\t\t\t\t<div class=\"elementor-element elementor-element-fda4f09 elementor-widget elementor-widget-text-editor\" data-id=\"fda4f09\" data-element_type=\"widget\" data-e-type=\"widget\" data-widget_type=\"text-editor.default\">\n\t\t\t\t<div class=\"elementor-widget-container\">\n\t\t\t\t\t\t\t\t\t<p>Seid ihr Wiederverk\u00e4ufer und sucht nach Kleidern und Designs, die ihr nicht auf unserer Webseite findet? Wir k\u00f6nnen euch weiterhelfen, indem wir eure Modelle produzieren, selbst wenn ihr nur eine kleine Bestellmenge wollt. Der Prozess ist einfach und effizient. Bitte liest die unten stehenden Fragen und Antworten oder kontaktiert uns f\u00fcr mehr Informationen.<\/p>\t\t\t\t\t\t\t\t<\/div>\n\t\t\t\t<\/div>\n\t\t\t\t<div class=\"elementor-element elementor-element-03359cb elementor-widget elementor-widget-heading\" data-id=\"03359cb\" data-element_type=\"widget\" data-e-type=\"widget\" data-widget_type=\"heading.default\">\n\t\t\t\t<div class=\"elementor-widget-container\">\n\t\t\t\t\t<h2 class=\"elementor-heading-title elementor-size-default\">Welche Art von Kleidern k\u00f6nnt ihr f\u00fcr uns produzieren?<\/h2>\t\t\t\t<\/div>\n\t\t\t\t<\/div>\n\t\t\t\t<div class=\"elementor-element elementor-element-bcc5e29 elementor-widget elementor-widget-text-editor\" data-id=\"bcc5e29\" data-element_type=\"widget\" data-e-type=\"widget\" data-widget_type=\"text-editor.default\">\n\t\t\t\t<div class=\"elementor-widget-container\">\n\t\t\t\t\t\t\t\t\t<p>Wir produzieren haupts\u00e4chlich alle Arten von Kleidern in der Kategorie \"Modest Fashion\" (bedeckende Mode) f\u00fcr Frauen sowie Kinderkleider. Hier liegt unsere Erfahrung und Expertise. Wenn ihr andere Kleider m\u00f6chtet, kontaktiert uns bitte. Wir schauen dann gemeinsam, ob wir diese produzieren k\u00f6nnen.<\/p>\t\t\t\t\t\t\t\t<\/div>\n\t\t\t\t<\/div>\n\t\t\t\t<div class=\"elementor-element elementor-element-af64e3a elementor-widget elementor-widget-heading\" data-id=\"af64e3a\" data-element_type=\"widget\" data-e-type=\"widget\" data-widget_type=\"heading.default\">\n\t\t\t\t<div class=\"elementor-widget-container\">\n\t\t\t\t\t<h2 class=\"elementor-heading-title elementor-size-default\">Welche Dienstleistungen bietet ihr an?<\/h2>\t\t\t\t<\/div>\n\t\t\t\t<\/div>\n\t\t\t\t<div class=\"elementor-element elementor-element-f5517ae elementor-widget elementor-widget-text-editor\" data-id=\"f5517ae\" data-element_type=\"widget\" data-e-type=\"widget\" data-widget_type=\"text-editor.default\">\n\t\t\t\t<div class=\"elementor-widget-container\">\n\t\t\t\t\t\t\t\t\t<p>Wir bieten Unterst\u00fctzung w\u00e4hrend dem gesamten Herstellungsprozess an:<\/p><ul><li>Modelle entwerfen<\/li><li>Angebote f\u00fcr die Produktions- und Versandkosten machen<\/li><li>Stoffe einkaufen<\/li><li>Mustermodell f\u00fcr euch produzieren<\/li><li>Eure Kleider mit Produzenten des Vertrauens in Gaziantep, T\u00fcrkei, herstellen\u00a0<\/li><li><span style=\"letter-spacing: 0px;\">Qualit\u00e4tskontrolle\u00a0<\/span>der Endprodukte<span style=\"letter-spacing: 0px;\">\u00a0durchf\u00fchren<\/span><\/li><li><span style=\"letter-spacing: 0px;\">Kleider verpacken und an eure gew\u00fcnschte Adresse liefern<\/span><span style=\"letter-spacing: 0px;\"><br \/><\/span><\/li><\/ul><p>Ihr w\u00e4hlt die Dienstleistungen aus und wir liefern!<\/p>\t\t\t\t\t\t\t\t<\/div>\n\t\t\t\t<\/div>\n\t\t\t\t<div class=\"elementor-element elementor-element-ef34e47 elementor-widget elementor-widget-heading\" data-id=\"ef34e47\" data-element_type=\"widget\" data-e-type=\"widget\" data-widget_type=\"heading.default\">\n\t\t\t\t<div class=\"elementor-widget-container\">\n\t\t\t\t\t<h2 class=\"elementor-heading-title elementor-size-default\">Wie funktioniert der Herstellungsprozess?<\/h2>\t\t\t\t<\/div>\n\t\t\t\t<\/div>\n\t\t\t\t<div class=\"elementor-element elementor-element-ecfcb1a elementor-widget elementor-widget-text-editor\" data-id=\"ecfcb1a\" data-element_type=\"widget\" data-e-type=\"widget\" data-widget_type=\"text-editor.default\">\n\t\t\t\t<div class=\"elementor-widget-container\">\n\t\t\t\t\t\t\t\t\t<p>Der Herstellungsprozess beinhaltet im Normalfall die folgenden Schritte:<\/p><ol><li>Ihr schickt euere Designs der Modelle und Informationen \u00fcber die gew\u00fcnschten Stoffe und Farben. Alternativ entwerfen wir eure Modelle basierend auf euren Vorstellungen und W\u00fcnschen.<\/li><li>Wir kl\u00e4ren mit euch alle Fragen zu den Designs, um sicher zu stellen, dass wir nach euren W\u00fcnschen produzieren.<\/li><li>Wir kaufen den Stoff f\u00fcr euch ein.<\/li><li>Die Produzenten unseres Vertrauens stellen ein Muster eurer Modelle her, falls ihr dies w\u00fcnscht.<\/li><li>Ihr gebt R\u00fcckmeldung zum Mustermodell und wir passen das Modell zusammen mit den Produzenten entsprechend an.\u00a0<\/li><li>Die Produzenten stellen eure Modelle in der gew\u00fcnschten Menge her.<\/li><li>Wir f\u00fchren die Qualit\u00e4tskontrolle der Produkte durch und machen gegebenenfalls die notwendigen Anpassungen.<\/li><li>Wir verpacken und versenden die Endprodukte an eure Adresse.<\/li><\/ol>\t\t\t\t\t\t\t\t<\/div>\n\t\t\t\t<\/div>\n\t\t\t\t<div class=\"elementor-element elementor-element-ba51ffd elementor-widget elementor-widget-heading\" data-id=\"ba51ffd\" data-element_type=\"widget\" data-e-type=\"widget\" data-widget_type=\"heading.default\">\n\t\t\t\t<div class=\"elementor-widget-container\">\n\t\t\t\t\t<h2 class=\"elementor-heading-title elementor-size-default\">Wie lange dauert der Prozess?<\/h2>\t\t\t\t<\/div>\n\t\t\t\t<\/div>\n\t\t\t\t<div class=\"elementor-element elementor-element-7709c33 elementor-widget elementor-widget-text-editor\" data-id=\"7709c33\" data-element_type=\"widget\" data-e-type=\"widget\" data-widget_type=\"text-editor.default\">\n\t\t\t\t<div class=\"elementor-widget-container\">\n\t\t\t\t\t\t\t\t\t<p>Der Herstellungsprozess dauert normalerweise 4-8 Wochen, je nach unserer Auslastung und der Auslastung der Produzenten sowie dem Umfang eurer \u00c4nderungsw\u00fcnsche. Wir bem\u00fchen uns, die Bestellung schnell und effizient abzuwickeln und werden uns vorab mit euch auf einen Zeitplan einigen.<\/p><p>Der Versand dauert normalerweise 1-4 Wochen, je nach von euch gew\u00e4hlter Versandart und Zielland.<\/p><p>Bitte beachtet, dass es zu Versp\u00e4tungen ausserhalb unseres Einflussbereichs geben kann, wie Zoll- oder Steuerangelegenheiten im Zielland, \u00f6ffentliche Feiertage oder Naturkatastrophen.<\/p>\t\t\t\t\t\t\t\t<\/div>\n\t\t\t\t<\/div>\n\t\t\t\t<div class=\"elementor-element elementor-element-dbfe3df elementor-widget elementor-widget-heading\" data-id=\"dbfe3df\" data-element_type=\"widget\" data-e-type=\"widget\" data-widget_type=\"heading.default\">\n\t\t\t\t<div class=\"elementor-widget-container\">\n\t\t\t\t\t<h2 class=\"elementor-heading-title elementor-size-default\">Welche Infos braucht ihr von uns f\u00fcr die Herstellung unserer Kleider?<\/h2>\t\t\t\t<\/div>\n\t\t\t\t<\/div>\n\t\t\t\t<div class=\"elementor-element elementor-element-3c25420 elementor-widget elementor-widget-text-editor\" data-id=\"3c25420\" data-element_type=\"widget\" data-e-type=\"widget\" data-widget_type=\"text-editor.default\">\n\t\t\t\t<div class=\"elementor-widget-container\">\n\t\t\t\t\t\t\t\t\t<p>Wir brauchen Folgendes von euch:<\/p><ul><li>Designs\/Entw\u00fcrfe der Kleider, die ihr produzieren wollt (Schnittmuster sind optional)<\/li><li>Informationen zu den Farben und Stoffen<\/li><li>Designs von Marken- und Gr\u00f6\u00dfenetiketten sowie Preisschilder, falls ihr dies w\u00fcnscht<\/li><li>R\u00fcckmeldung zum Mustermodell, falls ihr eines produzieren wollt<\/li><\/ul>\t\t\t\t\t\t\t\t<\/div>\n\t\t\t\t<\/div>\n\t\t\t\t<div class=\"elementor-element elementor-element-c04701f elementor-widget elementor-widget-heading\" data-id=\"c04701f\" data-element_type=\"widget\" data-e-type=\"widget\" data-widget_type=\"heading.default\">\n\t\t\t\t<div class=\"elementor-widget-container\">\n\t\t\t\t\t<h2 class=\"elementor-heading-title elementor-size-default\">Behandelt ihr unsere Designs vertraulich?<\/h2>\t\t\t\t<\/div>\n\t\t\t\t<\/div>\n\t\t\t\t<div class=\"elementor-element elementor-element-2dfb2f3 elementor-widget elementor-widget-text-editor\" data-id=\"2dfb2f3\" data-element_type=\"widget\" data-e-type=\"widget\" data-widget_type=\"text-editor.default\">\n\t\t\t\t<div class=\"elementor-widget-container\">\n\t\t\t\t\t\t\t\t\t<p>Nat\u00fcrlich! Wir werden eure Designs nicht f\u00fcr unsere eigenen Kollektionen oder sonstige Zwecke verwenden. Mit Erhalt eurer Designs werden wir nicht Eigent\u00fcmer und erlangen auch keine sonstigen intellektuellen Eigentumsrechte daran. Wir verpflichten uns ebenfalls, die Designs nur mit unseren Mitarbeitenden und Produzenten zu teilen, soweit diese sie zur Erf\u00fcllung ihrer Arbeit ben\u00f6tigen.\u00a0<\/p><p>Falls ihr m\u00f6chtet, unterzeichnen wir gerne eine Vertraulichkeitsvereinbarung zu Beginn unserer Zusammenarbeit, um diese Verpflichtung rechtlich verbindlich zu machen.<\/p>\t\t\t\t\t\t\t\t<\/div>\n\t\t\t\t<\/div>\n\t\t\t\t<div class=\"elementor-element elementor-element-09e3fec elementor-widget elementor-widget-heading\" data-id=\"09e3fec\" data-element_type=\"widget\" data-e-type=\"widget\" data-widget_type=\"heading.default\">\n\t\t\t\t<div class=\"elementor-widget-container\">\n\t\t\t\t\t<h2 class=\"elementor-heading-title elementor-size-default\">Produziert ihr auch Mustermodelle?<\/h2>\t\t\t\t<\/div>\n\t\t\t\t<\/div>\n\t\t\t\t<div class=\"elementor-element elementor-element-ade2544 elementor-widget elementor-widget-text-editor\" data-id=\"ade2544\" data-element_type=\"widget\" data-e-type=\"widget\" data-widget_type=\"text-editor.default\">\n\t\t\t\t<div class=\"elementor-widget-container\">\n\t\t\t\t\t\t\t\t\t<p>Ja, das machen wir! Wir berechnen 70 EUR f\u00fcr das Muster. Wenn ihr euch f\u00fcr die Produktion entscheiden, berechnen wir das Muster als 1 St\u00fcck euer Designs und ziehen die restliche Anzahlung von der Schlussrechnung ab.<\/p><p>Wir werden euch das Mustermodell auf Fotos und Videos oder in einem Video-Anruf zeigen. Falls ihr dies w\u00fcnscht, schicken wir es euch per Post zu. In diesem Fall \u00fcbernehmt ihr die Versandkosten.\u00a0<\/p>\t\t\t\t\t\t\t\t<\/div>\n\t\t\t\t<\/div>\n\t\t\t\t<div class=\"elementor-element elementor-element-4238552 elementor-widget elementor-widget-heading\" data-id=\"4238552\" data-element_type=\"widget\" data-e-type=\"widget\" data-widget_type=\"heading.default\">\n\t\t\t\t<div class=\"elementor-widget-container\">\n\t\t\t\t\t<h2 class=\"elementor-heading-title elementor-size-default\">Was ist die Mindestbestellmenge?<\/h2>\t\t\t\t<\/div>\n\t\t\t\t<\/div>\n\t\t\t\t<div class=\"elementor-element elementor-element-32d6d58 elementor-widget elementor-widget-text-editor\" data-id=\"32d6d58\" data-element_type=\"widget\" data-e-type=\"widget\" data-widget_type=\"text-editor.default\">\n\t\t\t\t<div class=\"elementor-widget-container\">\n\t\t\t\t\t\t\t\t\t<p>Wir haben keine strikte Mindestbestellmenge und akzeptieren die Produktion kleiner Mengen. Allerdings kaufen wir die meisten Stoffe in Paketen von 20-30 kg pro Paket; kleinere Stoffpakete sind oft nicht verf\u00fcgbar. Die Mindestbestellmenge betr\u00e4gt zwei Stoffpakete, was bedeutet, dass die Mindestbestellmenge der Anzahl der Teile entspricht, die wir mit zwei Stoffmengen produzieren.<\/p><p>Sobald ihr das Design und die Stoffart ausgew\u00e4hlt habt, werden wir euch die Mindestbestellmenge mit eurem spezifischen Stoff sagen k\u00f6nnen.\u00a0<\/p>\t\t\t\t\t\t\t\t<\/div>\n\t\t\t\t<\/div>\n\t\t\t\t<div class=\"elementor-element elementor-element-6e857d1 elementor-widget elementor-widget-heading\" data-id=\"6e857d1\" data-element_type=\"widget\" data-e-type=\"widget\" data-widget_type=\"heading.default\">\n\t\t\t\t<div class=\"elementor-widget-container\">\n\t\t\t\t\t<h2 class=\"elementor-heading-title elementor-size-default\">K\u00f6nnen wir unsere eigenen Etiketten und Preisschilder verwenden?<\/h2>\t\t\t\t<\/div>\n\t\t\t\t<\/div>\n\t\t\t\t<div class=\"elementor-element elementor-element-4947a6a elementor-widget elementor-widget-text-editor\" data-id=\"4947a6a\" data-element_type=\"widget\" data-e-type=\"widget\" data-widget_type=\"text-editor.default\">\n\t\t\t\t<div class=\"elementor-widget-container\">\n\t\t\t\t\t\t\t\t\t<p>Nat\u00fcrlich. Ihr habt zwei M\u00f6glichkeiten:<\/p><ol><li>Falls ihr die Etiketten und Preisschilder bereits habt, k\u00f6nnt ihr sie uns schicken und wir werden sie an euren Kleidern anbringen.<\/li><li>Wenn ihr keine Etiketten und Preisschilder habt, sendet ihr uns die Designs und wir produzieren sie und bringen sie auf der Kleidung an. Bitte beachtet, dass wir die Etiketten und Preisschilder nicht selbst drucken und die Mindestbestellmengen der Lieferanten gelten. Wir bewahren die unbenutzten Etiketten entweder f\u00fcr die zuk\u00fcnftige Verwendung auf oder senden sie euch mit eurer Bestellung zu.\u00a0<\/li><\/ol>\t\t\t\t\t\t\t\t<\/div>\n\t\t\t\t<\/div>\n\t\t\t\t<div class=\"elementor-element elementor-element-5e13ae7 elementor-widget elementor-widget-heading\" data-id=\"5e13ae7\" data-element_type=\"widget\" data-e-type=\"widget\" data-widget_type=\"heading.default\">\n\t\t\t\t<div class=\"elementor-widget-container\">\n\t\t\t\t\t<h2 class=\"elementor-heading-title elementor-size-default\">Wie funktioniert der Versand?<\/h2>\t\t\t\t<\/div>\n\t\t\t\t<\/div>\n\t\t\t\t<div class=\"elementor-element elementor-element-1ed55f8 elementor-widget elementor-widget-text-editor\" data-id=\"1ed55f8\" data-element_type=\"widget\" data-e-type=\"widget\" data-widget_type=\"text-editor.default\">\n\t\t\t\t<div class=\"elementor-widget-container\">\n\t\t\t\t\t\t\t\t\t<p>Wir arbeiten mit einem angesehenen Versandunternehmen, um die Produkte euch direkt vor die T\u00fcr zu liefern. Wir haben keinen Einfluss auf die Dauer oder andere Angelegenheiten des Versandprozesses, aber wir werden den Versand nachverfolgen, bis ihr die Kleider erhalten habt.<\/p><p>Bitte beachtet, dass ihr f\u00fcr die Versandkosten verantwortlich seid. Beim Versand ausserhalb der T\u00fcrkei fallen gegebenenfalls Zollgeb\u00fchren und andere Steuern an, f\u00fcr die ihr ebenfalls aufkommt.<\/p>\t\t\t\t\t\t\t\t<\/div>\n\t\t\t\t<\/div>\n\t\t\t\t<div class=\"elementor-element elementor-element-4a7d331 elementor-widget elementor-widget-heading\" data-id=\"4a7d331\" data-element_type=\"widget\" data-e-type=\"widget\" data-widget_type=\"heading.default\">\n\t\t\t\t<div class=\"elementor-widget-container\">\n\t\t\t\t\t<h2 class=\"elementor-heading-title elementor-size-default\">Wie sind die Zahlungsbedingungen?<\/h2>\t\t\t\t<\/div>\n\t\t\t\t<\/div>\n\t\t\t\t<div class=\"elementor-element elementor-element-7ac00f6 elementor-widget elementor-widget-text-editor\" data-id=\"7ac00f6\" data-element_type=\"widget\" data-e-type=\"widget\" data-widget_type=\"text-editor.default\">\n\t\t\t\t<div class=\"elementor-widget-container\">\n\t\t\t\t\t\t\t\t\t<p>Wir verlangen 75% des vereinbarten Preises vor Beginn der Herstellung und die restlichen 25% innerhalb von 14 Tagen, nachdem ihr die Kleider erhalten habt.\u00a0<\/p><p>Wir akzeptieren Bank\u00fcberweisungen und Zahlungen via Paypal.\u00a0<\/p>\t\t\t\t\t\t\t\t<\/div>\n\t\t\t\t<\/div>\n\t\t\t\t<div class=\"elementor-element elementor-element-8495aac elementor-widget elementor-widget-heading\" data-id=\"8495aac\" data-element_type=\"widget\" data-e-type=\"widget\" data-widget_type=\"heading.default\">\n\t\t\t\t<div class=\"elementor-widget-container\">\n\t\t\t\t\t<h2 class=\"elementor-heading-title elementor-size-default\">Nehmt ihr R\u00fcckgaben an?<\/h2>\t\t\t\t<\/div>\n\t\t\t\t<\/div>\n\t\t\t\t<div class=\"elementor-element elementor-element-06657d1 elementor-widget elementor-widget-text-editor\" data-id=\"06657d1\" data-element_type=\"widget\" data-e-type=\"widget\" data-widget_type=\"text-editor.default\">\n\t\t\t\t<div class=\"elementor-widget-container\">\n\t\t\t\t\t\t\t\t\t<p>Nein, wir akzeptieren keine R\u00fcckgaben eurer individualisierten Bestellungen, da wir eure Designs nicht in unserem Produktkatalog f\u00fchren. Falls die Produkte jedoch Herstellungsfehler aufweisen sollten, werden wir unser Bestes tun, um diese zu beheben, denn eure Zufriedenheit liegt uns am Herzen. Bitte benachrichtigt uns \u00fcber allf\u00e4llige Fehler innerhalb von 5 Arbeitstagen nach Erhalt der Bestellung.<\/p>\t\t\t\t\t\t\t\t<\/div>\n\t\t\t\t<\/div>\n\t\t\t\t\t<\/div>\n\t\t<\/div>\n\t\t\t\t\t<\/div>\n\t\t<\/section>\n\t\t\t\t<\/div>","protected":false},"excerpt":{"rendered":"<p>Wholesale of Our Designs We offer wholesale of all our models. Reach out to us to inquire about the prices!&#8230;<\/p>","protected":false},"author":1,"featured_media":0,"parent":0,"menu_order":0,"comment_status":"closed","ping_status":"closed","template":"","meta":{"footnotes":""},"class_list":["post-2349","page","type-page","status-publish","hentry"],"jetpack-related-posts":[{"id":281,"url":"https:\/\/saisfashion.com\/de\/about\/","url_meta":{"origin":2349,"position":0},"title":"\u00dcber uns","author":"Silja","date":"10.09.2020","format":false,"excerpt":"About Us We are SAIS, a fashion brand based in Germany and Turkey for international retail and wholesale with a strong social commitment. We seek to introduce sustainability in modest fashion by providing modest streetwear for women and outfits for children that we ethically produce in Turkey.Through our clothes, we\u2026","rel":"","context":"\u00c4hnlicher Beitrag","block_context":{"text":"\u00c4hnlicher Beitrag","link":""},"img":{"alt_text":"","src":"https:\/\/i0.wp.com\/saisfashion.com\/wp-content\/uploads\/2024\/03\/WhatsApp-Image-2024-03-01-at-19.52.49-e1709723307523.jpeg?resize=350%2C200&ssl=1","width":350,"height":200,"srcset":"https:\/\/i0.wp.com\/saisfashion.com\/wp-content\/uploads\/2024\/03\/WhatsApp-Image-2024-03-01-at-19.52.49-e1709723307523.jpeg?resize=350%2C200&ssl=1 1x, https:\/\/i0.wp.com\/saisfashion.com\/wp-content\/uploads\/2024\/03\/WhatsApp-Image-2024-03-01-at-19.52.49-e1709723307523.jpeg?resize=525%2C300&ssl=1 1.5x, https:\/\/i0.wp.com\/saisfashion.com\/wp-content\/uploads\/2024\/03\/WhatsApp-Image-2024-03-01-at-19.52.49-e1709723307523.jpeg?resize=700%2C400&ssl=1 2x"},"classes":[]},{"id":3361,"url":"https:\/\/saisfashion.com\/de\/sustainable-modest-fashion-blog\/","url_meta":{"origin":2349,"position":1},"title":"Blog","author":"Silja","date":"25.08.2024","format":false,"excerpt":"SAIS Talk for all the beautiful women out there MODEST FASHION All","rel":"","context":"\u00c4hnlicher Beitrag","block_context":{"text":"\u00c4hnlicher Beitrag","link":""},"img":{"alt_text":"","src":"","width":0,"height":0},"classes":[]},{"id":5592,"url":"https:\/\/saisfashion.com\/de\/","url_meta":{"origin":2349,"position":2},"title":"Home","author":"Silja","date":"20.04.2025","format":false,"excerpt":"Click here Click here Rated 9.9\/10 on the retail platform Trendyol Over 1500 happy customers and their kids! Click here Click here Rated 9.9\/10 on Trendyol Over 1500 happy customers and their kids Free shipping on orders above EUR 65Return within 30 daysComfort guarantee FREE shipping on orders above EUR\u2026","rel":"","context":"\u00c4hnlicher Beitrag","block_context":{"text":"\u00c4hnlicher Beitrag","link":""},"img":{"alt_text":"","src":"https:\/\/i0.wp.com\/saisfashion.com\/wp-content\/uploads\/2025\/04\/Trendyol_online-1024x345.png?resize=350%2C200&ssl=1","width":350,"height":200,"srcset":"https:\/\/i0.wp.com\/saisfashion.com\/wp-content\/uploads\/2025\/04\/Trendyol_online-1024x345.png?resize=350%2C200&ssl=1 1x, https:\/\/i0.wp.com\/saisfashion.com\/wp-content\/uploads\/2025\/04\/Trendyol_online-1024x345.png?resize=525%2C300&ssl=1 1.5x, https:\/\/i0.wp.com\/saisfashion.com\/wp-content\/uploads\/2025\/04\/Trendyol_online-1024x345.png?resize=700%2C400&ssl=1 2x"},"classes":[]},{"id":3656,"url":"https:\/\/saisfashion.com\/de\/socialcommitment\/","url_meta":{"origin":2349,"position":3},"title":"Soziales Engagement","author":"Silja","date":"29.08.2024","format":false,"excerpt":"Our Social Commitment How we contribute to our community and a sustainable fashion industry We use all fabric We reuse leftover fabrics to create accessories like these scrunchies. In this way, we achieve zero waste in our clothing production. We support each other These accessories are sewn by creative refugee\u2026","rel":"","context":"\u00c4hnlicher Beitrag","block_context":{"text":"\u00c4hnlicher Beitrag","link":""},"img":{"alt_text":"","src":"https:\/\/i0.wp.com\/saisfashion.com\/wp-content\/uploads\/2024\/11\/DJI_20241101_114705_592%E2%80%AFAM-scaled-e1731866500330-1024x773.jpg?resize=350%2C200&ssl=1","width":350,"height":200,"srcset":"https:\/\/i0.wp.com\/saisfashion.com\/wp-content\/uploads\/2024\/11\/DJI_20241101_114705_592%E2%80%AFAM-scaled-e1731866500330-1024x773.jpg?resize=350%2C200&ssl=1 1x, https:\/\/i0.wp.com\/saisfashion.com\/wp-content\/uploads\/2024\/11\/DJI_20241101_114705_592%E2%80%AFAM-scaled-e1731866500330-1024x773.jpg?resize=525%2C300&ssl=1 1.5x, https:\/\/i0.wp.com\/saisfashion.com\/wp-content\/uploads\/2024\/11\/DJI_20241101_114705_592%E2%80%AFAM-scaled-e1731866500330-1024x773.jpg?resize=700%2C400&ssl=1 2x"},"classes":[]},{"id":282,"url":"https:\/\/saisfashion.com\/de\/contact\/","url_meta":{"origin":2349,"position":4},"title":"Kontakt","author":"Silja","date":"10.09.2020","format":false,"excerpt":"Contact Us Questions? Feedback? We would love to hear from you.\u200b Social media Facebook Instagram WhatsApp SAIS Fashion Turkey: +90 536 505 0753 SAIS Fashion Germany: +49 176 664 77790 Email info@saisfashion.com","rel":"","context":"\u00c4hnlicher Beitrag","block_context":{"text":"\u00c4hnlicher Beitrag","link":""},"img":{"alt_text":"","src":"","width":0,"height":0},"classes":[]},{"id":6177,"url":"https:\/\/saisfashion.com\/de\/withdrawal-policy\/","url_meta":{"origin":2349,"position":5},"title":"Widerrufsbelehrung","author":"Silja","date":"26.04.2025","format":false,"excerpt":"Right of Withdrawal To exercise your right to withdrawal, please fill out this form. Right of Withdrawal Consumer means any natural person who enters into a legal transaction for purposes that are predominantly outside their trade, business, craft, or profession.You have the right to withdraw from this contract within fourteen\u2026","rel":"","context":"\u00c4hnlicher Beitrag","block_context":{"text":"\u00c4hnlicher Beitrag","link":""},"img":{"alt_text":"","src":"","width":0,"height":0},"classes":[]}],"jetpack_sharing_enabled":true,"_links":{"self":[{"href":"https:\/\/saisfashion.com\/de\/wp-json\/wp\/v2\/pages\/2349","targetHints":{"allow":["GET"]}}],"collection":[{"href":"https:\/\/saisfashion.com\/de\/wp-json\/wp\/v2\/pages"}],"about":[{"href":"https:\/\/saisfashion.com\/de\/wp-json\/wp\/v2\/types\/page"}],"author":[{"embeddable":true,"href":"https:\/\/saisfashion.com\/de\/wp-json\/wp\/v2\/users\/1"}],"replies":[{"embeddable":true,"href":"https:\/\/saisfashion.com\/de\/wp-json\/wp\/v2\/comments?post=2349"}],"version-history":[{"count":50,"href":"https:\/\/saisfashion.com\/de\/wp-json\/wp\/v2\/pages\/2349\/revisions"}],"predecessor-version":[{"id":6536,"href":"https:\/\/saisfashion.com\/de\/wp-json\/wp\/v2\/pages\/2349\/revisions\/6536"}],"wp:attachment":[{"href":"https:\/\/saisfashion.com\/de\/wp-json\/wp\/v2\/media?parent=2349"}],"curies":[{"name":"wp","href":"https:\/\/api.w.org\/{rel}","templated":true}]}}