{"id":4478,"date":"2024-11-19T21:27:16","date_gmt":"2024-11-19T21:27:16","guid":{"rendered":"https:\/\/saisfashion.com\/?page_id=4478"},"modified":"2025-04-26T09:56:49","modified_gmt":"2025-04-26T09:56:49","slug":"imprint","status":"publish","type":"page","link":"https:\/\/saisfashion.com\/de\/imprint\/","title":{"rendered":"Impressum"},"content":{"rendered":"<div data-elementor-type=\"wp-page\" data-elementor-id=\"4478\" class=\"elementor elementor-4478\" data-elementor-post-type=\"page\">\n\t\t\t\t<div class=\"elementor-element elementor-element-e185082 e-flex e-con-boxed e-con e-parent\" data-id=\"e185082\" data-element_type=\"container\" data-e-type=\"container\">\n\t\t\t\t\t<div class=\"e-con-inner\">\n\t\t\t\t<div class=\"elementor-element elementor-element-2a80550 elementor-widget elementor-widget-heading\" data-id=\"2a80550\" data-element_type=\"widget\" data-e-type=\"widget\" data-widget_type=\"heading.default\">\n\t\t\t\t<div class=\"elementor-widget-container\">\n\t\t\t\t\t<h2 class=\"elementor-heading-title elementor-size-default\">Impressum<\/h2>\t\t\t\t<\/div>\n\t\t\t\t<\/div>\n\t\t\t\t<div class=\"elementor-element elementor-element-2278f69 elementor-widget elementor-widget-text-editor\" data-id=\"2278f69\" data-element_type=\"widget\" data-e-type=\"widget\" data-widget_type=\"text-editor.default\">\n\t\t\t\t<div class=\"elementor-widget-container\">\n\t\t\t\t\t\t\t\t\t<p>Angaben gem\u00e4\u00df \u00a7 5 Telemediengesetz (TMG):<\/p><p class=\"translation-block\">SAIS Fashion<br>Silja Aebersold-Keles<br>Bahnhofstra\u00dfe 17<br>69115 Heidelberg<\/p><p>Unselbstst\u00e4ndige Zweigniederlassung:<\/p><p>Konzeptladen HeartWork, Untere Stra\u00dfe 2, 69117 Heidelberg<\/p><p>\u00a0<\/p><p class=\"translation-block\">Vertreten durch: <br>Silja Aebersold-Keles<\/p><p class=\"translation-block\">Kontakt:<br>+49 176 66477790<br>info@saisfashion.com<\/p><p>Copyrights:<\/p><p>Die durch die Seitenbetreiber erstellten Inhalte und Werke auf diesen Seiten unterliegen dem deutschen Urheberrecht. Die Vervielf\u00e4ltigung, Bearbeitung, Verbreitung und jede Art der Verwertung au\u00dferhalb der Grenzen des Urheberrechtes bed\u00fcrfen der schriftlichen Zustimmung des jeweiligen Autors bzw. Erstellers. Downloads und Kopien dieser Seite sind nur f\u00fcr den privaten, nicht kommerziellen Gebrauch gestattet.<\/p><p>Verantwortlich f\u00fcr den Inhalt nach \u00a7 55 Abs. 2 Rundfunkstaatsvertrag (RStV):<\/p><p>\u200b<\/p><p>Responsible for content according to Section 55 (2) RStV:<\/p><p>Silja Aebersold-Keles <br \/>Bahnhofstra\u00dfe 17<br \/>69115 Heidelberg<\/p><p>\u00a0<\/p><p>Wir sind nicht bereit oder verpflichtet, an Streitbeilegungsverfahren vor einer Verbraucherschlichtungsstelle teilzunehmen.<\/p>\t\t\t\t\t\t\t\t<\/div>\n\t\t\t\t<\/div>\n\t\t\t\t\t<\/div>\n\t\t\t\t<\/div>\n\t\t\t\t<\/div>","protected":false},"excerpt":{"rendered":"<p>Imprint Information in accordance with Section 5 of the Telemedia Act (TMG): SAIS FashionSilja Aebersold-KelesBahnhofstra\u00dfe 1769115 Heidelberg Dependent branch: Concept&#8230;<\/p>","protected":false},"author":1,"featured_media":0,"parent":0,"menu_order":0,"comment_status":"closed","ping_status":"closed","template":"","meta":{"footnotes":""},"class_list":["post-4478","page","type-page","status-publish","hentry"],"jetpack-related-posts":[{"id":281,"url":"https:\/\/saisfashion.com\/de\/about\/","url_meta":{"origin":4478,"position":0},"title":"\u00dcber uns","author":"Silja","date":"10.09.2020","format":false,"excerpt":"About Us We are SAIS, a fashion brand based in Germany and Turkey for international retail and wholesale with a strong social commitment. We seek to introduce sustainability in modest fashion by providing modest streetwear for women and outfits for children that we ethically produce in Turkey.Through our clothes, we\u2026","rel":"","context":"\u00c4hnlicher Beitrag","block_context":{"text":"\u00c4hnlicher Beitrag","link":""},"img":{"alt_text":"","src":"https:\/\/i0.wp.com\/saisfashion.com\/wp-content\/uploads\/2024\/03\/WhatsApp-Image-2024-03-01-at-19.52.49-e1709723307523.jpeg?resize=350%2C200&ssl=1","width":350,"height":200,"srcset":"https:\/\/i0.wp.com\/saisfashion.com\/wp-content\/uploads\/2024\/03\/WhatsApp-Image-2024-03-01-at-19.52.49-e1709723307523.jpeg?resize=350%2C200&ssl=1 1x, https:\/\/i0.wp.com\/saisfashion.com\/wp-content\/uploads\/2024\/03\/WhatsApp-Image-2024-03-01-at-19.52.49-e1709723307523.jpeg?resize=525%2C300&ssl=1 1.5x, https:\/\/i0.wp.com\/saisfashion.com\/wp-content\/uploads\/2024\/03\/WhatsApp-Image-2024-03-01-at-19.52.49-e1709723307523.jpeg?resize=700%2C400&ssl=1 2x"},"classes":[]},{"id":6160,"url":"https:\/\/saisfashion.com\/de\/return\/","url_meta":{"origin":4478,"position":1},"title":"R\u00fcckgaben","author":"Silja","date":"26.04.2025","format":false,"excerpt":"Return Policy To return or exchange an item or report a missing or mistaken item, please fill out this form. Returns We want you to be completely satisfied with your purchase from SAIS. If for any reason you're not happy with your item, you can return or exchange it within\u2026","rel":"","context":"\u00c4hnlicher Beitrag","block_context":{"text":"\u00c4hnlicher Beitrag","link":""},"img":{"alt_text":"","src":"","width":0,"height":0},"classes":[]},{"id":6133,"url":"https:\/\/saisfashion.com\/de\/general-terms-and-conditions\/","url_meta":{"origin":4478,"position":2},"title":"Allgemeine Gesch\u00e4ftsbedingungen","author":"Silja","date":"26.04.2025","format":false,"excerpt":"Allgemeine Gesch\u00e4ftsbedingungen (AGB) von SAIS Fashion 1. Geltungsbereich F\u00fcr alle Bestellungen \u00fcber unseren Online-Shop unter www.saisfashion.com\/de\/ sowie f\u00fcr die Nutzung unserer Dienstleistungen gelten die nachstehenden Allgemeinen Gesch\u00e4ftsbedingungen (AGB) in ihrer zum Zeitpunkt der Bestellung g\u00fcltigen Fassung.Abweichende Bedingungen der Kunden erkennen wir nicht an, es sei denn, wir h\u00e4tten ihrer Geltung\u2026","rel":"","context":"\u00c4hnlicher Beitrag","block_context":{"text":"\u00c4hnlicher Beitrag","link":""},"img":{"alt_text":"","src":"","width":0,"height":0},"classes":[]},{"id":3,"url":"https:\/\/saisfashion.com\/de\/data-protection-policy\/","url_meta":{"origin":4478,"position":3},"title":"Datenschutzrichtlinie","author":"Silja","date":"01.01.2023","format":false,"excerpt":"Datenschutzerkl\u00e4rung Inhalts\u00fcbersicht Pr\u00e4ambelVerantwortlicher\u00dcbersicht der VerarbeitungenMa\u00dfgebliche Rechtsgrundlagen\u00dcbermittlung von personenbezogenen DatenInternationale DatentransfersAllgemeine Informationen zur Datenspeicherung und L\u00f6schungRechte der betroffenen PersonenGesch\u00e4ftliche LeistungenGesch\u00e4ftsprozesse und -verfahrenZahlungsverfahrenBereitstellung des Onlineangebots und WebhostingEinsatz von CookiesBlogs und PublikationsmedienKontakt- und AnfrageverwaltungNewsletter und elektronische BenachrichtigungenWerbliche Kommunikation via E-MailWebanalyse, Monitoring und OptimierungOnlinemarketingKundenrezensionen und BewertungsverfahrenPr\u00e4senzen in sozialen Netzwerken (Social Media)Plug-ins und eingebettete Funktionen\u2026","rel":"","context":"\u00c4hnlicher Beitrag","block_context":{"text":"\u00c4hnlicher Beitrag","link":""},"img":{"alt_text":"","src":"","width":0,"height":0},"classes":[]},{"id":6177,"url":"https:\/\/saisfashion.com\/de\/withdrawal-policy\/","url_meta":{"origin":4478,"position":4},"title":"Widerrufsbelehrung","author":"Silja","date":"26.04.2025","format":false,"excerpt":"Right of Withdrawal To exercise your right to withdrawal, please fill out this form. Right of Withdrawal Consumer means any natural person who enters into a legal transaction for purposes that are predominantly outside their trade, business, craft, or profession.You have the right to withdraw from this contract within fourteen\u2026","rel":"","context":"\u00c4hnlicher Beitrag","block_context":{"text":"\u00c4hnlicher Beitrag","link":""},"img":{"alt_text":"","src":"","width":0,"height":0},"classes":[]},{"id":3656,"url":"https:\/\/saisfashion.com\/de\/socialcommitment\/","url_meta":{"origin":4478,"position":5},"title":"Soziales Engagement","author":"Silja","date":"29.08.2024","format":false,"excerpt":"Our Social Commitment How we contribute to our community and a sustainable fashion industry We use all fabric We reuse leftover fabrics to create accessories like these scrunchies. In this way, we achieve zero waste in our clothing production. We support each other These accessories are sewn by creative refugee\u2026","rel":"","context":"\u00c4hnlicher Beitrag","block_context":{"text":"\u00c4hnlicher Beitrag","link":""},"img":{"alt_text":"","src":"https:\/\/i0.wp.com\/saisfashion.com\/wp-content\/uploads\/2024\/11\/DJI_20241101_114705_592%E2%80%AFAM-scaled-e1731866500330-1024x773.jpg?resize=350%2C200&ssl=1","width":350,"height":200,"srcset":"https:\/\/i0.wp.com\/saisfashion.com\/wp-content\/uploads\/2024\/11\/DJI_20241101_114705_592%E2%80%AFAM-scaled-e1731866500330-1024x773.jpg?resize=350%2C200&ssl=1 1x, https:\/\/i0.wp.com\/saisfashion.com\/wp-content\/uploads\/2024\/11\/DJI_20241101_114705_592%E2%80%AFAM-scaled-e1731866500330-1024x773.jpg?resize=525%2C300&ssl=1 1.5x, https:\/\/i0.wp.com\/saisfashion.com\/wp-content\/uploads\/2024\/11\/DJI_20241101_114705_592%E2%80%AFAM-scaled-e1731866500330-1024x773.jpg?resize=700%2C400&ssl=1 2x"},"classes":[]}],"jetpack_sharing_enabled":true,"_links":{"self":[{"href":"https:\/\/saisfashion.com\/de\/wp-json\/wp\/v2\/pages\/4478","targetHints":{"allow":["GET"]}}],"collection":[{"href":"https:\/\/saisfashion.com\/de\/wp-json\/wp\/v2\/pages"}],"about":[{"href":"https:\/\/saisfashion.com\/de\/wp-json\/wp\/v2\/types\/page"}],"author":[{"embeddable":true,"href":"https:\/\/saisfashion.com\/de\/wp-json\/wp\/v2\/users\/1"}],"replies":[{"embeddable":true,"href":"https:\/\/saisfashion.com\/de\/wp-json\/wp\/v2\/comments?post=4478"}],"version-history":[{"count":12,"href":"https:\/\/saisfashion.com\/de\/wp-json\/wp\/v2\/pages\/4478\/revisions"}],"predecessor-version":[{"id":6176,"href":"https:\/\/saisfashion.com\/de\/wp-json\/wp\/v2\/pages\/4478\/revisions\/6176"}],"wp:attachment":[{"href":"https:\/\/saisfashion.com\/de\/wp-json\/wp\/v2\/media?parent=4478"}],"curies":[{"name":"wp","href":"https:\/\/api.w.org\/{rel}","templated":true}]}}