{"id":6160,"date":"2025-04-26T07:40:12","date_gmt":"2025-04-26T07:40:12","guid":{"rendered":"https:\/\/saisfashion.com\/?page_id=6160"},"modified":"2025-04-26T11:33:07","modified_gmt":"2025-04-26T11:33:07","slug":"return","status":"publish","type":"page","link":"https:\/\/saisfashion.com\/de\/return\/","title":{"rendered":"R\u00fcckgaben"},"content":{"rendered":"<div data-elementor-type=\"wp-page\" data-elementor-id=\"6160\" class=\"elementor elementor-6160\" data-elementor-post-type=\"page\">\n\t\t\t\t\t\t<section class=\"elementor-section elementor-top-section elementor-element elementor-element-6ad8428 elementor-section-boxed elementor-section-height-default elementor-section-height-default\" data-id=\"6ad8428\" data-element_type=\"section\" data-e-type=\"section\">\n\t\t\t\t\t\t<div class=\"elementor-container elementor-column-gap-default\">\n\t\t\t\t\t<div class=\"elementor-column elementor-col-100 elementor-top-column elementor-element elementor-element-febc692\" data-id=\"febc692\" data-element_type=\"column\" data-e-type=\"column\">\n\t\t\t<div class=\"elementor-widget-wrap elementor-element-populated\">\n\t\t\t\t\t\t<div class=\"elementor-element elementor-element-04ffb77 elementor-widget elementor-widget-heading\" data-id=\"04ffb77\" data-element_type=\"widget\" data-e-type=\"widget\" data-widget_type=\"heading.default\">\n\t\t\t\t<div class=\"elementor-widget-container\">\n\t\t\t\t\t<h2 class=\"elementor-heading-title elementor-size-default\">R\u00fcckgaberichtlinie<\/h2>\t\t\t\t<\/div>\n\t\t\t\t<\/div>\n\t\t\t\t<div class=\"elementor-element elementor-element-d5110c3 elementor-widget elementor-widget-text-editor\" data-id=\"d5110c3\" data-element_type=\"widget\" data-e-type=\"widget\" data-widget_type=\"text-editor.default\">\n\t\t\t\t<div class=\"elementor-widget-container\">\n\t\t\t\t\t\t\t\t\t<p class=\"translation-block\" data-start=\"794\" data-end=\"851\"><em>Um ein Produkt zur\u00fcck zu geben oder umzutauschen oder ein fehlendes oder falsches Produkt zu melden, f\u00fclle bitte diese <a href=\"https:\/\/form.typeform.com\/to\/nmMCxWOW\" target=\"_blank\" rel=\"noopener\">Form<\/a> aus.<\/em><\/p>\t\t\t\t\t\t\t\t<\/div>\n\t\t\t\t<\/div>\n\t\t\t\t<div class=\"elementor-element elementor-element-5faad95 elementor-widget elementor-widget-heading\" data-id=\"5faad95\" data-element_type=\"widget\" data-e-type=\"widget\" data-widget_type=\"heading.default\">\n\t\t\t\t<div class=\"elementor-widget-container\">\n\t\t\t\t\t<h2 class=\"elementor-heading-title elementor-size-default\">R\u00fccksendungen<\/h2>\t\t\t\t<\/div>\n\t\t\t\t<\/div>\n\t\t\t\t<div class=\"elementor-element elementor-element-a35c7d5 elementor-widget elementor-widget-text-editor\" data-id=\"a35c7d5\" data-element_type=\"widget\" data-e-type=\"widget\" data-widget_type=\"text-editor.default\">\n\t\t\t\t<div class=\"elementor-widget-container\">\n\t\t\t\t\t\t\t\t\t<p class=\"\" data-start=\"794\" data-end=\"851\">Wir m\u00f6chten, dass du mit deinem Einkauf bei SAIS rundum zufrieden bist. Solltest du aus irgendeinem Grund mit deinem Artikel nicht gl\u00fccklich sein, kannst du ihn innerhalb von 14 Tagen nach Erhalt zur\u00fcckgeben oder umtauschen.<\/p>\t\t\t\t\t\t\t\t<\/div>\n\t\t\t\t<\/div>\n\t\t\t\t<div class=\"elementor-element elementor-element-4cbf7d2 elementor-widget elementor-widget-heading\" data-id=\"4cbf7d2\" data-element_type=\"widget\" data-e-type=\"widget\" data-widget_type=\"heading.default\">\n\t\t\t\t<div class=\"elementor-widget-container\">\n\t\t\t\t\t<h2 class=\"elementor-heading-title elementor-size-default\">R\u00fcckgabebedingungen<\/h2>\t\t\t\t<\/div>\n\t\t\t\t<\/div>\n\t\t\t\t<div class=\"elementor-element elementor-element-9e047bc elementor-widget elementor-widget-text-editor\" data-id=\"9e047bc\" data-element_type=\"widget\" data-e-type=\"widget\" data-widget_type=\"text-editor.default\">\n\t\t\t\t<div class=\"elementor-widget-container\">\n\t\t\t\t\t\t\t\t\t<p class=\"\" data-start=\"794\" data-end=\"851\">Damit ein Artikel f\u00fcr die R\u00fcckgabe oder den Umtausch in Frage kommt, muss er unbenutzt, ungetragen und in demselben Zustand wie bei Erhalt sein \u2013 inklusive des urspr\u00fcnglichen Hangtags. Der Artikel muss sich au\u00dferdem in der Originalverpackung befinden. Bitte beachte, dass wir uns das Recht vorbehalten, bei sichtbaren Gebrauchsspuren (z. B. Flecken, Tierhaare) eine R\u00fccknahmegeb\u00fchr zu erheben.<\/p>\t\t\t\t\t\t\t\t<\/div>\n\t\t\t\t<\/div>\n\t\t\t\t<div class=\"elementor-element elementor-element-d3a16ea elementor-widget elementor-widget-heading\" data-id=\"d3a16ea\" data-element_type=\"widget\" data-e-type=\"widget\" data-widget_type=\"heading.default\">\n\t\t\t\t<div class=\"elementor-widget-container\">\n\t\t\t\t\t<h2 class=\"elementor-heading-title elementor-size-default\">Ausnahmen von der R\u00fcckgabe<\/h2>\t\t\t\t<\/div>\n\t\t\t\t<\/div>\n\t\t\t\t<div class=\"elementor-element elementor-element-8f810b4 elementor-widget elementor-widget-text-editor\" data-id=\"8f810b4\" data-element_type=\"widget\" data-e-type=\"widget\" data-widget_type=\"text-editor.default\">\n\t\t\t\t<div class=\"elementor-widget-container\">\n\t\t\t\t\t\t\t\t\t<p class=\"\" data-start=\"627\" data-end=\"695\">Einige Artikel sind von der R\u00fcckgabe ausgeschlossen, darunter:<\/p><ul data-start=\"696\" data-end=\"739\"><li class=\"\" data-start=\"696\" data-end=\"708\"><p class=\"\" data-start=\"698\" data-end=\"708\">Geschenkgutscheine<\/p><\/li><li class=\"\" data-start=\"709\" data-end=\"739\"><p class=\"\" data-start=\"711\" data-end=\"739\">Heruntergeladene Softwareprodukte<\/p><\/li><\/ul>\t\t\t\t\t\t\t\t<\/div>\n\t\t\t\t<\/div>\n\t\t\t\t<div class=\"elementor-element elementor-element-9fc8f2b elementor-widget elementor-widget-heading\" data-id=\"9fc8f2b\" data-element_type=\"widget\" data-e-type=\"widget\" data-widget_type=\"heading.default\">\n\t\t\t\t<div class=\"elementor-widget-container\">\n\t\t\t\t\t<h2 class=\"elementor-heading-title elementor-size-default\">R\u00fcckerstattung<\/h2>\t\t\t\t<\/div>\n\t\t\t\t<\/div>\n\t\t\t\t<div class=\"elementor-element elementor-element-c6cbe5a elementor-widget elementor-widget-text-editor\" data-id=\"c6cbe5a\" data-element_type=\"widget\" data-e-type=\"widget\" data-widget_type=\"text-editor.default\">\n\t\t\t\t<div class=\"elementor-widget-container\">\n\t\t\t\t\t\t\t\t\t<p class=\"\" data-start=\"627\" data-end=\"695\">Sobald wir deine R\u00fccksendung erhalten und gepr\u00fcft haben, benachrichtigen wir dich per E-Mail \u00fcber die Genehmigung oder Ablehnung der R\u00fcckerstattung. Ist die R\u00fcckerstattung genehmigt, wird sie auf die urspr\u00fcngliche Zahlungsmethode innerhalb weniger Tage angewiesen.<\/p>\t\t\t\t\t\t\t\t<\/div>\n\t\t\t\t<\/div>\n\t\t\t\t<div class=\"elementor-element elementor-element-199b5a3 elementor-widget elementor-widget-heading\" data-id=\"199b5a3\" data-element_type=\"widget\" data-e-type=\"widget\" data-widget_type=\"heading.default\">\n\t\t\t\t<div class=\"elementor-widget-container\">\n\t\t\t\t\t<h2 class=\"elementor-heading-title elementor-size-default\">Versp\u00e4tete oder fehlende R\u00fcckerstattungen<\/h2>\t\t\t\t<\/div>\n\t\t\t\t<\/div>\n\t\t\t\t<div class=\"elementor-element elementor-element-b023d5e elementor-widget elementor-widget-text-editor\" data-id=\"b023d5e\" data-element_type=\"widget\" data-e-type=\"widget\" data-widget_type=\"text-editor.default\">\n\t\t\t\t<div class=\"elementor-widget-container\">\n\t\t\t\t\t\t\t\t\t<p class=\"\" data-start=\"627\" data-end=\"695\">Wenn du noch keine R\u00fcckerstattung erhalten hast, \u00fcberpr\u00fcfe bitte zun\u00e4chst dein Bankkonto und kontaktiere dein Kreditkartenunternehmen. In einigen F\u00e4llen kann es eine Weile dauern, bis die R\u00fcckerstattung gutgeschrieben wird. Wenn du nach all dem immer noch keine R\u00fcckerstattung erhalten hast, melde dich bitte bei uns unter info@saisfashion.com.<\/p>\t\t\t\t\t\t\t\t<\/div>\n\t\t\t\t<\/div>\n\t\t\t\t<div class=\"elementor-element elementor-element-b9e305f elementor-widget elementor-widget-heading\" data-id=\"b9e305f\" data-element_type=\"widget\" data-e-type=\"widget\" data-widget_type=\"heading.default\">\n\t\t\t\t<div class=\"elementor-widget-container\">\n\t\t\t\t\t<h2 class=\"elementor-heading-title elementor-size-default\">Umtasch<\/h2>\t\t\t\t<\/div>\n\t\t\t\t<\/div>\n\t\t\t\t<div class=\"elementor-element elementor-element-08abfb1 elementor-widget elementor-widget-text-editor\" data-id=\"08abfb1\" data-element_type=\"widget\" data-e-type=\"widget\" data-widget_type=\"text-editor.default\">\n\t\t\t\t<div class=\"elementor-widget-container\">\n\t\t\t\t\t\t\t\t\t<p class=\"\" data-start=\"627\" data-end=\"695\">Du kannst ungetragene und unbesch\u00e4digte Artikel innerhalb von 30 Tagen nach Kauf umtauschen \u2013 entweder gegen ein Produkt im gleichen Wert oder einen Gutscheincode. Die Versandkosten f\u00fcr den Umtausch tr\u00e4gst du. Umtausch auf unsere Kosten erfolgt bei fehlerhaften oder besch\u00e4digten Artikeln, die unter die gesetzliche Gew\u00e4hrleistung fallen. Bitte f\u00fclle f\u00fcr einen Umtausch unser Formular aus.<\/p>\t\t\t\t\t\t\t\t<\/div>\n\t\t\t\t<\/div>\n\t\t\t\t<div class=\"elementor-element elementor-element-9a7aee6 elementor-widget elementor-widget-heading\" data-id=\"9a7aee6\" data-element_type=\"widget\" data-e-type=\"widget\" data-widget_type=\"heading.default\">\n\t\t\t\t<div class=\"elementor-widget-container\">\n\t\t\t\t\t<h2 class=\"elementor-heading-title elementor-size-default\">Geschenke<\/h2>\t\t\t\t<\/div>\n\t\t\t\t<\/div>\n\t\t\t\t<div class=\"elementor-element elementor-element-6d6cd46 elementor-widget elementor-widget-text-editor\" data-id=\"6d6cd46\" data-element_type=\"widget\" data-e-type=\"widget\" data-widget_type=\"text-editor.default\">\n\t\t\t\t<div class=\"elementor-widget-container\">\n\t\t\t\t\t\t\t\t\t<p class=\"\" data-start=\"627\" data-end=\"695\">Wenn du einen Artikel als Geschenk erhalten hast, kannst du ihn gegen einen Gutschein im Wert des Kaufpreises umtauschen. Wenn der Artikel nicht als Geschenk gekennzeichnet war, erfolgt die Erstattung an die schenkende Person.<\/p>\t\t\t\t\t\t\t\t<\/div>\n\t\t\t\t<\/div>\n\t\t\t\t\t<\/div>\n\t\t<\/div>\n\t\t\t\t\t<\/div>\n\t\t<\/section>\n\t\t\t\t<section class=\"elementor-section elementor-top-section elementor-element elementor-element-7e69744 elementor-section-boxed elementor-section-height-default elementor-section-height-default\" data-id=\"7e69744\" data-element_type=\"section\" data-e-type=\"section\" data-settings=\"{&quot;background_background&quot;:&quot;classic&quot;}\">\n\t\t\t\t\t\t<div class=\"elementor-container elementor-column-gap-default\">\n\t\t\t\t\t<div class=\"elementor-column elementor-col-100 elementor-top-column elementor-element elementor-element-056726b\" data-id=\"056726b\" data-element_type=\"column\" data-e-type=\"column\">\n\t\t\t<div class=\"elementor-widget-wrap elementor-element-populated\">\n\t\t\t\t\t\t<div class=\"elementor-element elementor-element-e66ce6f elementor-widget elementor-widget-heading\" data-id=\"e66ce6f\" data-element_type=\"widget\" data-e-type=\"widget\" data-widget_type=\"heading.default\">\n\t\t\t\t<div class=\"elementor-widget-container\">\n\t\t\t\t\t<h2 class=\"elementor-heading-title elementor-size-default\">R\u00fccksendekosten<\/h2>\t\t\t\t<\/div>\n\t\t\t\t<\/div>\n\t\t\t\t<div class=\"elementor-element elementor-element-cb793d7 elementor-widget elementor-widget-text-editor\" data-id=\"cb793d7\" data-element_type=\"widget\" data-e-type=\"widget\" data-widget_type=\"text-editor.default\">\n\t\t\t\t<div class=\"elementor-widget-container\">\n\t\t\t\t\t\t\t\t\t<p>Die R\u00fccksendekosten tr\u00e4gst du. In Deutschland bieten wir dir jedoch die M\u00f6glichkeit, einen Gutscheincode statt einer R\u00fcckerstattung zu erhalten \u2013 in diesem Fall \u00fcbernehmen wir die R\u00fccksendekosten. R\u00fccksendekosten werden nicht erstattet. Wenn du eine R\u00fcckerstattung erh\u00e4ltst, werden die Versandkosten f\u00fcr die R\u00fccksendung von deiner R\u00fcckerstattung abgezogen.<\/p>\t\t\t\t\t\t\t\t<\/div>\n\t\t\t\t<\/div>\n\t\t\t\t<div class=\"elementor-element elementor-element-17348d9 elementor-widget elementor-widget-heading\" data-id=\"17348d9\" data-element_type=\"widget\" data-e-type=\"widget\" data-widget_type=\"heading.default\">\n\t\t\t\t<div class=\"elementor-widget-container\">\n\t\t\t\t\t<h2 class=\"elementor-heading-title elementor-size-default\">R\u00fccksendungen von Nicht-EU-L\u00e4ndern<\/h2>\t\t\t\t<\/div>\n\t\t\t\t<\/div>\n\t\t\t\t<div class=\"elementor-element elementor-element-f5184a2 elementor-widget elementor-widget-text-editor\" data-id=\"f5184a2\" data-element_type=\"widget\" data-e-type=\"widget\" data-widget_type=\"text-editor.default\">\n\t\t\t\t<div class=\"elementor-widget-container\">\n\t\t\t\t\t\t\t\t\t<p class=\"\" data-start=\"2320\" data-end=\"2434\">R\u00fccksendungen aus dem Nicht-EU-Ausland m\u00fcssen vorher bei uns angemeldet werden.<\/p><p class=\"\" data-start=\"2436\" data-end=\"2702\">Die Versanddauer f\u00fcr den Umtausch variiert je nach Land. Wir empfehlen dir, bei R\u00fccksendungen \u00fcber 40 \u20ac einen Versanddienst mit Sendungsverfolgung oder eine Versandversicherung zu nutzen, da wir keine Garantie f\u00fcr den Erhalt des zur\u00fcckgesendeten Artikels \u00fcbernehmen k\u00f6nnen.<\/p>\t\t\t\t\t\t\t\t<\/div>\n\t\t\t\t<\/div>\n\t\t\t\t\t<\/div>\n\t\t<\/div>\n\t\t\t\t\t<\/div>\n\t\t<\/section>\n\t\t\t\t<section class=\"elementor-section elementor-top-section elementor-element elementor-element-e3d8583 elementor-section-boxed elementor-section-height-default elementor-section-height-default\" data-id=\"e3d8583\" data-element_type=\"section\" data-e-type=\"section\" data-settings=\"{&quot;background_background&quot;:&quot;classic&quot;}\">\n\t\t\t\t\t\t<div class=\"elementor-container elementor-column-gap-default\">\n\t\t\t\t\t<div class=\"elementor-column elementor-col-100 elementor-top-column elementor-element elementor-element-0255ad2\" data-id=\"0255ad2\" data-element_type=\"column\" data-e-type=\"column\">\n\t\t\t<div class=\"elementor-widget-wrap elementor-element-populated\">\n\t\t\t\t\t\t<div class=\"elementor-element elementor-element-fc7d506 elementor-widget elementor-widget-heading\" data-id=\"fc7d506\" data-element_type=\"widget\" data-e-type=\"widget\" data-widget_type=\"heading.default\">\n\t\t\t\t<div class=\"elementor-widget-container\">\n\t\t\t\t\t<h2 class=\"elementor-heading-title elementor-size-default\">R\u00fccksendungsadresse<\/h2>\t\t\t\t<\/div>\n\t\t\t\t<\/div>\n\t\t\t\t<div class=\"elementor-element elementor-element-62b3d8e elementor-widget elementor-widget-text-editor\" data-id=\"62b3d8e\" data-element_type=\"widget\" data-e-type=\"widget\" data-widget_type=\"text-editor.default\">\n\t\t\t\t<div class=\"elementor-widget-container\">\n\t\t\t\t\t\t\t\t\t<p class=\"\" data-start=\"2704\" data-end=\"2753\">Bitte sende die Ware an folgende Adresse zur\u00fcck:<\/p><p class=\"\" data-start=\"2755\" data-end=\"2800\"><strong data-start=\"2755\" data-end=\"2771\">SAIS Fashion<br \/><\/strong>Silja Aebersold-Keles<br data-start=\"2771\" data-end=\"2774\" \/>Bahnhofstra\u00dfe 17<br \/>D-69115 Heidelberg<\/p>\t\t\t\t\t\t\t\t<\/div>\n\t\t\t\t<\/div>\n\t\t\t\t\t<\/div>\n\t\t<\/div>\n\t\t\t\t\t<\/div>\n\t\t<\/section>\n\t\t\t\t<\/div>","protected":false},"excerpt":{"rendered":"<p>Return Policy To return or exchange an item or report a missing or mistaken item, please fill out this form&#8230;.<\/p>","protected":false},"author":1,"featured_media":0,"parent":0,"menu_order":0,"comment_status":"closed","ping_status":"closed","template":"","meta":{"footnotes":""},"class_list":["post-6160","page","type-page","status-publish","hentry"],"jetpack-related-posts":[{"id":6177,"url":"https:\/\/saisfashion.com\/de\/withdrawal-policy\/","url_meta":{"origin":6160,"position":0},"title":"Widerrufsbelehrung","author":"Silja","date":"26.04.2025","format":false,"excerpt":"Right of Withdrawal To exercise your right to withdrawal, please fill out this form. Right of Withdrawal Consumer means any natural person who enters into a legal transaction for purposes that are predominantly outside their trade, business, craft, or profession.You have the right to withdraw from this contract within fourteen\u2026","rel":"","context":"\u00c4hnlicher Beitrag","block_context":{"text":"\u00c4hnlicher Beitrag","link":""},"img":{"alt_text":"","src":"","width":0,"height":0},"classes":[]},{"id":2349,"url":"https:\/\/saisfashion.com\/de\/clothing-wholesale\/","url_meta":{"origin":6160,"position":1},"title":"Modest Fashion Gro\u00dfhandel","author":"Silja","date":"27.01.2024","format":false,"excerpt":"Wholesale of Our Designs We offer wholesale of all our models. Reach out to us to inquire about the prices!If you are in Europe, the US, Canada, or Australia, you can purchase our models at competitive prices in our FAIRE shop. Wholesale of Your Custom Designs Are you a retailer\u2026","rel":"","context":"\u00c4hnlicher Beitrag","block_context":{"text":"\u00c4hnlicher Beitrag","link":""},"img":{"alt_text":"","src":"","width":0,"height":0},"classes":[]},{"id":5592,"url":"https:\/\/saisfashion.com\/de\/","url_meta":{"origin":6160,"position":2},"title":"Home","author":"Silja","date":"20.04.2025","format":false,"excerpt":"Click here Click here Rated 9.9\/10 on the retail platform Trendyol Over 1500 happy customers and their kids! Click here Click here Rated 9.9\/10 on Trendyol Over 1500 happy customers and their kids Free shipping on orders above EUR 65Return within 30 daysComfort guarantee FREE shipping on orders above EUR\u2026","rel":"","context":"\u00c4hnlicher Beitrag","block_context":{"text":"\u00c4hnlicher Beitrag","link":""},"img":{"alt_text":"","src":"https:\/\/i0.wp.com\/saisfashion.com\/wp-content\/uploads\/2025\/04\/Trendyol_online-1024x345.png?resize=350%2C200&ssl=1","width":350,"height":200,"srcset":"https:\/\/i0.wp.com\/saisfashion.com\/wp-content\/uploads\/2025\/04\/Trendyol_online-1024x345.png?resize=350%2C200&ssl=1 1x, https:\/\/i0.wp.com\/saisfashion.com\/wp-content\/uploads\/2025\/04\/Trendyol_online-1024x345.png?resize=525%2C300&ssl=1 1.5x, https:\/\/i0.wp.com\/saisfashion.com\/wp-content\/uploads\/2025\/04\/Trendyol_online-1024x345.png?resize=700%2C400&ssl=1 2x"},"classes":[]},{"id":6638,"url":"https:\/\/saisfashion.com\/de\/newsletter\/","url_meta":{"origin":6160,"position":3},"title":"Newsletter","author":"Silja","date":"12.06.2025","format":false,"excerpt":"SAIS Newsletter Register and benefit from special deals, pre sales, and exclusive advise regarding sustainability and long-lasting fashion.You will get a discount of 10% on your first order to start with!\u261d\ufe0fImportant: After subscribing you will receive a link to confirm your subscription to the newsletter. Please check your spam folder\u2026","rel":"","context":"\u00c4hnlicher Beitrag","block_context":{"text":"\u00c4hnlicher Beitrag","link":""},"img":{"alt_text":"","src":"","width":0,"height":0},"classes":[]},{"id":6155,"url":"https:\/\/saisfashion.com\/de\/shipping\/","url_meta":{"origin":6160,"position":4},"title":"Versand","author":"Silja","date":"26.04.2025","format":false,"excerpt":"Shipping Information \ud83d\udce6 Shipping Costs \ud83c\udde9\ud83c\uddea Germany: \u20ac5.99 (free shipping for orders over \u20ac65)\ud83c\uddea\ud83c\uddfa European countries (incl.\u00a0\ud83c\udde8\ud83c\udded Switzerland): \u20ac11.99 (free shipping for orders over \u20ac80)\ud83c\udf0d International: \u20ac19.99 Delivery Time Within Germany: approx. 2\u20133 business days International delivery times may vary. Please check individual product pages for specific shipping information. Pre\u2026","rel":"","context":"\u00c4hnlicher Beitrag","block_context":{"text":"\u00c4hnlicher Beitrag","link":""},"img":{"alt_text":"","src":"","width":0,"height":0},"classes":[]},{"id":4478,"url":"https:\/\/saisfashion.com\/de\/imprint\/","url_meta":{"origin":6160,"position":5},"title":"Impressum","author":"Silja","date":"19.11.2024","format":false,"excerpt":"Imprint Information in accordance with Section 5 of the Telemedia Act (TMG):SAIS FashionSilja Aebersold-KelesBahnhofstra\u00dfe 1769115 HeidelbergDependent branch:Concept store HeartWork, Untere Stra\u00dfe 2, 69117 Heidelberg\u00a0Represented by: Silja Aebersold-KelesContact:+49 176 66477790info@saisfashion.comCopyrights:The content and works on these pages created by the site operators are subject to German copyright law. Reproduction, processing, distribution, and\u2026","rel":"","context":"\u00c4hnlicher Beitrag","block_context":{"text":"\u00c4hnlicher Beitrag","link":""},"img":{"alt_text":"","src":"","width":0,"height":0},"classes":[]}],"jetpack_sharing_enabled":true,"_links":{"self":[{"href":"https:\/\/saisfashion.com\/de\/wp-json\/wp\/v2\/pages\/6160","targetHints":{"allow":["GET"]}}],"collection":[{"href":"https:\/\/saisfashion.com\/de\/wp-json\/wp\/v2\/pages"}],"about":[{"href":"https:\/\/saisfashion.com\/de\/wp-json\/wp\/v2\/types\/page"}],"author":[{"embeddable":true,"href":"https:\/\/saisfashion.com\/de\/wp-json\/wp\/v2\/users\/1"}],"replies":[{"embeddable":true,"href":"https:\/\/saisfashion.com\/de\/wp-json\/wp\/v2\/comments?post=6160"}],"version-history":[{"count":13,"href":"https:\/\/saisfashion.com\/de\/wp-json\/wp\/v2\/pages\/6160\/revisions"}],"predecessor-version":[{"id":6200,"href":"https:\/\/saisfashion.com\/de\/wp-json\/wp\/v2\/pages\/6160\/revisions\/6200"}],"wp:attachment":[{"href":"https:\/\/saisfashion.com\/de\/wp-json\/wp\/v2\/media?parent=6160"}],"curies":[{"name":"wp","href":"https:\/\/api.w.org\/{rel}","templated":true}]}}