{"id":6638,"date":"2025-06-12T06:37:41","date_gmt":"2025-06-12T06:37:41","guid":{"rendered":"https:\/\/saisfashion.com\/?page_id=6638"},"modified":"2025-06-23T19:50:49","modified_gmt":"2025-06-23T19:50:49","slug":"newsletter","status":"publish","type":"page","link":"https:\/\/saisfashion.com\/de\/newsletter\/","title":{"rendered":"Newsletter"},"content":{"rendered":"\t\t<div data-elementor-type=\"wp-page\" data-elementor-id=\"6638\" class=\"elementor elementor-6638\" data-elementor-post-type=\"page\">\n\t\t\t\t<div class=\"elementor-element elementor-element-ac85a67 e-con-full e-flex e-con e-parent\" data-id=\"ac85a67\" data-element_type=\"container\" data-e-type=\"container\" data-settings=\"{&quot;background_background&quot;:&quot;classic&quot;}\">\n\t\t\t\t<div class=\"elementor-element elementor-element-4f6bbec elementor-widget elementor-widget-heading\" data-id=\"4f6bbec\" data-element_type=\"widget\" data-e-type=\"widget\" data-widget_type=\"heading.default\">\n\t\t\t\t<div class=\"elementor-widget-container\">\n\t\t\t\t\t<h2 class=\"elementor-heading-title elementor-size-default\">SAIS Newsletter<\/h2>\t\t\t\t<\/div>\n\t\t\t\t<\/div>\n\t\t\t\t<div class=\"elementor-element elementor-element-7517218 elementor-widget elementor-widget-text-editor\" data-id=\"7517218\" data-element_type=\"widget\" data-e-type=\"widget\" data-widget_type=\"text-editor.default\">\n\t\t\t\t<div class=\"elementor-widget-container\">\n\t\t\t\t\t\t\t\t\t<p style=\"text-align: center;\"><em>Register and benefit from special deals, pre sales, and exclusive advise regarding sustainability and long-lasting fashion.<\/em><\/p><p style=\"text-align: center;\"><em>You will get a discount of 10% on your first order to start with!<\/em><\/p>\t\t\t\t\t\t\t\t<\/div>\n\t\t\t\t<\/div>\n\t\t\t\t<div class=\"elementor-element elementor-element-0a85722 elementor-button-align-stretch elementor-widget elementor-widget-form\" data-id=\"0a85722\" data-element_type=\"widget\" data-e-type=\"widget\" data-settings=\"{&quot;step_next_label&quot;:&quot;Next&quot;,&quot;step_previous_label&quot;:&quot;Previous&quot;,&quot;button_width&quot;:&quot;100&quot;,&quot;step_type&quot;:&quot;number_text&quot;,&quot;step_icon_shape&quot;:&quot;circle&quot;}\" data-widget_type=\"form.default\">\n\t\t\t\t<div class=\"elementor-widget-container\">\n\t\t\t\t\t\t\t<form class=\"elementor-form\" method=\"post\" name=\"New Form\" aria-label=\"New Form\">\n\t\t\t<input type=\"hidden\" name=\"post_id\" value=\"6638\"\/>\n\t\t\t<input type=\"hidden\" name=\"form_id\" value=\"0a85722\"\/>\n\t\t\t<input type=\"hidden\" name=\"referer_title\" value=\"Newsletter - SAIS Fashion\" \/>\n\n\t\t\t\t\t\t\t<input type=\"hidden\" name=\"queried_id\" value=\"6638\"\/>\n\t\t\t\n\t\t\t<div class=\"elementor-form-fields-wrapper elementor-labels-above\">\n\t\t\t\t\t\t\t\t<div class=\"elementor-field-type-text elementor-field-group elementor-column elementor-field-group-name elementor-col-100 elementor-field-required\">\n\t\t\t\t\t\t\t\t\t\t\t\t<label for=\"form-field-name\" class=\"elementor-field-label\">\n\t\t\t\t\t\t\t\tName\t\t\t\t\t\t\t<\/label>\n\t\t\t\t\t\t\t\t\t\t\t\t\t\t<input size=\"1\" type=\"text\" name=\"form_fields[name]\" id=\"form-field-name\" class=\"elementor-field elementor-size-sm  elementor-field-textual\" placeholder=\"Name\" required=\"required\">\n\t\t\t\t\t\t\t\t\t\t\t<\/div>\n\t\t\t\t\t\t\t\t<div class=\"elementor-field-type-email elementor-field-group elementor-column elementor-field-group-email elementor-col-100 elementor-field-required\">\n\t\t\t\t\t\t\t\t\t\t\t\t<label for=\"form-field-email\" class=\"elementor-field-label\">\n\t\t\t\t\t\t\t\tEmail\t\t\t\t\t\t\t<\/label>\n\t\t\t\t\t\t\t\t\t\t\t\t\t\t<input size=\"1\" type=\"email\" name=\"form_fields[email]\" id=\"form-field-email\" class=\"elementor-field elementor-size-sm  elementor-field-textual\" placeholder=\"Email\" required=\"required\">\n\t\t\t\t\t\t\t\t\t\t\t<\/div>\n\t\t\t\t\t\t\t\t<div class=\"elementor-field-type-recaptcha_v3 elementor-field-group elementor-column elementor-field-group-field_7524fe4 elementor-col-100 recaptcha_v3-bottomright\">\n\t\t\t\t\t<div class=\"elementor-field\" id=\"form-field-field_7524fe4\"><div class=\"elementor-g-recaptcha\" data-sitekey=\"6Lc-A2srAAAAAPiM_f5BXAAJBkh4mdpJsalLXQYp\" data-type=\"v3\" data-action=\"Form\" data-badge=\"bottomright\" data-size=\"invisible\"><\/div><\/div>\t\t\t\t<\/div>\n\t\t\t\t\t\t\t\t<div class=\"elementor-field-group elementor-column elementor-field-type-submit elementor-col-100 e-form__buttons\">\n\t\t\t\t\t<button class=\"elementor-button elementor-size-sm\" type=\"submit\">\n\t\t\t\t\t\t<span class=\"elementor-button-content-wrapper\">\n\t\t\t\t\t\t\t\t\t\t\t\t\t\t\t\t\t\t\t\t\t\t<span class=\"elementor-button-text\">Subscribe<\/span>\n\t\t\t\t\t\t\t\t\t\t\t\t\t<\/span>\n\t\t\t\t\t<\/button>\n\t\t\t\t<\/div>\n\t\t\t<\/div>\n\t\t<\/form>\n\t\t\t\t\t\t<\/div>\n\t\t\t\t<\/div>\n\t\t\t\t<div class=\"elementor-element elementor-element-7c12c41 elementor-hidden-desktop elementor-hidden-tablet elementor-hidden-mobile elementor-widget elementor-widget-text-editor\" data-id=\"7c12c41\" data-element_type=\"widget\" data-e-type=\"widget\" data-widget_type=\"text-editor.default\">\n\t\t\t\t<div class=\"elementor-widget-container\">\n\t\t\t\t\t\t\t\t\t<p style=\"text-align: left;\">\u261d\ufe0fImportant: After subscribing you will receive a link to confirm your subscription to the newsletter. Please check your spam folder too.<\/p><p>By subscribing to the newsletter you confirm that you agree with the <a href=\"http:\/\/www.saisfashion.com\/privacy-policy\">privacy policy<\/a>. The discount is valid only for new customers.<\/p>\t\t\t\t\t\t\t\t<\/div>\n\t\t\t\t<\/div>\n\t\t\t\t<\/div>\n\t\t\t\t<\/div>\n\t\t","protected":false},"excerpt":{"rendered":"<p>SAIS Newsletter Register and benefit from special deals, pre sales, and exclusive advise regarding sustainability and long-lasting fashion. You will&#8230;<\/p>","protected":false},"author":1,"featured_media":0,"parent":0,"menu_order":0,"comment_status":"closed","ping_status":"closed","template":"","meta":{"footnotes":""},"class_list":["post-6638","page","type-page","status-publish","hentry"],"jetpack-related-posts":[{"id":5592,"url":"https:\/\/saisfashion.com\/de\/","url_meta":{"origin":6638,"position":0},"title":"Home","author":"Silja","date":"20.04.2025","format":false,"excerpt":"Click here Click here Rated 9.9\/10 on the retail platform Trendyol Over 1500 happy customers and their kids! Click here Click here Rated 9.9\/10 on Trendyol Over 1500 happy customers and their kids Free shipping on orders above EUR 65Return within 30 daysComfort guarantee FREE shipping on orders above EUR\u2026","rel":"","context":"\u00c4hnlicher Beitrag","block_context":{"text":"\u00c4hnlicher Beitrag","link":""},"img":{"alt_text":"","src":"https:\/\/i0.wp.com\/saisfashion.com\/wp-content\/uploads\/2025\/04\/Trendyol_online-1024x345.png?resize=350%2C200&ssl=1","width":350,"height":200,"srcset":"https:\/\/i0.wp.com\/saisfashion.com\/wp-content\/uploads\/2025\/04\/Trendyol_online-1024x345.png?resize=350%2C200&ssl=1 1x, https:\/\/i0.wp.com\/saisfashion.com\/wp-content\/uploads\/2025\/04\/Trendyol_online-1024x345.png?resize=525%2C300&ssl=1 1.5x, https:\/\/i0.wp.com\/saisfashion.com\/wp-content\/uploads\/2025\/04\/Trendyol_online-1024x345.png?resize=700%2C400&ssl=1 2x"},"classes":[]},{"id":6346,"url":"https:\/\/saisfashion.com\/de\/thank-you\/","url_meta":{"origin":6638,"position":1},"title":"Thank you page","author":"Silja","date":"28.04.2025","format":false,"excerpt":"Willkommen bei SAIS! Du findest den Rabattcode in deiner Inbox. Viel Spa\u00df beim Shoppen! Welcome to SAIS! You will find the discount code in your inbox. Happy shopping!","rel":"","context":"\u00c4hnlicher Beitrag","block_context":{"text":"\u00c4hnlicher Beitrag","link":""},"img":{"alt_text":"","src":"","width":0,"height":0},"classes":[]},{"id":3,"url":"https:\/\/saisfashion.com\/de\/data-protection-policy\/","url_meta":{"origin":6638,"position":2},"title":"Datenschutzrichtlinie","author":"Silja","date":"01.01.2023","format":false,"excerpt":"Datenschutzerkl\u00e4rung Inhalts\u00fcbersicht Pr\u00e4ambelVerantwortlicher\u00dcbersicht der VerarbeitungenMa\u00dfgebliche Rechtsgrundlagen\u00dcbermittlung von personenbezogenen DatenInternationale DatentransfersAllgemeine Informationen zur Datenspeicherung und L\u00f6schungRechte der betroffenen PersonenGesch\u00e4ftliche LeistungenGesch\u00e4ftsprozesse und -verfahrenZahlungsverfahrenBereitstellung des Onlineangebots und WebhostingEinsatz von CookiesBlogs und PublikationsmedienKontakt- und AnfrageverwaltungNewsletter und elektronische BenachrichtigungenWerbliche Kommunikation via E-MailWebanalyse, Monitoring und OptimierungOnlinemarketingKundenrezensionen und BewertungsverfahrenPr\u00e4senzen in sozialen Netzwerken (Social Media)Plug-ins und eingebettete Funktionen\u2026","rel":"","context":"\u00c4hnlicher Beitrag","block_context":{"text":"\u00c4hnlicher Beitrag","link":""},"img":{"alt_text":"","src":"","width":0,"height":0},"classes":[]}],"jetpack_sharing_enabled":true,"_links":{"self":[{"href":"https:\/\/saisfashion.com\/de\/wp-json\/wp\/v2\/pages\/6638","targetHints":{"allow":["GET"]}}],"collection":[{"href":"https:\/\/saisfashion.com\/de\/wp-json\/wp\/v2\/pages"}],"about":[{"href":"https:\/\/saisfashion.com\/de\/wp-json\/wp\/v2\/types\/page"}],"author":[{"embeddable":true,"href":"https:\/\/saisfashion.com\/de\/wp-json\/wp\/v2\/users\/1"}],"replies":[{"embeddable":true,"href":"https:\/\/saisfashion.com\/de\/wp-json\/wp\/v2\/comments?post=6638"}],"version-history":[{"count":22,"href":"https:\/\/saisfashion.com\/de\/wp-json\/wp\/v2\/pages\/6638\/revisions"}],"predecessor-version":[{"id":6761,"href":"https:\/\/saisfashion.com\/de\/wp-json\/wp\/v2\/pages\/6638\/revisions\/6761"}],"wp:attachment":[{"href":"https:\/\/saisfashion.com\/de\/wp-json\/wp\/v2\/media?parent=6638"}],"curies":[{"name":"wp","href":"https:\/\/api.w.org\/{rel}","templated":true}]}}