{"id":1385,"date":"2023-05-09T12:14:23","date_gmt":"2023-05-09T12:14:23","guid":{"rendered":"https:\/\/saisfashion.com\/?post_type=product&#038;p=1385"},"modified":"2025-06-17T13:55:39","modified_gmt":"2025-06-17T13:55:39","slug":"wrap-dress-women","status":"publish","type":"product","link":"https:\/\/saisfashion.com\/de\/produkt\/wrap-dress-women\/","title":{"rendered":"Maxi-Kleid in Wickeloptik"},"content":{"rendered":"<p class=\"translation-block\">Dieses Kleid ist l\u00e4ssig und zugleich verspielt \u2013 mit einem Wickel-Look vorne und kleinen R\u00fcschen am Saum. Es hat einen elastischen Bund f\u00fcr maximalen Komfort. Das Kleid besteht aus 100% Leinen. Ein eingen\u00e4htes Unterkleid (100% Polyester) sorgt daf\u00fcr, dass es nicht durchsichtig ist. Das Kleid passt zum \u00e4rmellosen Wickelkleid f\u00fcr M\u00e4dchen in Pearl und Tan.<\/p>","protected":false},"excerpt":{"rendered":"<p><strong>Fair &amp; nachhaltig hergestellt<\/strong><\/p>\n<p><strong>Weicher Stoff<\/strong><\/p>\n<p><strong>Liebevolle Details<\/strong><\/p>\n<p><strong>\u00dcberraschungsgeschenk bei Bestellungen \u00fcber 80 EUR<\/strong><\/p>\n<p><strong>GRATIS Versand auf Bestellungen \u00fcber 65 EUR<\/strong><\/p>","protected":false},"featured_media":1519,"comment_status":"closed","ping_status":"closed","template":"","meta":[],"product_brand":[],"product_cat":[176,16],"product_tag":[],"class_list":{"0":"post-1385","1":"product","2":"type-product","3":"status-publish","4":"has-post-thumbnail","6":"product_cat-abaya-dresses-skirts","7":"product_cat-clothing-women","8":"pa_color-pearl","9":"pa_color-tan","10":"pa_size-extra-large","11":"pa_size-large","12":"pa_size-medium","13":"pa_size-small","15":"first","16":"instock","17":"shipping-taxable","18":"purchasable","19":"product-type-variable","20":"has-default-attributes"},"jetpack-related-posts":[{"id":1392,"url":"https:\/\/saisfashion.com\/de\/produkt\/wrap-linen-dress-girls\/","url_meta":{"origin":1385,"position":0},"title":"\u00c4rmelloses Leinenkleid in Wickel-Optik","author":"Silja","date":"03.05.2025","format":false,"excerpt":"Fair & ethically made Breathable fabric Lovely details Surprise GIFT for orders above EUR 80 FREE shipping for orders above EUR 65","rel":"","context":"\u00c4hnlicher Beitrag","block_context":{"text":"\u00c4hnlicher Beitrag","link":""},"img":{"alt_text":"","src":"https:\/\/i0.wp.com\/saisfashion.com\/wp-content\/uploads\/2023\/05\/DSC_4383.jpg?fit=801%2C1200&ssl=1&resize=350%2C200","width":350,"height":200,"srcset":"https:\/\/i0.wp.com\/saisfashion.com\/wp-content\/uploads\/2023\/05\/DSC_4383.jpg?fit=801%2C1200&ssl=1&resize=350%2C200 1x, https:\/\/i0.wp.com\/saisfashion.com\/wp-content\/uploads\/2023\/05\/DSC_4383.jpg?fit=801%2C1200&ssl=1&resize=525%2C300 1.5x, https:\/\/i0.wp.com\/saisfashion.com\/wp-content\/uploads\/2023\/05\/DSC_4383.jpg?fit=801%2C1200&ssl=1&resize=700%2C400 2x"},"classes":[]},{"id":4954,"url":"https:\/\/saisfashion.com\/de\/produkt\/traditional-embroidery-dress\/","url_meta":{"origin":1385,"position":1},"title":"Traditionell besticktes Kleid in Schwarz und Wei\u00df","author":"Silja","date":"16.05.2025","format":false,"excerpt":"Fair & ethically made Soft fabric Beautiful embroidery Surprise GIFT for orders above EUR 80 FREE shipping for orders above EUR 65","rel":"","context":"Mit 4 Kommentaren","block_context":{"text":"Mit 4 Kommentaren","link":"https:\/\/saisfashion.com\/de\/produkt\/traditional-embroidery-dress\/#comments"},"img":{"alt_text":"Palestinian Embroidery Dress","src":"https:\/\/i0.wp.com\/saisfashion.com\/wp-content\/uploads\/2025\/02\/DSCF1077-scaled.jpg?fit=802%2C1200&ssl=1&resize=350%2C200","width":350,"height":200,"srcset":"https:\/\/i0.wp.com\/saisfashion.com\/wp-content\/uploads\/2025\/02\/DSCF1077-scaled.jpg?fit=802%2C1200&ssl=1&resize=350%2C200 1x, https:\/\/i0.wp.com\/saisfashion.com\/wp-content\/uploads\/2025\/02\/DSCF1077-scaled.jpg?fit=802%2C1200&ssl=1&resize=525%2C300 1.5x, https:\/\/i0.wp.com\/saisfashion.com\/wp-content\/uploads\/2025\/02\/DSCF1077-scaled.jpg?fit=802%2C1200&ssl=1&resize=700%2C400 2x"},"classes":[]},{"id":3935,"url":"https:\/\/saisfashion.com\/de\/produkt\/corduroy-dress-with-buttons-for-girls\/","url_meta":{"origin":1385,"position":2},"title":"Cord-Kleid mit Kn\u00f6pfen f\u00fcr M\u00e4dchen","author":"Silja","date":"14.11.2024","format":false,"excerpt":"Fair & ethically made Soft & robust fabric Lovely details Surprise GIFT for orders above EUR 80 FREE shipping for orders above EUR 65","rel":"","context":"\u00c4hnlicher Beitrag","block_context":{"text":"\u00c4hnlicher Beitrag","link":""},"img":{"alt_text":"","src":"https:\/\/i0.wp.com\/saisfashion.com\/wp-content\/uploads\/2024\/10\/ALI06456.jpg?fit=800%2C1200&ssl=1&resize=350%2C200","width":350,"height":200,"srcset":"https:\/\/i0.wp.com\/saisfashion.com\/wp-content\/uploads\/2024\/10\/ALI06456.jpg?fit=800%2C1200&ssl=1&resize=350%2C200 1x, https:\/\/i0.wp.com\/saisfashion.com\/wp-content\/uploads\/2024\/10\/ALI06456.jpg?fit=800%2C1200&ssl=1&resize=525%2C300 1.5x, https:\/\/i0.wp.com\/saisfashion.com\/wp-content\/uploads\/2024\/10\/ALI06456.jpg?fit=800%2C1200&ssl=1&resize=700%2C400 2x"},"classes":[]},{"id":6334,"url":"https:\/\/saisfashion.com\/de\/produkt\/smocked-cotton-maxi-dress\/","url_meta":{"origin":1385,"position":3},"title":"Gesmoktes Baumwoll-Maxi-Kleid mit G\u00fcrtel","author":"Silja","date":"28.04.2025","format":false,"excerpt":"Fair & ethically made Soft fabric Elegant & practical Surprise GIFT for orders above EUR 80 FREE shipping for orders above EUR 65 \u00a0 Model is 164cm and 52kg and wears S.","rel":"","context":"Mit 1 Kommentar","block_context":{"text":"Mit 1 Kommentar","link":"https:\/\/saisfashion.com\/de\/produkt\/smocked-cotton-maxi-dress\/#comments"},"img":{"alt_text":"","src":"https:\/\/i0.wp.com\/saisfashion.com\/wp-content\/uploads\/2025\/04\/IMG_3096-scaled.jpg?fit=900%2C1200&ssl=1&resize=350%2C200","width":350,"height":200,"srcset":"https:\/\/i0.wp.com\/saisfashion.com\/wp-content\/uploads\/2025\/04\/IMG_3096-scaled.jpg?fit=900%2C1200&ssl=1&resize=350%2C200 1x, https:\/\/i0.wp.com\/saisfashion.com\/wp-content\/uploads\/2025\/04\/IMG_3096-scaled.jpg?fit=900%2C1200&ssl=1&resize=525%2C300 1.5x, https:\/\/i0.wp.com\/saisfashion.com\/wp-content\/uploads\/2025\/04\/IMG_3096-scaled.jpg?fit=900%2C1200&ssl=1&resize=700%2C400 2x"},"classes":[]},{"id":6917,"url":"https:\/\/saisfashion.com\/de\/produkt\/mommy-me-set-aurelia-abaya-girls-dress\/","url_meta":{"origin":1385,"position":4},"title":"Mommy &amp; Me Set \u201cAurelia\u201d: Abaya + Kleid f\u00fcr M\u00e4dchen","author":"Silja","date":"15.08.2025","format":false,"excerpt":"Perfectly matching mommy-and-me outfit 100% GOTS certified cotton Fair & ethically made Surprise GIFT for orders above EUR 80 FREE shipping for orders above EUR 65","rel":"","context":"\u00c4hnlicher Beitrag","block_context":{"text":"\u00c4hnlicher Beitrag","link":""},"img":{"alt_text":"","src":"https:\/\/i0.wp.com\/saisfashion.com\/wp-content\/uploads\/2025\/08\/22-scaled.jpg?fit=800%2C1200&ssl=1&resize=350%2C200","width":350,"height":200,"srcset":"https:\/\/i0.wp.com\/saisfashion.com\/wp-content\/uploads\/2025\/08\/22-scaled.jpg?fit=800%2C1200&ssl=1&resize=350%2C200 1x, https:\/\/i0.wp.com\/saisfashion.com\/wp-content\/uploads\/2025\/08\/22-scaled.jpg?fit=800%2C1200&ssl=1&resize=525%2C300 1.5x, https:\/\/i0.wp.com\/saisfashion.com\/wp-content\/uploads\/2025\/08\/22-scaled.jpg?fit=800%2C1200&ssl=1&resize=700%2C400 2x"},"classes":[]},{"id":3944,"url":"https:\/\/saisfashion.com\/de\/produkt\/oversize-cotton-hoodie-dress-for-girls\/","url_meta":{"origin":1385,"position":5},"title":"Oversized Hoodie-Kleid aus Baumwolle f\u00fcr M\u00e4dchen","author":"Silja","date":"02.11.2024","format":false,"excerpt":"Fluffy from the inside, stylish from the outside Durable & robust Fair & ethically made Surprise GIFT for orders above EUR 80 FREE shipping for orders above EUR 65","rel":"","context":"Mit 1 Kommentar","block_context":{"text":"Mit 1 Kommentar","link":"https:\/\/saisfashion.com\/de\/produkt\/oversize-cotton-hoodie-dress-for-girls\/#comments"},"img":{"alt_text":"","src":"https:\/\/i0.wp.com\/saisfashion.com\/wp-content\/uploads\/2024\/10\/ALI06356-copy.jpg?fit=800%2C1200&ssl=1&resize=350%2C200","width":350,"height":200,"srcset":"https:\/\/i0.wp.com\/saisfashion.com\/wp-content\/uploads\/2024\/10\/ALI06356-copy.jpg?fit=800%2C1200&ssl=1&resize=350%2C200 1x, https:\/\/i0.wp.com\/saisfashion.com\/wp-content\/uploads\/2024\/10\/ALI06356-copy.jpg?fit=800%2C1200&ssl=1&resize=525%2C300 1.5x, https:\/\/i0.wp.com\/saisfashion.com\/wp-content\/uploads\/2024\/10\/ALI06356-copy.jpg?fit=800%2C1200&ssl=1&resize=700%2C400 2x"},"classes":[]}],"jetpack_sharing_enabled":true,"_links":{"self":[{"href":"https:\/\/saisfashion.com\/de\/wp-json\/wp\/v2\/product\/1385","targetHints":{"allow":["GET"]}}],"collection":[{"href":"https:\/\/saisfashion.com\/de\/wp-json\/wp\/v2\/product"}],"about":[{"href":"https:\/\/saisfashion.com\/de\/wp-json\/wp\/v2\/types\/product"}],"replies":[{"embeddable":true,"href":"https:\/\/saisfashion.com\/de\/wp-json\/wp\/v2\/comments?post=1385"}],"wp:featuredmedia":[{"embeddable":true,"href":"https:\/\/saisfashion.com\/de\/wp-json\/wp\/v2\/media\/1519"}],"wp:attachment":[{"href":"https:\/\/saisfashion.com\/de\/wp-json\/wp\/v2\/media?parent=1385"}],"wp:term":[{"taxonomy":"product_brand","embeddable":true,"href":"https:\/\/saisfashion.com\/de\/wp-json\/wp\/v2\/product_brand?post=1385"},{"taxonomy":"product_cat","embeddable":true,"href":"https:\/\/saisfashion.com\/de\/wp-json\/wp\/v2\/product_cat?post=1385"},{"taxonomy":"product_tag","embeddable":true,"href":"https:\/\/saisfashion.com\/de\/wp-json\/wp\/v2\/product_tag?post=1385"}],"curies":[{"name":"wp","href":"https:\/\/api.w.org\/{rel}","templated":true}]}}