{"id":2406,"date":"2025-05-03T09:43:21","date_gmt":"2025-05-03T09:43:21","guid":{"rendered":"https:\/\/saisfashion.com\/?post_type=product&#038;p=2406"},"modified":"2025-11-22T05:57:18","modified_gmt":"2025-11-22T05:57:18","slug":"set-with-pleated-skirt","status":"publish","type":"product","link":"https:\/\/saisfashion.com\/de\/produkt\/set-with-pleated-skirt\/","title":{"rendered":"Zweiteiler mit Plisseerock"},"content":{"rendered":"<p class=\"\" data-start=\"57\" data-end=\"382\">Diese vielseitige Zweiteiler mit plissiertem Rock ist perfekt f\u00fcr verschiedene Anl\u00e4sse. Das lange Oberteil bietet dir die Freiheit, mit verschiedenen Styles zu spielen \u2013 stecke es in den Rock, lasse es locker dar\u00fcber fallen oder binde es mit einem G\u00fcrtel f\u00fcr festliche Anl\u00e4sse oder entspannte Kaffeeklatsch. Die Styling-M\u00f6glichkeiten sind grenzenlos!<\/p>\n<p class=\"\" data-start=\"57\" data-end=\"382\"><strong data-start=\"384\" data-end=\"407\">Weshalb ihr es lieben werdet:<\/strong><\/p>\n<ul>\n<li data-start=\"384\" data-end=\"407\" class=\"translation-block\"><strong data-start=\"411\" data-end=\"432\">Vielseitiges Styling<\/strong>: Das lange Oberteil kann auf verschiedene Arten getragen werden und ist somit perfekt f\u00fcr jede Gelegenheit.<\/li>\n<li data-start=\"384\" data-end=\"407\" class=\"translation-block\"><strong data-start=\"517\" data-end=\"535\">Elegant &amp; schick<\/strong>: Der plissierte Rock verleiht dem Set eine zus\u00e4tzliche Portion Raffinesse.<\/li>\n<li data-start=\"384\" data-end=\"407\" class=\"translation-block\"><strong data-start=\"602\" data-end=\"624\">Oversized Komfort<\/strong>: Der oversized Schnitt und der komplett blickdichte Stoff sorgen den ganzen Tag f\u00fcr ein angenehmes Tragegef\u00fchl.<\/li>\n<li data-start=\"384\" data-end=\"407\" class=\"translation-block\"><strong data-start=\"700\" data-end=\"721\">Erfrischende Farben<\/strong>: Erh\u00e4ltlich in Aqua-Blau und elegantem Beige \u2013 perfekt f\u00fcr jede Garderobe.<\/li>\n<\/ul>\n<p class=\"\" data-start=\"793\" data-end=\"805\"><strong data-start=\"793\" data-end=\"805\">Details:<\/strong><\/p>\n<ul>\n<li data-start=\"793\" data-end=\"805\" class=\"translation-block\"><strong>Farben<\/strong>: Aqua-Blau, Beige<\/li>\n<li data-start=\"793\" data-end=\"805\" class=\"translation-block\"><strong data-start=\"988\" data-end=\"997\">Gr\u00f6\u00dfen<\/strong>: S, M, L<\/li>\n<li data-start=\"793\" data-end=\"805\" class=\"translation-block\"><strong>Material<\/strong>: 100% Polyester<\/li>\n<\/ul>","protected":false},"excerpt":{"rendered":"<p><strong>Fair &amp; nachhaltig hergestellt<\/strong><\/p>\n<p><strong>Weicher Stoff<\/strong><\/p>\n<p><strong>Liebevolle Details<\/strong><\/p>\n<p><strong>\u00dcberraschungsgeschenk bei Bestellungen \u00fcber 80 EUR<\/strong><\/p>\n<p><strong>GRATIS Versand auf Bestellungen \u00fcber 65 EUR<\/strong><\/p>","protected":false},"featured_media":2459,"comment_status":"open","ping_status":"closed","template":"","meta":[],"product_brand":[],"product_cat":[176,178,16],"product_tag":[],"class_list":{"0":"post-2406","1":"product","2":"type-product","3":"status-publish","4":"has-post-thumbnail","6":"product_cat-abaya-dresses-skirts","7":"product_cat-pants-sets","8":"product_cat-clothing-women","9":"pa_color-aqua","10":"pa_color-beige","11":"pa_size-large","12":"pa_size-medium","13":"pa_size-small","15":"first","16":"instock","17":"shipping-taxable","18":"purchasable","19":"product-type-variable","20":"has-default-attributes"},"jetpack-related-posts":[{"id":2748,"url":"https:\/\/saisfashion.com\/de\/produkt\/flowy-blouse\/","url_meta":{"origin":2406,"position":0},"title":"Elegante, weite Bluse","author":"Silja","date":"03.05.2025","format":false,"excerpt":"Fair & ethically made Soft fabric Lovely ruffles Surprise GIFT for orders above EUR 80 FREE shipping for orders above EUR 65","rel":"","context":"\u00c4hnlicher Beitrag","block_context":{"text":"\u00c4hnlicher Beitrag","link":""},"img":{"alt_text":"","src":"https:\/\/i0.wp.com\/saisfashion.com\/wp-content\/uploads\/2024\/06\/Copy-of-ALI05428-copy-scaled.jpg?fit=800%2C1200&ssl=1&resize=350%2C200","width":350,"height":200,"srcset":"https:\/\/i0.wp.com\/saisfashion.com\/wp-content\/uploads\/2024\/06\/Copy-of-ALI05428-copy-scaled.jpg?fit=800%2C1200&ssl=1&resize=350%2C200 1x, https:\/\/i0.wp.com\/saisfashion.com\/wp-content\/uploads\/2024\/06\/Copy-of-ALI05428-copy-scaled.jpg?fit=800%2C1200&ssl=1&resize=525%2C300 1.5x, https:\/\/i0.wp.com\/saisfashion.com\/wp-content\/uploads\/2024\/06\/Copy-of-ALI05428-copy-scaled.jpg?fit=800%2C1200&ssl=1&resize=700%2C400 2x"},"classes":[]},{"id":3946,"url":"https:\/\/saisfashion.com\/de\/produkt\/oversize-cotton-sweater-for-toddlers\/","url_meta":{"origin":2406,"position":1},"title":"Unisex Oversized Baumwoll-Pullover f\u00fcr Kleinkinder","author":"Silja","date":"02.11.2024","format":false,"excerpt":"Fair & ethically made Fluffy & robust fabric Lovely details Surprise GIFT for orders above EUR 80 FREE shipping for orders above EUR 65","rel":"","context":"Mit 3 Kommentaren","block_context":{"text":"Mit 3 Kommentaren","link":"https:\/\/saisfashion.com\/de\/produkt\/oversize-cotton-sweater-for-toddlers\/#comments"},"img":{"alt_text":"","src":"https:\/\/i0.wp.com\/saisfashion.com\/wp-content\/uploads\/2024\/10\/ALI04007-copy.jpg?fit=800%2C1200&ssl=1&resize=350%2C200","width":350,"height":200,"srcset":"https:\/\/i0.wp.com\/saisfashion.com\/wp-content\/uploads\/2024\/10\/ALI04007-copy.jpg?fit=800%2C1200&ssl=1&resize=350%2C200 1x, https:\/\/i0.wp.com\/saisfashion.com\/wp-content\/uploads\/2024\/10\/ALI04007-copy.jpg?fit=800%2C1200&ssl=1&resize=525%2C300 1.5x, https:\/\/i0.wp.com\/saisfashion.com\/wp-content\/uploads\/2024\/10\/ALI04007-copy.jpg?fit=800%2C1200&ssl=1&resize=700%2C400 2x"},"classes":[]},{"id":2798,"url":"https:\/\/saisfashion.com\/de\/produkt\/embroidered-blouse\/","url_meta":{"origin":2406,"position":2},"title":"Bestickte Bluse","author":"Silja","date":"03.05.2025","format":false,"excerpt":"Fair & ethically made Opaque fabric Lovely details Surprise GIFT for orders above EUR 80 FREE shipping for orders above EUR 65","rel":"","context":"\u00c4hnlicher Beitrag","block_context":{"text":"\u00c4hnlicher Beitrag","link":""},"img":{"alt_text":"","src":"https:\/\/i0.wp.com\/saisfashion.com\/wp-content\/uploads\/2025\/05\/DJI_20250807_44408_732-PM-scaled.jpg?fit=675%2C1200&ssl=1&resize=350%2C200","width":350,"height":200,"srcset":"https:\/\/i0.wp.com\/saisfashion.com\/wp-content\/uploads\/2025\/05\/DJI_20250807_44408_732-PM-scaled.jpg?fit=675%2C1200&ssl=1&resize=350%2C200 1x, https:\/\/i0.wp.com\/saisfashion.com\/wp-content\/uploads\/2025\/05\/DJI_20250807_44408_732-PM-scaled.jpg?fit=675%2C1200&ssl=1&resize=525%2C300 1.5x"},"classes":[]},{"id":3945,"url":"https:\/\/saisfashion.com\/de\/produkt\/oversize-cotton-sweater-for-women\/","url_meta":{"origin":2406,"position":3},"title":"Super-Oversized Baumwoll-Pullover f\u00fcr Frauen","author":"Silja","date":"02.11.2024","format":false,"excerpt":"Fair & ethically made Fluffy & robust fabric Lovely details Surprise GIFT for orders above EUR 80 FREE shipping for orders above EUR 65","rel":"","context":"Mit 2 Kommentaren","block_context":{"text":"Mit 2 Kommentaren","link":"https:\/\/saisfashion.com\/de\/produkt\/oversize-cotton-sweater-for-women\/#comments"},"img":{"alt_text":"","src":"https:\/\/i0.wp.com\/saisfashion.com\/wp-content\/uploads\/2024\/10\/ALI04732-copy.jpg?fit=800%2C1200&ssl=1&resize=350%2C200","width":350,"height":200,"srcset":"https:\/\/i0.wp.com\/saisfashion.com\/wp-content\/uploads\/2024\/10\/ALI04732-copy.jpg?fit=800%2C1200&ssl=1&resize=350%2C200 1x, https:\/\/i0.wp.com\/saisfashion.com\/wp-content\/uploads\/2024\/10\/ALI04732-copy.jpg?fit=800%2C1200&ssl=1&resize=525%2C300 1.5x, https:\/\/i0.wp.com\/saisfashion.com\/wp-content\/uploads\/2024\/10\/ALI04732-copy.jpg?fit=800%2C1200&ssl=1&resize=700%2C400 2x"},"classes":[]},{"id":437,"url":"https:\/\/saisfashion.com\/de\/produkt\/oversized-hoodie-abaya\/","url_meta":{"origin":2406,"position":4},"title":"Oversized Hoodie Abaya","author":"Muhieddin","date":"14.11.2024","format":false,"excerpt":"Fluffy from the inside, stylish from the outside Practical & modest with pockets Fair & ethically made Surprise GIFT for orders above EUR 80 FREE shipping for orders above EUR 65","rel":"","context":"Mit 2 Kommentaren","block_context":{"text":"Mit 2 Kommentaren","link":"https:\/\/saisfashion.com\/de\/produkt\/oversized-hoodie-abaya\/#comments"},"img":{"alt_text":"","src":"https:\/\/i0.wp.com\/saisfashion.com\/wp-content\/uploads\/2023\/01\/ALI08392.jpg?fit=800%2C1200&ssl=1&resize=350%2C200","width":350,"height":200,"srcset":"https:\/\/i0.wp.com\/saisfashion.com\/wp-content\/uploads\/2023\/01\/ALI08392.jpg?fit=800%2C1200&ssl=1&resize=350%2C200 1x, https:\/\/i0.wp.com\/saisfashion.com\/wp-content\/uploads\/2023\/01\/ALI08392.jpg?fit=800%2C1200&ssl=1&resize=525%2C300 1.5x, https:\/\/i0.wp.com\/saisfashion.com\/wp-content\/uploads\/2023\/01\/ALI08392.jpg?fit=800%2C1200&ssl=1&resize=700%2C400 2x"},"classes":[]},{"id":3935,"url":"https:\/\/saisfashion.com\/de\/produkt\/corduroy-dress-with-buttons-for-girls\/","url_meta":{"origin":2406,"position":5},"title":"Cord-Kleid mit Kn\u00f6pfen f\u00fcr M\u00e4dchen","author":"Silja","date":"14.11.2024","format":false,"excerpt":"Fair & ethically made Soft & robust fabric Lovely details Surprise GIFT for orders above EUR 80 FREE shipping for orders above EUR 65","rel":"","context":"\u00c4hnlicher Beitrag","block_context":{"text":"\u00c4hnlicher Beitrag","link":""},"img":{"alt_text":"","src":"https:\/\/i0.wp.com\/saisfashion.com\/wp-content\/uploads\/2024\/10\/ALI06456.jpg?fit=800%2C1200&ssl=1&resize=350%2C200","width":350,"height":200,"srcset":"https:\/\/i0.wp.com\/saisfashion.com\/wp-content\/uploads\/2024\/10\/ALI06456.jpg?fit=800%2C1200&ssl=1&resize=350%2C200 1x, https:\/\/i0.wp.com\/saisfashion.com\/wp-content\/uploads\/2024\/10\/ALI06456.jpg?fit=800%2C1200&ssl=1&resize=525%2C300 1.5x, https:\/\/i0.wp.com\/saisfashion.com\/wp-content\/uploads\/2024\/10\/ALI06456.jpg?fit=800%2C1200&ssl=1&resize=700%2C400 2x"},"classes":[]}],"jetpack_sharing_enabled":true,"_links":{"self":[{"href":"https:\/\/saisfashion.com\/de\/wp-json\/wp\/v2\/product\/2406","targetHints":{"allow":["GET"]}}],"collection":[{"href":"https:\/\/saisfashion.com\/de\/wp-json\/wp\/v2\/product"}],"about":[{"href":"https:\/\/saisfashion.com\/de\/wp-json\/wp\/v2\/types\/product"}],"replies":[{"embeddable":true,"href":"https:\/\/saisfashion.com\/de\/wp-json\/wp\/v2\/comments?post=2406"}],"wp:featuredmedia":[{"embeddable":true,"href":"https:\/\/saisfashion.com\/de\/wp-json\/wp\/v2\/media\/2459"}],"wp:attachment":[{"href":"https:\/\/saisfashion.com\/de\/wp-json\/wp\/v2\/media?parent=2406"}],"wp:term":[{"taxonomy":"product_brand","embeddable":true,"href":"https:\/\/saisfashion.com\/de\/wp-json\/wp\/v2\/product_brand?post=2406"},{"taxonomy":"product_cat","embeddable":true,"href":"https:\/\/saisfashion.com\/de\/wp-json\/wp\/v2\/product_cat?post=2406"},{"taxonomy":"product_tag","embeddable":true,"href":"https:\/\/saisfashion.com\/de\/wp-json\/wp\/v2\/product_tag?post=2406"}],"curies":[{"name":"wp","href":"https:\/\/api.w.org\/{rel}","templated":true}]}}