{"id":2798,"date":"2025-05-03T10:40:25","date_gmt":"2025-05-03T10:40:25","guid":{"rendered":"https:\/\/saisfashion.com\/?post_type=product&#038;p=2798"},"modified":"2025-08-24T08:13:59","modified_gmt":"2025-08-24T08:13:59","slug":"embroidered-blouse","status":"publish","type":"product","link":"https:\/\/saisfashion.com\/de\/produkt\/embroidered-blouse\/","title":{"rendered":"Bestickte Bluse"},"content":{"rendered":"<p>Diese Bluse mit zarter Stickerei ist ein echtes Sommer-Statement \u2013 luftig, stilvoll und vielseitig. Der h\u00fcftlange Schnitt l\u00e4sst sich perfekt mit einem Rock kombinieren, wie unserem hoch taillierten Maxirock, und verwandelt sich m\u00fchelos von einem legeren zu einem eleganten Look.<\/p>\n<p><strong data-start=\"326\" data-end=\"349\">Weshalb ihr es lieben werdet:<\/strong><\/p>\n<ul>\n<li class=\"translation-block\"><strong data-start=\"353\" data-end=\"379\">Bereit f\u00fcr den Sommer &amp; elegant<\/strong>: Wundersch\u00f6ne Stickerei trifft auf einen luftigen Schnitt.<\/li>\n<li class=\"translation-block\"><strong data-start=\"426\" data-end=\"447\">Vielseitiges Styling<\/strong>: Passt perfekt zu R\u00f6cken, Hosen oder Jeans \u2013 sowohl f\u00fcr den Alltag als auch f\u00fcr besondere Anl\u00e4sse.<\/li>\n<li class=\"translation-block\"><strong data-start=\"546\" data-end=\"567\">Leichter Stoff<\/strong>: Hergestellt aus luftigem, blickdichtem Ayrobin-Stoff, der weich und angenehm zu tragen ist.<\/li>\n<li class=\"translation-block\"><strong data-start=\"640\" data-end=\"660\">Statement-Farben<\/strong>: Erh\u00e4ltlich in Flamingopink, Grau, Schwarz und Violett \u2013 eine Farbe f\u00fcr jede Stimmung.<\/li>\n<\/ul>\n<p><strong data-start=\"741\" data-end=\"753\">Details:<\/strong><\/p>\n<ul>\n<li class=\"translation-block\"><strong>L\u00e4nge<\/strong>: ungef\u00e4hr h\u00fcftlang (schau dir die Gr\u00f6\u00dfentabelle f\u00fcr Details an)<\/li>\n<li class=\"translation-block\"><strong>Farben<\/strong>: Flamingopink, Grau, Schwarz, Violett<\/li>\n<li class=\"translation-block\"><strong>Material<\/strong>: 100% Ayrobin (Baumwoll-Polyester Mischung)<\/li>\n<\/ul>","protected":false},"excerpt":{"rendered":"<p><strong>Fair &amp; nachhaltig hergestellt<\/strong><\/p>\n<p><strong>Blickdichter Stoff<\/strong><\/p>\n<p><strong>Liebevolle Details<\/strong><\/p>\n<p><strong>\u00dcberraschungsgeschenk bei Bestellungen \u00fcber 80 EUR<\/strong><\/p>\n<p><strong>GRATIS Versand auf Bestellungen \u00fcber 65 EUR<\/strong><\/p>","protected":false},"featured_media":6845,"comment_status":"open","ping_status":"closed","template":"","meta":[],"product_brand":[],"product_cat":[174,16],"product_tag":[],"class_list":{"0":"post-2798","1":"product","2":"type-product","3":"status-publish","4":"has-post-thumbnail","6":"product_cat-tops","7":"product_cat-clothing-women","8":"pa_color-black","9":"pa_color-flamingo","10":"pa_color-gray","11":"pa_color-purple","12":"pa_size-extra-large","13":"pa_size-large","14":"pa_size-medium","15":"pa_size-small","17":"first","18":"instock","19":"shipping-taxable","20":"purchasable","21":"product-type-variable","22":"has-default-attributes"},"jetpack-related-posts":[{"id":2543,"url":"https:\/\/saisfashion.com\/de\/produkt\/blouse-wrap-look\/","url_meta":{"origin":2798,"position":0},"title":"Blouse in Wickeloptik","author":"Silja","date":"03.05.2025","format":false,"excerpt":"Fair & ethically made Opaque fabric Lovely details Surprise GIFT for orders above EUR 80 FREE shipping for orders above EUR 65","rel":"","context":"\u00c4hnlicher Beitrag","block_context":{"text":"\u00c4hnlicher Beitrag","link":""},"img":{"alt_text":"","src":"https:\/\/i0.wp.com\/saisfashion.com\/wp-content\/uploads\/2024\/03\/Copy-of-IMG_6129-copy.jpg?fit=800%2C1200&ssl=1&resize=350%2C200","width":350,"height":200,"srcset":"https:\/\/i0.wp.com\/saisfashion.com\/wp-content\/uploads\/2024\/03\/Copy-of-IMG_6129-copy.jpg?fit=800%2C1200&ssl=1&resize=350%2C200 1x, https:\/\/i0.wp.com\/saisfashion.com\/wp-content\/uploads\/2024\/03\/Copy-of-IMG_6129-copy.jpg?fit=800%2C1200&ssl=1&resize=525%2C300 1.5x, https:\/\/i0.wp.com\/saisfashion.com\/wp-content\/uploads\/2024\/03\/Copy-of-IMG_6129-copy.jpg?fit=800%2C1200&ssl=1&resize=700%2C400 2x"},"classes":[]},{"id":2748,"url":"https:\/\/saisfashion.com\/de\/produkt\/flowy-blouse\/","url_meta":{"origin":2798,"position":1},"title":"Elegante, weite Bluse","author":"Silja","date":"03.05.2025","format":false,"excerpt":"Fair & ethically made Soft fabric Lovely ruffles Surprise GIFT for orders above EUR 80 FREE shipping for orders above EUR 65","rel":"","context":"\u00c4hnlicher Beitrag","block_context":{"text":"\u00c4hnlicher Beitrag","link":""},"img":{"alt_text":"","src":"https:\/\/i0.wp.com\/saisfashion.com\/wp-content\/uploads\/2024\/06\/Copy-of-ALI05428-copy-scaled.jpg?fit=800%2C1200&ssl=1&resize=350%2C200","width":350,"height":200,"srcset":"https:\/\/i0.wp.com\/saisfashion.com\/wp-content\/uploads\/2024\/06\/Copy-of-ALI05428-copy-scaled.jpg?fit=800%2C1200&ssl=1&resize=350%2C200 1x, https:\/\/i0.wp.com\/saisfashion.com\/wp-content\/uploads\/2024\/06\/Copy-of-ALI05428-copy-scaled.jpg?fit=800%2C1200&ssl=1&resize=525%2C300 1.5x, https:\/\/i0.wp.com\/saisfashion.com\/wp-content\/uploads\/2024\/06\/Copy-of-ALI05428-copy-scaled.jpg?fit=800%2C1200&ssl=1&resize=700%2C400 2x"},"classes":[]},{"id":2406,"url":"https:\/\/saisfashion.com\/de\/produkt\/set-with-pleated-skirt\/","url_meta":{"origin":2798,"position":2},"title":"Zweiteiler mit Plisseerock","author":"Silja","date":"03.05.2025","format":false,"excerpt":"Fair & ethically made Soft fabric Lovely details Surprise GIFT for orders above EUR 80 FREE shipping for orders above EUR 65","rel":"","context":"\u00c4hnlicher Beitrag","block_context":{"text":"\u00c4hnlicher Beitrag","link":""},"img":{"alt_text":"","src":"https:\/\/i0.wp.com\/saisfashion.com\/wp-content\/uploads\/2024\/03\/Copy-of-ALI09841-scaled.jpg?fit=800%2C1200&ssl=1&resize=350%2C200","width":350,"height":200,"srcset":"https:\/\/i0.wp.com\/saisfashion.com\/wp-content\/uploads\/2024\/03\/Copy-of-ALI09841-scaled.jpg?fit=800%2C1200&ssl=1&resize=350%2C200 1x, https:\/\/i0.wp.com\/saisfashion.com\/wp-content\/uploads\/2024\/03\/Copy-of-ALI09841-scaled.jpg?fit=800%2C1200&ssl=1&resize=525%2C300 1.5x, https:\/\/i0.wp.com\/saisfashion.com\/wp-content\/uploads\/2024\/03\/Copy-of-ALI09841-scaled.jpg?fit=800%2C1200&ssl=1&resize=700%2C400 2x"},"classes":[]},{"id":4842,"url":"https:\/\/saisfashion.com\/de\/produkt\/abaya-with-butterfly-sleeves\/","url_meta":{"origin":2798,"position":3},"title":"Abaya mit Schmetterlings\u00e4rmel in Pink und Pistazie","author":"Silja","date":"16.05.2025","format":false,"excerpt":"Fair & ethically made Soft fabric Lovely details Surprise GIFT for orders above EUR 80 FREE shipping for orders above EUR 65","rel":"","context":"\u00c4hnlicher Beitrag","block_context":{"text":"\u00c4hnlicher Beitrag","link":""},"img":{"alt_text":"","src":"https:\/\/i0.wp.com\/saisfashion.com\/wp-content\/uploads\/2025\/02\/DSCF1200-scaled.jpg?fit=802%2C1200&ssl=1&resize=350%2C200","width":350,"height":200,"srcset":"https:\/\/i0.wp.com\/saisfashion.com\/wp-content\/uploads\/2025\/02\/DSCF1200-scaled.jpg?fit=802%2C1200&ssl=1&resize=350%2C200 1x, https:\/\/i0.wp.com\/saisfashion.com\/wp-content\/uploads\/2025\/02\/DSCF1200-scaled.jpg?fit=802%2C1200&ssl=1&resize=525%2C300 1.5x, https:\/\/i0.wp.com\/saisfashion.com\/wp-content\/uploads\/2025\/02\/DSCF1200-scaled.jpg?fit=802%2C1200&ssl=1&resize=700%2C400 2x"},"classes":[]},{"id":1691,"url":"https:\/\/saisfashion.com\/de\/produkt\/flower-kimono-with-belt\/","url_meta":{"origin":2798,"position":4},"title":"Blumen-Kimono mit G\u00fcrtel","author":"Silja","date":"03.05.2025","format":false,"excerpt":"Fair & ethically made Soft fabric Lovely details Surprise GIFT for orders above EUR 80 FREE shipping for orders above EUR 65","rel":"","context":"\u00c4hnlicher Beitrag","block_context":{"text":"\u00c4hnlicher Beitrag","link":""},"img":{"alt_text":"","src":"https:\/\/i0.wp.com\/saisfashion.com\/wp-content\/uploads\/2023\/06\/DSC_4582-copy.jpg?fit=801%2C1200&ssl=1&resize=350%2C200","width":350,"height":200,"srcset":"https:\/\/i0.wp.com\/saisfashion.com\/wp-content\/uploads\/2023\/06\/DSC_4582-copy.jpg?fit=801%2C1200&ssl=1&resize=350%2C200 1x, https:\/\/i0.wp.com\/saisfashion.com\/wp-content\/uploads\/2023\/06\/DSC_4582-copy.jpg?fit=801%2C1200&ssl=1&resize=525%2C300 1.5x, https:\/\/i0.wp.com\/saisfashion.com\/wp-content\/uploads\/2023\/06\/DSC_4582-copy.jpg?fit=801%2C1200&ssl=1&resize=700%2C400 2x"},"classes":[]},{"id":6334,"url":"https:\/\/saisfashion.com\/de\/produkt\/smocked-cotton-maxi-dress\/","url_meta":{"origin":2798,"position":5},"title":"Gesmoktes Baumwoll-Maxi-Kleid mit G\u00fcrtel","author":"Silja","date":"28.04.2025","format":false,"excerpt":"Fair & ethically made Soft fabric Elegant & practical Surprise GIFT for orders above EUR 80 FREE shipping for orders above EUR 65 \u00a0 Model is 164cm and 52kg and wears S.","rel":"","context":"Mit 1 Kommentar","block_context":{"text":"Mit 1 Kommentar","link":"https:\/\/saisfashion.com\/de\/produkt\/smocked-cotton-maxi-dress\/#comments"},"img":{"alt_text":"","src":"https:\/\/i0.wp.com\/saisfashion.com\/wp-content\/uploads\/2025\/04\/IMG_3096-scaled.jpg?fit=900%2C1200&ssl=1&resize=350%2C200","width":350,"height":200,"srcset":"https:\/\/i0.wp.com\/saisfashion.com\/wp-content\/uploads\/2025\/04\/IMG_3096-scaled.jpg?fit=900%2C1200&ssl=1&resize=350%2C200 1x, https:\/\/i0.wp.com\/saisfashion.com\/wp-content\/uploads\/2025\/04\/IMG_3096-scaled.jpg?fit=900%2C1200&ssl=1&resize=525%2C300 1.5x, https:\/\/i0.wp.com\/saisfashion.com\/wp-content\/uploads\/2025\/04\/IMG_3096-scaled.jpg?fit=900%2C1200&ssl=1&resize=700%2C400 2x"},"classes":[]}],"jetpack_sharing_enabled":true,"_links":{"self":[{"href":"https:\/\/saisfashion.com\/de\/wp-json\/wp\/v2\/product\/2798","targetHints":{"allow":["GET"]}}],"collection":[{"href":"https:\/\/saisfashion.com\/de\/wp-json\/wp\/v2\/product"}],"about":[{"href":"https:\/\/saisfashion.com\/de\/wp-json\/wp\/v2\/types\/product"}],"replies":[{"embeddable":true,"href":"https:\/\/saisfashion.com\/de\/wp-json\/wp\/v2\/comments?post=2798"}],"wp:featuredmedia":[{"embeddable":true,"href":"https:\/\/saisfashion.com\/de\/wp-json\/wp\/v2\/media\/6845"}],"wp:attachment":[{"href":"https:\/\/saisfashion.com\/de\/wp-json\/wp\/v2\/media?parent=2798"}],"wp:term":[{"taxonomy":"product_brand","embeddable":true,"href":"https:\/\/saisfashion.com\/de\/wp-json\/wp\/v2\/product_brand?post=2798"},{"taxonomy":"product_cat","embeddable":true,"href":"https:\/\/saisfashion.com\/de\/wp-json\/wp\/v2\/product_cat?post=2798"},{"taxonomy":"product_tag","embeddable":true,"href":"https:\/\/saisfashion.com\/de\/wp-json\/wp\/v2\/product_tag?post=2798"}],"curies":[{"name":"wp","href":"https:\/\/api.w.org\/{rel}","templated":true}]}}