{"id":3934,"date":"2024-11-14T11:24:51","date_gmt":"2024-11-14T11:24:51","guid":{"rendered":"https:\/\/saisfashion.com\/?post_type=product&#038;p=3934"},"modified":"2026-03-08T13:31:03","modified_gmt":"2026-03-08T13:31:03","slug":"corduroy-maxi-dress-with-buttons","status":"publish","type":"product","link":"https:\/\/saisfashion.com\/de\/produkt\/corduroy-maxi-dress-with-buttons\/","title":{"rendered":"Cord-Maxi-Kleid mit Kn\u00f6pfen"},"content":{"rendered":"<p class=\"translation-block\">Bring Vintage-Charme in deine modest Garderobe mit unserem <strong>Maxikleid aus Cord<\/strong>, das Stil, Komfort und Modesty auf wundervolle Art kombiniert.<\/p>\n<p class=\"\" data-start=\"77\" data-end=\"100\"><strong data-start=\"77\" data-end=\"100\">Weshalb ihr es lieben werdet:<\/strong><\/p>\n<ul>\n<li data-start=\"102\" data-end=\"562\" class=\"translation-block\"><strong data-start=\"104\" data-end=\"128\">Klassisch trifft modern<\/strong>: Weicher, strapazierf\u00e4higer Cordstoff mit eleganten Ballon\u00e4rmeln und einer individuell anpassbaren Button-Down-Vorderseite \u2013 style das Kleid elegant oder l\u00e4ssig.<\/li>\n<li style=\"font-weight: 400;\" aria-level=\"1\" class=\"translation-block\"><b>Feminine Details<\/b><span style=\"font-weight: 400\">: R\u00fcschen an den Schultern und um die Taille sorgen f\u00fcr subtile Details, die ihr lieben werdet<\/span><\/li>\n<li style=\"font-weight: 400;\" aria-level=\"1\"><b>Fully covered<\/b><span style=\"font-weight: 400;\">: Long sleeves and crew neck make sure you don\u2019t need to layer to stay fully covered. The fabric is not see-through.<\/span><\/li>\n<li data-start=\"102\" data-end=\"562\" class=\"translation-block\"><strong data-start=\"256\" data-end=\"274\">Tolle Passform<\/strong>: Weiter A-Linien-Rock f\u00fcr eine anmutige Silhouette und leichte Bewegungsfreiheit.<\/li>\n<li data-start=\"102\" data-end=\"562\" class=\"translation-block\"><strong data-start=\"344\" data-end=\"368\">Mommy-and-me Momente<\/strong>: Passendes Kleid f\u00fcr M\u00e4dchen und Bluse f\u00fcr Jungen \u2013 perfekt f\u00fcr Familientreffen oder besondere Ausfl\u00fcge.<\/li>\n<li data-start=\"102\" data-end=\"562\" class=\"translation-block\"><strong data-start=\"470\" data-end=\"489\">Saisonale Farben<\/strong>: Erh\u00e4ltlich in sattem Aubergine und warmem Honig f\u00fcr eine volle Palette.<\/li>\n<\/ul>\n<p><strong data-start=\"564\" data-end=\"576\">Details:<\/strong><\/p>\n<ul>\n<li class=\"translation-block\"><strong data-start=\"504\" data-end=\"514\">Farben<\/strong>: Aubergine, Honig<\/li>\n<li class=\"translation-block\"><strong data-start=\"988\" data-end=\"997\">Gr\u00f6\u00dfen<\/strong>: S, M, L<\/li>\n<li class=\"translation-block\"><strong data-start=\"650\" data-end=\"662\">Material<\/strong>: 80% Baumwolle, 20% Polyester<\/li>\n<\/ul>\n<p class=\"translation-block\">\ud83d\udc49\ud83c\udffc Magst du Partnerlooks mit deinen Kindern? <strong>Spare 15%<\/strong> und kombiniere dieses Kleid mit dem <a href=\"https:\/\/saisfashion.com\/de\/produkt\/mommy-me-corduroy-set\/\" target=\"_self\">passenden Kleid f\u00fcr M\u00e4dchen<\/a> oder <a href=\"https:\/\/saisfashion.com\/de\/produkt\/mommy-me-corduroy-boys\/\" target=\"_self\">dem Hemd f\u00fcr Jungs<\/a> f\u00fcr den perfekten Mommy-and-Me-Look!<br style=\"font-weight: 400\"><br style=\"font-weight: 400\"><\/p>","protected":false},"excerpt":{"rendered":"<p><strong>Fair &amp; nachhaltig hergestellt<\/strong><\/p>\n<p><strong>Weicher &amp; robuster Stoff<\/strong><\/p>\n<p><strong>Liebevolle Details<\/strong><\/p>\n<p><strong>Stoff bleibt weich - selbst nach mehrmaligem Waschen<\/strong><\/p>\n<p><strong>GRATIS Versand auf Bestellungen \u00fcber 65 EUR<\/strong><\/p>","protected":false},"featured_media":4268,"comment_status":"open","ping_status":"closed","template":"","meta":[],"product_brand":[],"product_cat":[16,176],"product_tag":[],"class_list":{"0":"post-3934","1":"product","2":"type-product","3":"status-publish","4":"has-post-thumbnail","6":"product_cat-clothing-women","7":"product_cat-abaya-dresses-skirts","8":"pa_color-aubergine","9":"pa_color-honey","10":"pa_size-large","11":"pa_size-medium","12":"pa_size-small","14":"first","15":"instock","16":"shipping-taxable","17":"purchasable","18":"product-type-variable","19":"has-default-attributes"},"jetpack-related-posts":[{"id":7286,"url":"https:\/\/saisfashion.com\/de\/produkt\/mommy-me-corduroy-set\/","url_meta":{"origin":3934,"position":0},"title":"Partnerlook-Set: Maxi-Kleid f\u00fcr Frauen + Kleid f\u00fcr M\u00e4dchen","author":"Silja","date":"16.09.2025","format":false,"excerpt":"Fair & ethically made Soft & robust fabric Lovely details Stays soft, even after many washes FREE shipping for orders above EUR 65","rel":"","context":"\u00c4hnlicher Beitrag","block_context":{"text":"\u00c4hnlicher Beitrag","link":""},"img":{"alt_text":"","src":"https:\/\/i0.wp.com\/saisfashion.com\/wp-content\/uploads\/2024\/10\/ALI06928.jpg?fit=800%2C1200&ssl=1&resize=350%2C200","width":350,"height":200,"srcset":"https:\/\/i0.wp.com\/saisfashion.com\/wp-content\/uploads\/2024\/10\/ALI06928.jpg?fit=800%2C1200&ssl=1&resize=350%2C200 1x, https:\/\/i0.wp.com\/saisfashion.com\/wp-content\/uploads\/2024\/10\/ALI06928.jpg?fit=800%2C1200&ssl=1&resize=525%2C300 1.5x, https:\/\/i0.wp.com\/saisfashion.com\/wp-content\/uploads\/2024\/10\/ALI06928.jpg?fit=800%2C1200&ssl=1&resize=700%2C400 2x"},"classes":[]},{"id":7293,"url":"https:\/\/saisfashion.com\/de\/produkt\/mommy-me-corduroy-boys\/","url_meta":{"origin":3934,"position":1},"title":"Partnerlook-Set: Maxi-Kleid f\u00fcr Frauen + Hemd f\u00fcr Jungs","author":"Silja","date":"16.09.2025","format":false,"excerpt":"Fair & ethically made Soft & robust fabric Lovely details Stays soft, even after many washes FREE shipping for orders above EUR 65","rel":"","context":"\u00c4hnlicher Beitrag","block_context":{"text":"\u00c4hnlicher Beitrag","link":""},"img":{"alt_text":"","src":"https:\/\/i0.wp.com\/saisfashion.com\/wp-content\/uploads\/2024\/10\/ALI06733.jpg?fit=800%2C1200&ssl=1&resize=350%2C200","width":350,"height":200,"srcset":"https:\/\/i0.wp.com\/saisfashion.com\/wp-content\/uploads\/2024\/10\/ALI06733.jpg?fit=800%2C1200&ssl=1&resize=350%2C200 1x, https:\/\/i0.wp.com\/saisfashion.com\/wp-content\/uploads\/2024\/10\/ALI06733.jpg?fit=800%2C1200&ssl=1&resize=525%2C300 1.5x, https:\/\/i0.wp.com\/saisfashion.com\/wp-content\/uploads\/2024\/10\/ALI06733.jpg?fit=800%2C1200&ssl=1&resize=700%2C400 2x"},"classes":[]},{"id":3935,"url":"https:\/\/saisfashion.com\/de\/produkt\/corduroy-dress-with-buttons-for-girls\/","url_meta":{"origin":3934,"position":2},"title":"Cord-Kleid mit Kn\u00f6pfen f\u00fcr M\u00e4dchen","author":"Silja","date":"14.11.2024","format":false,"excerpt":"Fair & ethically made Soft & robust fabric Lovely details Surprise GIFT for orders above EUR 80 FREE shipping for orders above EUR 65","rel":"","context":"\u00c4hnlicher Beitrag","block_context":{"text":"\u00c4hnlicher Beitrag","link":""},"img":{"alt_text":"","src":"https:\/\/i0.wp.com\/saisfashion.com\/wp-content\/uploads\/2024\/10\/ALI06456.jpg?fit=800%2C1200&ssl=1&resize=350%2C200","width":350,"height":200,"srcset":"https:\/\/i0.wp.com\/saisfashion.com\/wp-content\/uploads\/2024\/10\/ALI06456.jpg?fit=800%2C1200&ssl=1&resize=350%2C200 1x, https:\/\/i0.wp.com\/saisfashion.com\/wp-content\/uploads\/2024\/10\/ALI06456.jpg?fit=800%2C1200&ssl=1&resize=525%2C300 1.5x, https:\/\/i0.wp.com\/saisfashion.com\/wp-content\/uploads\/2024\/10\/ALI06456.jpg?fit=800%2C1200&ssl=1&resize=700%2C400 2x"},"classes":[]},{"id":3936,"url":"https:\/\/saisfashion.com\/de\/produkt\/corduroy-shirt-for-boys\/","url_meta":{"origin":3934,"position":3},"title":"Cord-Hemd f\u00fcr Jungs","author":"Silja","date":"14.11.2024","format":false,"excerpt":"Fair & ethically made Soft & robust fabric Lovely details Surprise GIFT for orders above EUR 80 FREE shipping for orders above EUR 65","rel":"","context":"\u00c4hnlicher Beitrag","block_context":{"text":"\u00c4hnlicher Beitrag","link":""},"img":{"alt_text":"","src":"https:\/\/i0.wp.com\/saisfashion.com\/wp-content\/uploads\/2024\/10\/ALI06809.jpg?fit=800%2C1200&ssl=1&resize=350%2C200","width":350,"height":200,"srcset":"https:\/\/i0.wp.com\/saisfashion.com\/wp-content\/uploads\/2024\/10\/ALI06809.jpg?fit=800%2C1200&ssl=1&resize=350%2C200 1x, https:\/\/i0.wp.com\/saisfashion.com\/wp-content\/uploads\/2024\/10\/ALI06809.jpg?fit=800%2C1200&ssl=1&resize=525%2C300 1.5x, https:\/\/i0.wp.com\/saisfashion.com\/wp-content\/uploads\/2024\/10\/ALI06809.jpg?fit=800%2C1200&ssl=1&resize=700%2C400 2x"},"classes":[]},{"id":6334,"url":"https:\/\/saisfashion.com\/de\/produkt\/smocked-cotton-maxi-dress\/","url_meta":{"origin":3934,"position":4},"title":"Gesmoktes Baumwoll-Maxi-Kleid mit G\u00fcrtel","author":"Silja","date":"28.04.2025","format":false,"excerpt":"Fair & ethically made Soft fabric Elegant & practical Surprise GIFT for orders above EUR 80 FREE shipping for orders above EUR 65 \u00a0 Model is 164cm and 52kg and wears S.","rel":"","context":"Mit 1 Kommentar","block_context":{"text":"Mit 1 Kommentar","link":"https:\/\/saisfashion.com\/de\/produkt\/smocked-cotton-maxi-dress\/#comments"},"img":{"alt_text":"","src":"https:\/\/i0.wp.com\/saisfashion.com\/wp-content\/uploads\/2025\/04\/IMG_3096-scaled.jpg?fit=900%2C1200&ssl=1&resize=350%2C200","width":350,"height":200,"srcset":"https:\/\/i0.wp.com\/saisfashion.com\/wp-content\/uploads\/2025\/04\/IMG_3096-scaled.jpg?fit=900%2C1200&ssl=1&resize=350%2C200 1x, https:\/\/i0.wp.com\/saisfashion.com\/wp-content\/uploads\/2025\/04\/IMG_3096-scaled.jpg?fit=900%2C1200&ssl=1&resize=525%2C300 1.5x, https:\/\/i0.wp.com\/saisfashion.com\/wp-content\/uploads\/2025\/04\/IMG_3096-scaled.jpg?fit=900%2C1200&ssl=1&resize=700%2C400 2x"},"classes":[]},{"id":1385,"url":"https:\/\/saisfashion.com\/de\/produkt\/wrap-dress-women\/","url_meta":{"origin":3934,"position":5},"title":"Maxi-Kleid in Wickeloptik","author":"Silja","date":"09.05.2023","format":false,"excerpt":"Fair & ethically made Soft fabric Lovely details Surprise GIFT for orders above EUR 80 FREE shipping for orders above EUR 65","rel":"","context":"\u00c4hnlicher Beitrag","block_context":{"text":"\u00c4hnlicher Beitrag","link":""},"img":{"alt_text":"","src":"https:\/\/i0.wp.com\/saisfashion.com\/wp-content\/uploads\/2023\/05\/DSC_4326.jpg?fit=801%2C1200&ssl=1&resize=350%2C200","width":350,"height":200,"srcset":"https:\/\/i0.wp.com\/saisfashion.com\/wp-content\/uploads\/2023\/05\/DSC_4326.jpg?fit=801%2C1200&ssl=1&resize=350%2C200 1x, https:\/\/i0.wp.com\/saisfashion.com\/wp-content\/uploads\/2023\/05\/DSC_4326.jpg?fit=801%2C1200&ssl=1&resize=525%2C300 1.5x, https:\/\/i0.wp.com\/saisfashion.com\/wp-content\/uploads\/2023\/05\/DSC_4326.jpg?fit=801%2C1200&ssl=1&resize=700%2C400 2x"},"classes":[]}],"jetpack_sharing_enabled":true,"_links":{"self":[{"href":"https:\/\/saisfashion.com\/de\/wp-json\/wp\/v2\/product\/3934","targetHints":{"allow":["GET"]}}],"collection":[{"href":"https:\/\/saisfashion.com\/de\/wp-json\/wp\/v2\/product"}],"about":[{"href":"https:\/\/saisfashion.com\/de\/wp-json\/wp\/v2\/types\/product"}],"replies":[{"embeddable":true,"href":"https:\/\/saisfashion.com\/de\/wp-json\/wp\/v2\/comments?post=3934"}],"wp:featuredmedia":[{"embeddable":true,"href":"https:\/\/saisfashion.com\/de\/wp-json\/wp\/v2\/media\/4268"}],"wp:attachment":[{"href":"https:\/\/saisfashion.com\/de\/wp-json\/wp\/v2\/media?parent=3934"}],"wp:term":[{"taxonomy":"product_brand","embeddable":true,"href":"https:\/\/saisfashion.com\/de\/wp-json\/wp\/v2\/product_brand?post=3934"},{"taxonomy":"product_cat","embeddable":true,"href":"https:\/\/saisfashion.com\/de\/wp-json\/wp\/v2\/product_cat?post=3934"},{"taxonomy":"product_tag","embeddable":true,"href":"https:\/\/saisfashion.com\/de\/wp-json\/wp\/v2\/product_tag?post=3934"}],"curies":[{"name":"wp","href":"https:\/\/api.w.org\/{rel}","templated":true}]}}