{"id":3935,"date":"2024-11-14T11:16:23","date_gmt":"2024-11-14T11:16:23","guid":{"rendered":"https:\/\/saisfashion.com\/?post_type=product&#038;p=3935"},"modified":"2026-01-30T16:46:04","modified_gmt":"2026-01-30T16:46:04","slug":"corduroy-dress-with-buttons-for-girls","status":"publish","type":"product","link":"https:\/\/saisfashion.com\/de\/produkt\/corduroy-dress-with-buttons-for-girls\/","title":{"rendered":"Cord-Kleid mit Kn\u00f6pfen f\u00fcr M\u00e4dchen"},"content":{"rendered":"<p class=\"translation-block\"><span style=\"font-weight: 400\">Dieses <\/span><b>Cordkleid f\u00fcr M\u00e4dchen<\/b><span style=\"font-weight: 400\"> ist ein entz\u00fcckendes Outfit f\u00fcr die Kleinen. Das durchdachte Design verbindet klassischen Charme mit verspielter Funktionalit\u00e4t und ist somit ideal f\u00fcr alles, von allt\u00e4glichen Abenteuern bis hin zu besonderen Anl\u00e4ssen.<\/span><\/p>\n<p class=\"\" data-start=\"77\" data-end=\"100\"><strong data-start=\"77\" data-end=\"100\">Weshalb Eltern es lieben:<\/strong><\/p>\n<ul>\n<li style=\"font-weight: 400;\" aria-level=\"1\" class=\"translation-block\"><b>Stilvolles Design<\/b><span style=\"font-weight: 400\">: Lange Mini-Ballon\u00e4rmel und eine Knopfleiste vorne f\u00fcr Vintage-Eleganz und Charme.<\/span><\/li>\n<li style=\"font-weight: 400;\" aria-level=\"1\" class=\"translation-block\"><strong data-start=\"203\" data-end=\"222\">Bequeme Passform<\/strong>: Weiter Rock f\u00fcr einfache Bewegung, perfekt zum Spielen.<\/li>\n<li style=\"font-weight: 400;\" aria-level=\"1\" class=\"translation-block\"><b>Familienstil<\/b><span style=\"font-weight: 400\">: Kombiniere es mit dem Maxi-Cordkleid f\u00fcr Frauen und der Cordbluse f\u00fcr Jungen f\u00fcr Familienfeiern, Feiertage oder Fotosessions.<\/span><\/li>\n<li style=\"font-weight: 400;\" aria-level=\"1\" class=\"translation-block\"><strong data-start=\"393\" data-end=\"416\">Vielf\u00e4ltig &amp; langlebig<\/strong>: Weicher, langlebiger Cord-Stof\u2014ideal sowohl f\u00fcr elegante als auch entspannte Tage.<\/li>\n<\/ul>\n<p class=\"\" data-start=\"486\" data-end=\"614\"><strong data-start=\"486\" data-end=\"498\">Details:<\/strong><\/p>\n<ul>\n<li data-start=\"486\" data-end=\"614\" class=\"translation-block\"><strong data-start=\"504\" data-end=\"514\">Farben<\/strong>: Aubergine, Honig<\/li>\n<li style=\"font-weight: 400;\" aria-level=\"1\" class=\"translation-block\"><strong data-start=\"464\" data-end=\"473\">Gr\u00f6\u00dfen<\/strong>: 2 Jahre (Gr. 98), 3 Jahre (Gr. 104), 4 Jahre (Gr. 110)<\/li>\n<li style=\"font-weight: 400;\" aria-level=\"1\" class=\"translation-block\"><strong data-start=\"650\" data-end=\"662\">Material<\/strong>: 80% Baumwolle, 20% Polyester<\/li>\n<\/ul>\n<p class=\"translation-block\">\ud83d\udc49\ud83c\udffc Magst du Partnerlooks mit deinen Kindern? <strong>Spare 15%<\/strong> und kombiniere dieses Kleid mit dem <a href=\"https:\/\/saisfashion.com\/de\/produkt\/mommy-me-corduroy-set\/\" target=\"_self\">passenden Kleid f\u00fcr Frauen<\/a>\u00a0f\u00fcr den perfekten Mommy-and-Me-Look!<\/p>","protected":false},"excerpt":{"rendered":"<p><strong>Fair &amp; nachhaltig hergestellt<\/strong><\/p>\n<p><strong>Weicher &amp; robuster Stoff<\/strong><\/p>\n<p><strong>Liebevolle Details<\/strong><\/p>\n<p><strong>\u00dcberraschungsgeschenk bei Bestellungen \u00fcber 80 EUR<\/strong><\/p>\n<p><strong>GRATIS Versand auf Bestellungen \u00fcber 65 EUR<\/strong><\/p>","protected":false},"featured_media":4261,"comment_status":"closed","ping_status":"closed","template":"","meta":[],"product_brand":[],"product_cat":[177,24],"product_tag":[],"class_list":{"0":"post-3935","1":"product","2":"type-product","3":"status-publish","4":"has-post-thumbnail","6":"product_cat-dresses-girls","7":"product_cat-clothing-children","8":"pa_color-aubergine","9":"pa_color-honey","10":"pa_size-2-years","11":"pa_size-3-years","12":"pa_size-4-years","14":"first","15":"instock","16":"shipping-taxable","17":"purchasable","18":"product-type-variable","19":"has-default-attributes"},"jetpack-related-posts":[{"id":7286,"url":"https:\/\/saisfashion.com\/de\/produkt\/mommy-me-corduroy-set\/","url_meta":{"origin":3935,"position":0},"title":"Partnerlook-Set: Maxi-Kleid f\u00fcr Frauen + Kleid f\u00fcr M\u00e4dchen","author":"Silja","date":"16.09.2025","format":false,"excerpt":"Fair & ethically made Soft & robust fabric Lovely details Stays soft, even after many washes FREE shipping for orders above EUR 65","rel":"","context":"\u00c4hnlicher Beitrag","block_context":{"text":"\u00c4hnlicher Beitrag","link":""},"img":{"alt_text":"","src":"https:\/\/i0.wp.com\/saisfashion.com\/wp-content\/uploads\/2024\/10\/ALI06928.jpg?fit=800%2C1200&ssl=1&resize=350%2C200","width":350,"height":200,"srcset":"https:\/\/i0.wp.com\/saisfashion.com\/wp-content\/uploads\/2024\/10\/ALI06928.jpg?fit=800%2C1200&ssl=1&resize=350%2C200 1x, https:\/\/i0.wp.com\/saisfashion.com\/wp-content\/uploads\/2024\/10\/ALI06928.jpg?fit=800%2C1200&ssl=1&resize=525%2C300 1.5x, https:\/\/i0.wp.com\/saisfashion.com\/wp-content\/uploads\/2024\/10\/ALI06928.jpg?fit=800%2C1200&ssl=1&resize=700%2C400 2x"},"classes":[]},{"id":3934,"url":"https:\/\/saisfashion.com\/de\/produkt\/corduroy-maxi-dress-with-buttons\/","url_meta":{"origin":3935,"position":1},"title":"Cord-Maxi-Kleid mit Kn\u00f6pfen","author":"Silja","date":"14.11.2024","format":false,"excerpt":"Fair & ethically made Soft & robust fabric Lovely details Stays soft, even after many washes FREE shipping for orders above EUR 65","rel":"","context":"Mit 1 Kommentar","block_context":{"text":"Mit 1 Kommentar","link":"https:\/\/saisfashion.com\/de\/produkt\/corduroy-maxi-dress-with-buttons\/#comments"},"img":{"alt_text":"","src":"https:\/\/i0.wp.com\/saisfashion.com\/wp-content\/uploads\/2024\/10\/ALI06640.jpg?fit=800%2C1200&ssl=1&resize=350%2C200","width":350,"height":200,"srcset":"https:\/\/i0.wp.com\/saisfashion.com\/wp-content\/uploads\/2024\/10\/ALI06640.jpg?fit=800%2C1200&ssl=1&resize=350%2C200 1x, https:\/\/i0.wp.com\/saisfashion.com\/wp-content\/uploads\/2024\/10\/ALI06640.jpg?fit=800%2C1200&ssl=1&resize=525%2C300 1.5x, https:\/\/i0.wp.com\/saisfashion.com\/wp-content\/uploads\/2024\/10\/ALI06640.jpg?fit=800%2C1200&ssl=1&resize=700%2C400 2x"},"classes":[]},{"id":3936,"url":"https:\/\/saisfashion.com\/de\/produkt\/corduroy-shirt-for-boys\/","url_meta":{"origin":3935,"position":2},"title":"Cord-Hemd f\u00fcr Jungs","author":"Silja","date":"14.11.2024","format":false,"excerpt":"Fair & ethically made Soft & robust fabric Lovely details Surprise GIFT for orders above EUR 80 FREE shipping for orders above EUR 65","rel":"","context":"\u00c4hnlicher Beitrag","block_context":{"text":"\u00c4hnlicher Beitrag","link":""},"img":{"alt_text":"","src":"https:\/\/i0.wp.com\/saisfashion.com\/wp-content\/uploads\/2024\/10\/ALI06809.jpg?fit=800%2C1200&ssl=1&resize=350%2C200","width":350,"height":200,"srcset":"https:\/\/i0.wp.com\/saisfashion.com\/wp-content\/uploads\/2024\/10\/ALI06809.jpg?fit=800%2C1200&ssl=1&resize=350%2C200 1x, https:\/\/i0.wp.com\/saisfashion.com\/wp-content\/uploads\/2024\/10\/ALI06809.jpg?fit=800%2C1200&ssl=1&resize=525%2C300 1.5x, https:\/\/i0.wp.com\/saisfashion.com\/wp-content\/uploads\/2024\/10\/ALI06809.jpg?fit=800%2C1200&ssl=1&resize=700%2C400 2x"},"classes":[]},{"id":7293,"url":"https:\/\/saisfashion.com\/de\/produkt\/mommy-me-corduroy-boys\/","url_meta":{"origin":3935,"position":3},"title":"Partnerlook-Set: Maxi-Kleid f\u00fcr Frauen + Hemd f\u00fcr Jungs","author":"Silja","date":"16.09.2025","format":false,"excerpt":"Fair & ethically made Soft & robust fabric Lovely details Stays soft, even after many washes FREE shipping for orders above EUR 65","rel":"","context":"\u00c4hnlicher Beitrag","block_context":{"text":"\u00c4hnlicher Beitrag","link":""},"img":{"alt_text":"","src":"https:\/\/i0.wp.com\/saisfashion.com\/wp-content\/uploads\/2024\/10\/ALI06733.jpg?fit=800%2C1200&ssl=1&resize=350%2C200","width":350,"height":200,"srcset":"https:\/\/i0.wp.com\/saisfashion.com\/wp-content\/uploads\/2024\/10\/ALI06733.jpg?fit=800%2C1200&ssl=1&resize=350%2C200 1x, https:\/\/i0.wp.com\/saisfashion.com\/wp-content\/uploads\/2024\/10\/ALI06733.jpg?fit=800%2C1200&ssl=1&resize=525%2C300 1.5x, https:\/\/i0.wp.com\/saisfashion.com\/wp-content\/uploads\/2024\/10\/ALI06733.jpg?fit=800%2C1200&ssl=1&resize=700%2C400 2x"},"classes":[]},{"id":1392,"url":"https:\/\/saisfashion.com\/de\/produkt\/wrap-linen-dress-girls\/","url_meta":{"origin":3935,"position":4},"title":"\u00c4rmelloses Leinenkleid in Wickel-Optik","author":"Silja","date":"03.05.2025","format":false,"excerpt":"Fair & ethically made Breathable fabric Lovely details Surprise GIFT for orders above EUR 80 FREE shipping for orders above EUR 65","rel":"","context":"\u00c4hnlicher Beitrag","block_context":{"text":"\u00c4hnlicher Beitrag","link":""},"img":{"alt_text":"","src":"https:\/\/i0.wp.com\/saisfashion.com\/wp-content\/uploads\/2023\/05\/DSC_4383.jpg?fit=801%2C1200&ssl=1&resize=350%2C200","width":350,"height":200,"srcset":"https:\/\/i0.wp.com\/saisfashion.com\/wp-content\/uploads\/2023\/05\/DSC_4383.jpg?fit=801%2C1200&ssl=1&resize=350%2C200 1x, https:\/\/i0.wp.com\/saisfashion.com\/wp-content\/uploads\/2023\/05\/DSC_4383.jpg?fit=801%2C1200&ssl=1&resize=525%2C300 1.5x, https:\/\/i0.wp.com\/saisfashion.com\/wp-content\/uploads\/2023\/05\/DSC_4383.jpg?fit=801%2C1200&ssl=1&resize=700%2C400 2x"},"classes":[]},{"id":6917,"url":"https:\/\/saisfashion.com\/de\/produkt\/mommy-me-set-aurelia-abaya-girls-dress\/","url_meta":{"origin":3935,"position":5},"title":"Mommy &amp; Me Set \u201cAurelia\u201d: Abaya + Kleid f\u00fcr M\u00e4dchen","author":"Silja","date":"15.08.2025","format":false,"excerpt":"Perfectly matching mommy-and-me outfit 100% GOTS certified cotton Fair & ethically made Surprise GIFT for orders above EUR 80 FREE shipping for orders above EUR 65","rel":"","context":"\u00c4hnlicher Beitrag","block_context":{"text":"\u00c4hnlicher Beitrag","link":""},"img":{"alt_text":"","src":"https:\/\/i0.wp.com\/saisfashion.com\/wp-content\/uploads\/2025\/08\/22-scaled.jpg?fit=800%2C1200&ssl=1&resize=350%2C200","width":350,"height":200,"srcset":"https:\/\/i0.wp.com\/saisfashion.com\/wp-content\/uploads\/2025\/08\/22-scaled.jpg?fit=800%2C1200&ssl=1&resize=350%2C200 1x, https:\/\/i0.wp.com\/saisfashion.com\/wp-content\/uploads\/2025\/08\/22-scaled.jpg?fit=800%2C1200&ssl=1&resize=525%2C300 1.5x, https:\/\/i0.wp.com\/saisfashion.com\/wp-content\/uploads\/2025\/08\/22-scaled.jpg?fit=800%2C1200&ssl=1&resize=700%2C400 2x"},"classes":[]}],"jetpack_sharing_enabled":true,"_links":{"self":[{"href":"https:\/\/saisfashion.com\/de\/wp-json\/wp\/v2\/product\/3935","targetHints":{"allow":["GET"]}}],"collection":[{"href":"https:\/\/saisfashion.com\/de\/wp-json\/wp\/v2\/product"}],"about":[{"href":"https:\/\/saisfashion.com\/de\/wp-json\/wp\/v2\/types\/product"}],"replies":[{"embeddable":true,"href":"https:\/\/saisfashion.com\/de\/wp-json\/wp\/v2\/comments?post=3935"}],"wp:featuredmedia":[{"embeddable":true,"href":"https:\/\/saisfashion.com\/de\/wp-json\/wp\/v2\/media\/4261"}],"wp:attachment":[{"href":"https:\/\/saisfashion.com\/de\/wp-json\/wp\/v2\/media?parent=3935"}],"wp:term":[{"taxonomy":"product_brand","embeddable":true,"href":"https:\/\/saisfashion.com\/de\/wp-json\/wp\/v2\/product_brand?post=3935"},{"taxonomy":"product_cat","embeddable":true,"href":"https:\/\/saisfashion.com\/de\/wp-json\/wp\/v2\/product_cat?post=3935"},{"taxonomy":"product_tag","embeddable":true,"href":"https:\/\/saisfashion.com\/de\/wp-json\/wp\/v2\/product_tag?post=3935"}],"curies":[{"name":"wp","href":"https:\/\/api.w.org\/{rel}","templated":true}]}}