{"id":3936,"date":"2024-11-14T11:07:42","date_gmt":"2024-11-14T11:07:42","guid":{"rendered":"https:\/\/saisfashion.com\/?post_type=product&#038;p=3936"},"modified":"2026-01-06T08:34:41","modified_gmt":"2026-01-06T08:34:41","slug":"corduroy-shirt-for-boys","status":"publish","type":"product","link":"https:\/\/saisfashion.com\/de\/produkt\/corduroy-shirt-for-boys\/","title":{"rendered":"Cord-Hemd f\u00fcr Jungs"},"content":{"rendered":"<p class=\"translation-block\"><span style=\"font-weight: 400\">Stilvoll, praktisch und bequem \u2013 dieses <\/span><b>Cordhemd f\u00fcr Jungen<\/b><span style=\"font-weight: 400\"> ist ein vielseitiges Basic f\u00fcr ihre Garderobe. Hergestellt aus <\/span><b>weichem Cordstoff<\/b><span style=\"font-weight: 400\"> ist es perfekt f\u00fcr alles, von allt\u00e4glichen Abenteuern bis hin zu besonderen Anl\u00e4ssen.<\/span><\/p>\n<p class=\"\" data-start=\"77\" data-end=\"102\"><strong data-start=\"77\" data-end=\"102\">Weshalb Eltern es lieben:<\/strong><\/p>\n<ul>\n<li data-start=\"104\" data-end=\"457\" class=\"translation-block\"><strong data-start=\"107\" data-end=\"122\">Entspannte Passform<\/strong>: Klassischer gerader Schnitt, perfekt f\u00fcr aktives Spielen und formelle Anl\u00e4sse.<\/li>\n<li data-start=\"104\" data-end=\"457\" class=\"translation-block\"><strong data-start=\"197\" data-end=\"219\">Funktionale Details<\/strong>: Fronttasche f\u00fcr kleine Sch\u00e4tze und extra Style.<\/li>\n<li data-start=\"104\" data-end=\"457\" class=\"translation-block\"><b>Familienstil<\/b><span style=\"font-weight: 400\">: Kombiniere es mit dem Maxi-Cordkleid f\u00fcr Frauen und dem Cordkleid f\u00fcr M\u00e4dchen f\u00fcr Familienfeiern, Feiertage oder Fotoshootings.<\/span><\/li>\n<li data-start=\"104\" data-end=\"457\" class=\"translation-block\"><strong data-start=\"363\" data-end=\"381\">Gem\u00fctlich &amp; strapazierf\u00e4hig<\/strong>: Weicher, langlebiger Cordstoff in satten Aubergine- und warmen Honigt\u00f6nen.<\/li>\n<\/ul>\n<p class=\"\" data-start=\"459\" data-end=\"587\"><strong data-start=\"459\" data-end=\"471\">Details:<\/strong><\/p>\n<ul>\n<li data-start=\"459\" data-end=\"587\" class=\"translation-block\"><strong data-start=\"504\" data-end=\"514\">Farben<\/strong>: Aubergine, Honig<\/li>\n<li data-start=\"459\" data-end=\"587\" class=\"translation-block\"><strong data-start=\"464\" data-end=\"473\">Gr\u00f6\u00dfen<\/strong>: 2 Jahre (Gr. 98), 3 Jahre (Gr. 104), 4 Jahre (Gr. 110)<\/li>\n<li data-start=\"459\" data-end=\"587\" class=\"translation-block\"><strong data-start=\"650\" data-end=\"662\">Material<\/strong>: 80% Baumwolle, 20% Polyester<\/li>\n<\/ul>\n<p class=\"translation-block\">\ud83d\udc49\ud83c\udffc Magst du Partnerlooks mit deinen Kindern? <strong>Spare 15%<\/strong> und kombiniere dieses St\u00fcck mit dem <a href=\"https:\/\/saisfashion.com\/de\/produkt\/mommy-me-corduroy-boys\/\" target=\"_self\">passenden Maxi Kleid f\u00fcr Frauen<\/a>\u00a0f\u00fcr den perfekten Mommy-and-Me-Look!<\/p>","protected":false},"excerpt":{"rendered":"<p><strong>Fair &amp; nachhaltig hergestellt<\/strong><\/p>\n<p><strong>Weicher &amp; robuster Stoff<\/strong><\/p>\n<p><strong>Liebevolle Details<\/strong><\/p>\n<p><strong>\u00dcberraschungsgeschenk bei Bestellungen \u00fcber 80 EUR<\/strong><\/p>\n<p><strong>GRATIS Versand auf Bestellungen \u00fcber 65 EUR<\/strong><\/p>","protected":false},"featured_media":4254,"comment_status":"open","ping_status":"closed","template":"","meta":[],"product_brand":[],"product_cat":[24,175],"product_tag":[],"class_list":{"0":"post-3936","1":"product","2":"type-product","3":"status-publish","4":"has-post-thumbnail","6":"product_cat-clothing-children","7":"product_cat-tops-kids","8":"pa_color-aubergine","9":"pa_color-honey","10":"pa_size-2-years","11":"pa_size-3-years","12":"pa_size-4-years","14":"first","15":"instock","16":"shipping-taxable","17":"purchasable","18":"product-type-variable","19":"has-default-attributes"},"jetpack-related-posts":[{"id":3935,"url":"https:\/\/saisfashion.com\/de\/produkt\/corduroy-dress-with-buttons-for-girls\/","url_meta":{"origin":3936,"position":0},"title":"Cord-Kleid mit Kn\u00f6pfen f\u00fcr M\u00e4dchen","author":"Silja","date":"14.11.2024","format":false,"excerpt":"Fair & ethically made Soft & robust fabric Lovely details Surprise GIFT for orders above EUR 80 FREE shipping for orders above EUR 65","rel":"","context":"\u00c4hnlicher Beitrag","block_context":{"text":"\u00c4hnlicher Beitrag","link":""},"img":{"alt_text":"","src":"https:\/\/i0.wp.com\/saisfashion.com\/wp-content\/uploads\/2024\/10\/ALI06456.jpg?fit=800%2C1200&ssl=1&resize=350%2C200","width":350,"height":200,"srcset":"https:\/\/i0.wp.com\/saisfashion.com\/wp-content\/uploads\/2024\/10\/ALI06456.jpg?fit=800%2C1200&ssl=1&resize=350%2C200 1x, https:\/\/i0.wp.com\/saisfashion.com\/wp-content\/uploads\/2024\/10\/ALI06456.jpg?fit=800%2C1200&ssl=1&resize=525%2C300 1.5x, https:\/\/i0.wp.com\/saisfashion.com\/wp-content\/uploads\/2024\/10\/ALI06456.jpg?fit=800%2C1200&ssl=1&resize=700%2C400 2x"},"classes":[]},{"id":7293,"url":"https:\/\/saisfashion.com\/de\/produkt\/mommy-me-corduroy-boys\/","url_meta":{"origin":3936,"position":1},"title":"Partnerlook-Set: Maxi-Kleid f\u00fcr Frauen + Hemd f\u00fcr Jungs","author":"Silja","date":"16.09.2025","format":false,"excerpt":"Fair & ethically made Soft & robust fabric Lovely details Stays soft, even after many washes FREE shipping for orders above EUR 65","rel":"","context":"\u00c4hnlicher Beitrag","block_context":{"text":"\u00c4hnlicher Beitrag","link":""},"img":{"alt_text":"","src":"https:\/\/i0.wp.com\/saisfashion.com\/wp-content\/uploads\/2024\/10\/ALI06733.jpg?fit=800%2C1200&ssl=1&resize=350%2C200","width":350,"height":200,"srcset":"https:\/\/i0.wp.com\/saisfashion.com\/wp-content\/uploads\/2024\/10\/ALI06733.jpg?fit=800%2C1200&ssl=1&resize=350%2C200 1x, https:\/\/i0.wp.com\/saisfashion.com\/wp-content\/uploads\/2024\/10\/ALI06733.jpg?fit=800%2C1200&ssl=1&resize=525%2C300 1.5x, https:\/\/i0.wp.com\/saisfashion.com\/wp-content\/uploads\/2024\/10\/ALI06733.jpg?fit=800%2C1200&ssl=1&resize=700%2C400 2x"},"classes":[]},{"id":3934,"url":"https:\/\/saisfashion.com\/de\/produkt\/corduroy-maxi-dress-with-buttons\/","url_meta":{"origin":3936,"position":2},"title":"Cord-Maxi-Kleid mit Kn\u00f6pfen","author":"Silja","date":"14.11.2024","format":false,"excerpt":"Fair & ethically made Soft & robust fabric Lovely details Stays soft, even after many washes FREE shipping for orders above EUR 65","rel":"","context":"Mit 1 Kommentar","block_context":{"text":"Mit 1 Kommentar","link":"https:\/\/saisfashion.com\/de\/produkt\/corduroy-maxi-dress-with-buttons\/#comments"},"img":{"alt_text":"","src":"https:\/\/i0.wp.com\/saisfashion.com\/wp-content\/uploads\/2024\/10\/ALI06640.jpg?fit=800%2C1200&ssl=1&resize=350%2C200","width":350,"height":200,"srcset":"https:\/\/i0.wp.com\/saisfashion.com\/wp-content\/uploads\/2024\/10\/ALI06640.jpg?fit=800%2C1200&ssl=1&resize=350%2C200 1x, https:\/\/i0.wp.com\/saisfashion.com\/wp-content\/uploads\/2024\/10\/ALI06640.jpg?fit=800%2C1200&ssl=1&resize=525%2C300 1.5x, https:\/\/i0.wp.com\/saisfashion.com\/wp-content\/uploads\/2024\/10\/ALI06640.jpg?fit=800%2C1200&ssl=1&resize=700%2C400 2x"},"classes":[]},{"id":7286,"url":"https:\/\/saisfashion.com\/de\/produkt\/mommy-me-corduroy-set\/","url_meta":{"origin":3936,"position":3},"title":"Partnerlook-Set: Maxi-Kleid f\u00fcr Frauen + Kleid f\u00fcr M\u00e4dchen","author":"Silja","date":"16.09.2025","format":false,"excerpt":"Fair & ethically made Soft & robust fabric Lovely details Stays soft, even after many washes FREE shipping for orders above EUR 65","rel":"","context":"\u00c4hnlicher Beitrag","block_context":{"text":"\u00c4hnlicher Beitrag","link":""},"img":{"alt_text":"","src":"https:\/\/i0.wp.com\/saisfashion.com\/wp-content\/uploads\/2024\/10\/ALI06928.jpg?fit=800%2C1200&ssl=1&resize=350%2C200","width":350,"height":200,"srcset":"https:\/\/i0.wp.com\/saisfashion.com\/wp-content\/uploads\/2024\/10\/ALI06928.jpg?fit=800%2C1200&ssl=1&resize=350%2C200 1x, https:\/\/i0.wp.com\/saisfashion.com\/wp-content\/uploads\/2024\/10\/ALI06928.jpg?fit=800%2C1200&ssl=1&resize=525%2C300 1.5x, https:\/\/i0.wp.com\/saisfashion.com\/wp-content\/uploads\/2024\/10\/ALI06928.jpg?fit=800%2C1200&ssl=1&resize=700%2C400 2x"},"classes":[]},{"id":6947,"url":"https:\/\/saisfashion.com\/de\/produkt\/boys-set-pants-shirt\/","url_meta":{"origin":3936,"position":4},"title":"Zweiteiler f\u00fcr Jungs: Musselin-Hose + Leinen-Shirt f\u00fcr gro\u00dfe Abenteuer","author":"Silja","date":"14.08.2025","format":false,"excerpt":"Super comfy and stylish No harmful stuff for your kid Fair & ethically made Surprise GIFT for orders above EUR 80 FREE shipping for orders above EUR 65","rel":"","context":"\u00c4hnlicher Beitrag","block_context":{"text":"\u00c4hnlicher Beitrag","link":""},"img":{"alt_text":"","src":"https:\/\/i0.wp.com\/saisfashion.com\/wp-content\/uploads\/2025\/08\/IMG_9668-copy.jpg?fit=800%2C1200&ssl=1&resize=350%2C200","width":350,"height":200,"srcset":"https:\/\/i0.wp.com\/saisfashion.com\/wp-content\/uploads\/2025\/08\/IMG_9668-copy.jpg?fit=800%2C1200&ssl=1&resize=350%2C200 1x, https:\/\/i0.wp.com\/saisfashion.com\/wp-content\/uploads\/2025\/08\/IMG_9668-copy.jpg?fit=800%2C1200&ssl=1&resize=525%2C300 1.5x, https:\/\/i0.wp.com\/saisfashion.com\/wp-content\/uploads\/2025\/08\/IMG_9668-copy.jpg?fit=800%2C1200&ssl=1&resize=700%2C400 2x"},"classes":[]},{"id":3944,"url":"https:\/\/saisfashion.com\/de\/produkt\/oversize-cotton-hoodie-dress-for-girls\/","url_meta":{"origin":3936,"position":5},"title":"Oversized Hoodie-Kleid aus Baumwolle f\u00fcr M\u00e4dchen","author":"Silja","date":"02.11.2024","format":false,"excerpt":"Fluffy from the inside, stylish from the outside Durable & robust Fair & ethically made Surprise GIFT for orders above EUR 80 FREE shipping for orders above EUR 65","rel":"","context":"Mit 1 Kommentar","block_context":{"text":"Mit 1 Kommentar","link":"https:\/\/saisfashion.com\/de\/produkt\/oversize-cotton-hoodie-dress-for-girls\/#comments"},"img":{"alt_text":"","src":"https:\/\/i0.wp.com\/saisfashion.com\/wp-content\/uploads\/2024\/10\/ALI06356-copy.jpg?fit=800%2C1200&ssl=1&resize=350%2C200","width":350,"height":200,"srcset":"https:\/\/i0.wp.com\/saisfashion.com\/wp-content\/uploads\/2024\/10\/ALI06356-copy.jpg?fit=800%2C1200&ssl=1&resize=350%2C200 1x, https:\/\/i0.wp.com\/saisfashion.com\/wp-content\/uploads\/2024\/10\/ALI06356-copy.jpg?fit=800%2C1200&ssl=1&resize=525%2C300 1.5x, https:\/\/i0.wp.com\/saisfashion.com\/wp-content\/uploads\/2024\/10\/ALI06356-copy.jpg?fit=800%2C1200&ssl=1&resize=700%2C400 2x"},"classes":[]}],"jetpack_sharing_enabled":true,"_links":{"self":[{"href":"https:\/\/saisfashion.com\/de\/wp-json\/wp\/v2\/product\/3936","targetHints":{"allow":["GET"]}}],"collection":[{"href":"https:\/\/saisfashion.com\/de\/wp-json\/wp\/v2\/product"}],"about":[{"href":"https:\/\/saisfashion.com\/de\/wp-json\/wp\/v2\/types\/product"}],"replies":[{"embeddable":true,"href":"https:\/\/saisfashion.com\/de\/wp-json\/wp\/v2\/comments?post=3936"}],"wp:featuredmedia":[{"embeddable":true,"href":"https:\/\/saisfashion.com\/de\/wp-json\/wp\/v2\/media\/4254"}],"wp:attachment":[{"href":"https:\/\/saisfashion.com\/de\/wp-json\/wp\/v2\/media?parent=3936"}],"wp:term":[{"taxonomy":"product_brand","embeddable":true,"href":"https:\/\/saisfashion.com\/de\/wp-json\/wp\/v2\/product_brand?post=3936"},{"taxonomy":"product_cat","embeddable":true,"href":"https:\/\/saisfashion.com\/de\/wp-json\/wp\/v2\/product_cat?post=3936"},{"taxonomy":"product_tag","embeddable":true,"href":"https:\/\/saisfashion.com\/de\/wp-json\/wp\/v2\/product_tag?post=3936"}],"curies":[{"name":"wp","href":"https:\/\/api.w.org\/{rel}","templated":true}]}}