{"id":4143,"date":"2024-11-03T07:13:25","date_gmt":"2024-11-03T07:13:25","guid":{"rendered":"https:\/\/saisfashion.com\/?post_type=product&#038;p=4143"},"modified":"2025-08-24T08:17:15","modified_gmt":"2025-08-24T08:17:15","slug":"hair-clips-ribbon","status":"publish","type":"product","link":"https:\/\/saisfashion.com\/de\/produkt\/hair-clips-ribbon\/","title":{"rendered":"Haarspange mit Schlaufe"},"content":{"rendered":"<p>Wertet euren Stil mit diesen schicken Haarspangen mit B\u00e4ndern auf, die im Rahmen unserer Zero-Waste-Initiative hergestellt wurden. Diese Spangen wurden aus Stoffresten unserer Winterkollektion 2024\/2025 hergestellt und vereinen Nachhaltigkeit mit zeitloser Eleganz. Sie sind in zwei Gr\u00f6\u00dfen erh\u00e4ltlich und bieten Vielseitigkeit f\u00fcr eine Reihe von Frisuren und Anl\u00e4ssen. Kombiniert sie mit unseren \u00fcbergro\u00dfen Pullovern f\u00fcr einen wundersch\u00f6n abgestimmten und umweltfreundlichen Look.<\/p>\n<p class=\"\" data-start=\"77\" data-end=\"100\"><strong data-start=\"77\" data-end=\"100\">Weshalb ihr es lieben werdet:<\/strong><\/p>\n<ul>\n<li data-start=\"102\" data-end=\"547\" class=\"translation-block\"><strong data-start=\"105\" data-end=\"130\">Nachhaltig &amp; stylish<\/strong>: Aus upgecycelten Stoffresten gefertigt \u2013 diese Haarspangen verbinden Nachhaltigkeit mit Stil.<\/li>\n<li data-start=\"102\" data-end=\"547\" class=\"translation-block\"><strong data-start=\"230\" data-end=\"256\">Zeitloses Schlaufen-Design<\/strong>: W\u00e4hle zwischen der klassischen kleinen Schleife f\u00fcr einen eleganten Look oder der gro\u00dfen Schleife als modisches Statement.<\/li>\n<li data-start=\"102\" data-end=\"547\" class=\"translation-block\"><strong data-start=\"358\" data-end=\"377\">Perfekt kombiniert<\/strong>: L\u00e4sst sich m\u00fchelos mit unseren Oversize-Pullovern kombinieren \u2013 f\u00fcr einen stimmigen, gepflegten Look.<\/li>\n<li data-start=\"102\" data-end=\"547\" class=\"translation-block\"><strong data-start=\"458\" data-end=\"479\">Handgefertigter Charme<\/strong>: Mit Liebe handgemacht, wodurch jede Spange einzigartig und etwas ganz Besonderes ist.<\/li>\n<\/ul>\n<p><strong data-start=\"549\" data-end=\"561\">Details:<\/strong><\/p>\n<ul>\n<li><strong data-start=\"567\" data-end=\"576\">Gr\u00f6\u00dfen<\/strong>:\n<ul>\n<li>Kleine Schlaufe: ca. 16 x 8cm<\/li>\n<li>Gro\u00dfe Schlaufe: ca. 37 x 13 cm<\/li>\n<\/ul>\n<\/li>\n<li class=\"translation-block\"><strong data-start=\"662\" data-end=\"672\">Farben<\/strong>: Pastellmint, Babyblau<\/li>\n<li class=\"translation-block\"><strong>Material<\/strong>: 75% Baumwolle, 25% Baumwoll-Polyester-Mischung (ca. 90% Baumwolle)<\/li>\n<\/ul>","protected":false},"excerpt":{"rendered":"<p><strong>Stylish f\u00fcr dich...<\/strong><\/p>\n<p><strong>...gut f\u00fcr die Umwelt\u00a0<\/strong><\/p>\n<p><strong>Einzigartige St\u00fccke <\/strong><\/p>\n<p><strong>Sehr geringe Anzahl<\/strong><\/p>\n<p><strong>GRATIS Versand auf Bestellungen \u00fcber 65 EUR<\/strong><\/p>","protected":false},"featured_media":4393,"comment_status":"open","ping_status":"closed","template":"","meta":[],"product_brand":[],"product_cat":[165],"product_tag":[],"class_list":{"0":"post-4143","1":"product","2":"type-product","3":"status-publish","4":"has-post-thumbnail","6":"product_cat-accessories","7":"pa_color-baby-blue","8":"pa_color-pastel-mint","9":"pa_size-big","10":"pa_size-small","12":"first","13":"instock","14":"shipping-taxable","15":"purchasable","16":"product-type-variable"},"jetpack-related-posts":[{"id":4156,"url":"https:\/\/saisfashion.com\/de\/produkt\/hair-clips-butterfly\/","url_meta":{"origin":4143,"position":0},"title":"Kleine Haarspangen \"Schmetterling\"","author":"Silja","date":"03.11.2024","format":false,"excerpt":"Stylish for you Good for the environment\u00a0 Unique pieces Very limited quantity FREE shipping for orders above EUR 65","rel":"","context":"\u00c4hnlicher Beitrag","block_context":{"text":"\u00c4hnlicher Beitrag","link":""},"img":{"alt_text":"","src":"https:\/\/i0.wp.com\/saisfashion.com\/wp-content\/uploads\/2024\/11\/DJI_20241101_114200_171%E2%80%AFAM-scaled.jpg?fit=675%2C1200&ssl=1&resize=350%2C200","width":350,"height":200,"srcset":"https:\/\/i0.wp.com\/saisfashion.com\/wp-content\/uploads\/2024\/11\/DJI_20241101_114200_171%E2%80%AFAM-scaled.jpg?fit=675%2C1200&ssl=1&resize=350%2C200 1x, https:\/\/i0.wp.com\/saisfashion.com\/wp-content\/uploads\/2024\/11\/DJI_20241101_114200_171%E2%80%AFAM-scaled.jpg?fit=675%2C1200&ssl=1&resize=525%2C300 1.5x"},"classes":[]},{"id":4163,"url":"https:\/\/saisfashion.com\/de\/produkt\/small-hair-clips-rose\/","url_meta":{"origin":4143,"position":1},"title":"Kleine Haarspange \"Rose\"","author":"Silja","date":"03.11.2024","format":false,"excerpt":"Stylish for you Good for the environment\u00a0 Unique pieces Very limited quantity FREE shipping for orders above EUR 65","rel":"","context":"\u00c4hnlicher Beitrag","block_context":{"text":"\u00c4hnlicher Beitrag","link":""},"img":{"alt_text":"","src":"https:\/\/i0.wp.com\/saisfashion.com\/wp-content\/uploads\/2024\/11\/DJI_20241101_113229_249%E2%80%AFAM-scaled.jpg?fit=675%2C1200&ssl=1&resize=350%2C200","width":350,"height":200,"srcset":"https:\/\/i0.wp.com\/saisfashion.com\/wp-content\/uploads\/2024\/11\/DJI_20241101_113229_249%E2%80%AFAM-scaled.jpg?fit=675%2C1200&ssl=1&resize=350%2C200 1x, https:\/\/i0.wp.com\/saisfashion.com\/wp-content\/uploads\/2024\/11\/DJI_20241101_113229_249%E2%80%AFAM-scaled.jpg?fit=675%2C1200&ssl=1&resize=525%2C300 1.5x"},"classes":[]},{"id":3962,"url":"https:\/\/saisfashion.com\/de\/produkt\/hair-scrunchies-with-ribbon\/","url_meta":{"origin":4143,"position":2},"title":"Scrunchies mit Schlaufe","author":"Silja","date":"27.09.2024","format":false,"excerpt":"Stylish for you Good for the environment\u00a0 Unique pieces Very limited quantity FREE shipping for orders above EUR 65","rel":"","context":"\u00c4hnlicher Beitrag","block_context":{"text":"\u00c4hnlicher Beitrag","link":""},"img":{"alt_text":"","src":"https:\/\/i0.wp.com\/saisfashion.com\/wp-content\/uploads\/2024\/09\/PXL_20240927_073823781.PORTRAIT.ORIGINAL2-scaled.jpg?fit=675%2C1200&ssl=1&resize=350%2C200","width":350,"height":200,"srcset":"https:\/\/i0.wp.com\/saisfashion.com\/wp-content\/uploads\/2024\/09\/PXL_20240927_073823781.PORTRAIT.ORIGINAL2-scaled.jpg?fit=675%2C1200&ssl=1&resize=350%2C200 1x, https:\/\/i0.wp.com\/saisfashion.com\/wp-content\/uploads\/2024\/09\/PXL_20240927_073823781.PORTRAIT.ORIGINAL2-scaled.jpg?fit=675%2C1200&ssl=1&resize=525%2C300 1.5x"},"classes":[]},{"id":6927,"url":"https:\/\/saisfashion.com\/de\/produkt\/pure-linen-set-pants-kimono\/","url_meta":{"origin":4143,"position":3},"title":"Zweiteiler \"Good Vibes\": Hose + Kimono","author":"Silja","date":"13.08.2025","format":false,"excerpt":"Stylish oversized linen set 100% linen (certified fabric according to OEKO-TEX Standard 100) - 0% greenwashing! Fair & ethically made Surprise GIFT for orders above EUR 80 FREE shipping for orders above EUR 65","rel":"","context":"\u00c4hnlicher Beitrag","block_context":{"text":"\u00c4hnlicher Beitrag","link":""},"img":{"alt_text":"","src":"https:\/\/i0.wp.com\/saisfashion.com\/wp-content\/uploads\/2025\/08\/IMG_9734-copy-scaled.jpg?fit=800%2C1200&ssl=1&resize=350%2C200","width":350,"height":200,"srcset":"https:\/\/i0.wp.com\/saisfashion.com\/wp-content\/uploads\/2025\/08\/IMG_9734-copy-scaled.jpg?fit=800%2C1200&ssl=1&resize=350%2C200 1x, https:\/\/i0.wp.com\/saisfashion.com\/wp-content\/uploads\/2025\/08\/IMG_9734-copy-scaled.jpg?fit=800%2C1200&ssl=1&resize=525%2C300 1.5x, https:\/\/i0.wp.com\/saisfashion.com\/wp-content\/uploads\/2025\/08\/IMG_9734-copy-scaled.jpg?fit=800%2C1200&ssl=1&resize=700%2C400 2x"},"classes":[]},{"id":6908,"url":"https:\/\/saisfashion.com\/de\/produkt\/pure-linen-kimono\/","url_meta":{"origin":4143,"position":4},"title":"100% Leinen-Kimono \"Good Vibes\"","author":"Silja","date":"12.08.2025","format":false,"excerpt":"100% linen (certified fabric according to OEKO-TEX Standard 100) Practical & modest with ribbons in the front Fair & ethically made Surprise GIFT for orders above EUR 80 FREE shipping for orders above EUR 65","rel":"","context":"Mit 2 Kommentaren","block_context":{"text":"Mit 2 Kommentaren","link":"https:\/\/saisfashion.com\/de\/produkt\/pure-linen-kimono\/#comments"},"img":{"alt_text":"","src":"https:\/\/i0.wp.com\/saisfashion.com\/wp-content\/uploads\/2025\/08\/12-scaled.jpg?fit=800%2C1200&ssl=1&resize=350%2C200","width":350,"height":200,"srcset":"https:\/\/i0.wp.com\/saisfashion.com\/wp-content\/uploads\/2025\/08\/12-scaled.jpg?fit=800%2C1200&ssl=1&resize=350%2C200 1x, https:\/\/i0.wp.com\/saisfashion.com\/wp-content\/uploads\/2025\/08\/12-scaled.jpg?fit=800%2C1200&ssl=1&resize=525%2C300 1.5x, https:\/\/i0.wp.com\/saisfashion.com\/wp-content\/uploads\/2025\/08\/12-scaled.jpg?fit=800%2C1200&ssl=1&resize=700%2C400 2x"},"classes":[]},{"id":6948,"url":"https:\/\/saisfashion.com\/de\/produkt\/girls-set-pants-shirt\/","url_meta":{"origin":4143,"position":5},"title":"Zweiteiler f\u00fcr M\u00e4dchen: Musselin-Hose + Leinen-Shirt f\u00fcr gro\u00dfe Abenteuer","author":"Silja","date":"14.08.2025","format":false,"excerpt":"Super comfy and stylish No harmful stuff for your kid Fair & ethically made Surprise GIFT for orders above EUR 80 FREE shipping for orders above EUR 65","rel":"","context":"\u00c4hnlicher Beitrag","block_context":{"text":"\u00c4hnlicher Beitrag","link":""},"img":{"alt_text":"","src":"https:\/\/i0.wp.com\/saisfashion.com\/wp-content\/uploads\/2025\/08\/IMG_9786-copy-scaled.jpg?fit=800%2C1200&ssl=1&resize=350%2C200","width":350,"height":200,"srcset":"https:\/\/i0.wp.com\/saisfashion.com\/wp-content\/uploads\/2025\/08\/IMG_9786-copy-scaled.jpg?fit=800%2C1200&ssl=1&resize=350%2C200 1x, https:\/\/i0.wp.com\/saisfashion.com\/wp-content\/uploads\/2025\/08\/IMG_9786-copy-scaled.jpg?fit=800%2C1200&ssl=1&resize=525%2C300 1.5x, https:\/\/i0.wp.com\/saisfashion.com\/wp-content\/uploads\/2025\/08\/IMG_9786-copy-scaled.jpg?fit=800%2C1200&ssl=1&resize=700%2C400 2x"},"classes":[]}],"jetpack_sharing_enabled":true,"_links":{"self":[{"href":"https:\/\/saisfashion.com\/de\/wp-json\/wp\/v2\/product\/4143","targetHints":{"allow":["GET"]}}],"collection":[{"href":"https:\/\/saisfashion.com\/de\/wp-json\/wp\/v2\/product"}],"about":[{"href":"https:\/\/saisfashion.com\/de\/wp-json\/wp\/v2\/types\/product"}],"replies":[{"embeddable":true,"href":"https:\/\/saisfashion.com\/de\/wp-json\/wp\/v2\/comments?post=4143"}],"wp:featuredmedia":[{"embeddable":true,"href":"https:\/\/saisfashion.com\/de\/wp-json\/wp\/v2\/media\/4393"}],"wp:attachment":[{"href":"https:\/\/saisfashion.com\/de\/wp-json\/wp\/v2\/media?parent=4143"}],"wp:term":[{"taxonomy":"product_brand","embeddable":true,"href":"https:\/\/saisfashion.com\/de\/wp-json\/wp\/v2\/product_brand?post=4143"},{"taxonomy":"product_cat","embeddable":true,"href":"https:\/\/saisfashion.com\/de\/wp-json\/wp\/v2\/product_cat?post=4143"},{"taxonomy":"product_tag","embeddable":true,"href":"https:\/\/saisfashion.com\/de\/wp-json\/wp\/v2\/product_tag?post=4143"}],"curies":[{"name":"wp","href":"https:\/\/api.w.org\/{rel}","templated":true}]}}