{"id":427,"date":"2024-11-14T14:44:12","date_gmt":"2024-11-14T14:44:12","guid":{"rendered":"https:\/\/saisfashion.com\/?post_type=product&#038;p=427"},"modified":"2026-01-30T16:45:47","modified_gmt":"2026-01-30T16:45:47","slug":"oversize-cotton-jogger-set-for-toddlers","status":"publish","type":"product","link":"https:\/\/saisfashion.com\/de\/produkt\/oversize-cotton-jogger-set-for-toddlers\/","title":{"rendered":"Oversized Jogginganzug f\u00fcr Kleinkinder"},"content":{"rendered":"<p class=\"translation-block\">Sorgt mit unserem <strong>\u00fcbergro\u00dfen Jogginganzug aus Baumwolle<\/strong> daf\u00fcr, dass es eure Kleinen warm und schick haben. Das Set ist f\u00fcr ganzt\u00e4gigen Komfort konzipiert \u2013 egal, ob sie die Natur erkunden oder zu Hause faulenzen.<\/p>\n<p class=\"\" data-start=\"68\" data-end=\"92\"><strong data-start=\"68\" data-end=\"92\">Weshalb Eltern es lieben:<\/strong><\/p>\n<ul>\n<li data-start=\"94\" data-end=\"384\" class=\"translation-block\"><strong data-start=\"97\" data-end=\"114\">Weich &amp; sanft<\/strong>: Kuschelige Innenseite \u2013 perfekt auch f\u00fcr empfindliche Haut.<\/li>\n<li data-start=\"94\" data-end=\"384\" class=\"translation-block\"><strong data-start=\"164\" data-end=\"184\">Praktisches Design<\/strong>: Warme Kapuze + Fronttasche f\u00fcr kleine Sch\u00e4tze<\/li>\n<li data-start=\"94\" data-end=\"384\" class=\"translation-block\"><strong data-start=\"238\" data-end=\"258\">Abgestimmte Looks<\/strong>: Mommy-and-me Zweiteiler f\u00fcr s\u00fc\u00dfe Familienmomente unterwegs.<\/li>\n<li data-start=\"94\" data-end=\"384\" class=\"translation-block\"><strong data-start=\"308\" data-end=\"327\">Zeitlose Farben<\/strong>: Erh\u00e4ltlich in Grau und Mint \u2013 vielseitig tragbar zu jedem Anlass.<\/li>\n<li data-start=\"94\" data-end=\"384\" class=\"translation-block\"><strong data-start=\"170\" data-end=\"193\">Hochwertiger Stoff<\/strong>: Bleibt auch nach mehreren W\u00e4schen weich. <span style=\"font-weight: 400\">Super strapazierf\u00e4hig dank hochwertiger t\u00fcrkischer Baumwolle<\/span><\/li>\n<\/ul>\n<p class=\"\" data-start=\"386\" data-end=\"529\"><strong data-start=\"386\" data-end=\"398\">Details:<\/strong><\/p>\n<ul>\n<li data-start=\"386\" data-end=\"529\" class=\"translation-block\"><strong data-start=\"430\" data-end=\"440\">Farben<\/strong>: Grau, Mint<\/li>\n<li class=\"translation-block\"><strong data-start=\"404\" data-end=\"413\">Gr\u00f6\u00dfen<\/strong>: 1 Jahr (Gr. 92), 2 Jahre (Gr. 98), 3 Jahre (Gr. 104), 4 Jahre (Gr. 110)<\/li>\n<li data-start=\"386\" data-end=\"529\" class=\"translation-block\"><strong>Material<\/strong>: 75% Baumwolle, 25% Baumwoll-Polyester-Mischung (ca. 90% Baumwolle)<\/li>\n<\/ul>","protected":false},"excerpt":{"rendered":"<p><strong>Fair &amp; nachhaltig hergestellt<\/strong><\/p>\n<p><strong>Bequemer &amp; robuster Stoff<\/strong><\/p>\n<p><strong>Praktischer Schnitt<\/strong><\/p>\n<p><strong>\u00dcberraschungsgeschenk bei Bestellungen \u00fcber 80 EUR<\/strong><\/p>\n<p><strong>GRATIS Versand auf Bestellungen \u00fcber 65 EUR<\/strong><\/p>","protected":false},"featured_media":4309,"comment_status":"open","ping_status":"closed","template":"","meta":[],"product_brand":[],"product_cat":[24,208,179,175],"product_tag":[],"class_list":{"0":"post-427","1":"product","2":"type-product","3":"status-publish","4":"has-post-thumbnail","6":"product_cat-clothing-children","7":"product_cat-oversized-winter-style","8":"product_cat-pants-sets-kids","9":"product_cat-tops-kids","10":"pa_color-gray","11":"pa_color-mint","12":"pa_size-1-year","13":"pa_size-2-years","14":"pa_size-3-years","15":"pa_size-4-years","17":"first","18":"instock","19":"shipping-taxable","20":"purchasable","21":"product-type-variable","22":"has-default-attributes"},"jetpack-related-posts":[{"id":1656,"url":"https:\/\/saisfashion.com\/de\/produkt\/oversize-jogger-set-for-women\/","url_meta":{"origin":427,"position":0},"title":"Oversized Baumwoll-Jogginganzug f\u00fcr Frauen","author":"Silja","date":"14.11.2024","format":false,"excerpt":"Fair & ethically made Cozy & robust fabric Practical cut Surprise GIFT for orders above EUR 80 FREE shipping for orders above EUR 65","rel":"","context":"Mit 2 Kommentaren","block_context":{"text":"Mit 2 Kommentaren","link":"https:\/\/saisfashion.com\/de\/produkt\/oversize-jogger-set-for-women\/#comments"},"img":{"alt_text":"","src":"https:\/\/i0.wp.com\/saisfashion.com\/wp-content\/uploads\/2023\/05\/ALI08178.jpg?fit=800%2C1200&ssl=1&resize=350%2C200","width":350,"height":200,"srcset":"https:\/\/i0.wp.com\/saisfashion.com\/wp-content\/uploads\/2023\/05\/ALI08178.jpg?fit=800%2C1200&ssl=1&resize=350%2C200 1x, https:\/\/i0.wp.com\/saisfashion.com\/wp-content\/uploads\/2023\/05\/ALI08178.jpg?fit=800%2C1200&ssl=1&resize=525%2C300 1.5x, https:\/\/i0.wp.com\/saisfashion.com\/wp-content\/uploads\/2023\/05\/ALI08178.jpg?fit=800%2C1200&ssl=1&resize=700%2C400 2x"},"classes":[]},{"id":2771,"url":"https:\/\/saisfashion.com\/de\/produkt\/jogger-set-for-kids\/","url_meta":{"origin":427,"position":1},"title":"Bequemer Zweiteiler f\u00fcr Kinder","author":"Silja","date":"03.05.2025","format":false,"excerpt":"Fair & ethically made Soft & robust fabric Practical cut Surprise GIFT for orders above EUR 80 FREE shipping for orders above EUR 65","rel":"","context":"\u00c4hnlicher Beitrag","block_context":{"text":"\u00c4hnlicher Beitrag","link":""},"img":{"alt_text":"","src":"https:\/\/i0.wp.com\/saisfashion.com\/wp-content\/uploads\/2024\/06\/Copy-of-ALI04957-copy-scaled.jpg?fit=800%2C1200&ssl=1&resize=350%2C200","width":350,"height":200,"srcset":"https:\/\/i0.wp.com\/saisfashion.com\/wp-content\/uploads\/2024\/06\/Copy-of-ALI04957-copy-scaled.jpg?fit=800%2C1200&ssl=1&resize=350%2C200 1x, https:\/\/i0.wp.com\/saisfashion.com\/wp-content\/uploads\/2024\/06\/Copy-of-ALI04957-copy-scaled.jpg?fit=800%2C1200&ssl=1&resize=525%2C300 1.5x, https:\/\/i0.wp.com\/saisfashion.com\/wp-content\/uploads\/2024\/06\/Copy-of-ALI04957-copy-scaled.jpg?fit=800%2C1200&ssl=1&resize=700%2C400 2x"},"classes":[]},{"id":3944,"url":"https:\/\/saisfashion.com\/de\/produkt\/oversize-cotton-hoodie-dress-for-girls\/","url_meta":{"origin":427,"position":2},"title":"Oversized Hoodie-Kleid aus Baumwolle f\u00fcr M\u00e4dchen","author":"Silja","date":"02.11.2024","format":false,"excerpt":"Fluffy from the inside, stylish from the outside Durable & robust Fair & ethically made Surprise GIFT for orders above EUR 80 FREE shipping for orders above EUR 65","rel":"","context":"Mit 1 Kommentar","block_context":{"text":"Mit 1 Kommentar","link":"https:\/\/saisfashion.com\/de\/produkt\/oversize-cotton-hoodie-dress-for-girls\/#comments"},"img":{"alt_text":"","src":"https:\/\/i0.wp.com\/saisfashion.com\/wp-content\/uploads\/2024\/10\/ALI06356-copy.jpg?fit=800%2C1200&ssl=1&resize=350%2C200","width":350,"height":200,"srcset":"https:\/\/i0.wp.com\/saisfashion.com\/wp-content\/uploads\/2024\/10\/ALI06356-copy.jpg?fit=800%2C1200&ssl=1&resize=350%2C200 1x, https:\/\/i0.wp.com\/saisfashion.com\/wp-content\/uploads\/2024\/10\/ALI06356-copy.jpg?fit=800%2C1200&ssl=1&resize=525%2C300 1.5x, https:\/\/i0.wp.com\/saisfashion.com\/wp-content\/uploads\/2024\/10\/ALI06356-copy.jpg?fit=800%2C1200&ssl=1&resize=700%2C400 2x"},"classes":[]},{"id":2764,"url":"https:\/\/saisfashion.com\/de\/produkt\/modest-jogger-set-women\/","url_meta":{"origin":427,"position":3},"title":"Bedeckender Zweiteiler f\u00fcr Frauen","author":"Silja","date":"03.05.2025","format":false,"excerpt":"Fair & ethically made Soft & robust fabric Practical cut Surprise GIFT for orders above EUR 80 FREE shipping for orders above EUR 65","rel":"","context":"\u00c4hnlicher Beitrag","block_context":{"text":"\u00c4hnlicher Beitrag","link":""},"img":{"alt_text":"","src":"https:\/\/i0.wp.com\/saisfashion.com\/wp-content\/uploads\/2024\/06\/Copy-of-ALI04684-copy-scaled.jpg?fit=800%2C1200&ssl=1&resize=350%2C200","width":350,"height":200,"srcset":"https:\/\/i0.wp.com\/saisfashion.com\/wp-content\/uploads\/2024\/06\/Copy-of-ALI04684-copy-scaled.jpg?fit=800%2C1200&ssl=1&resize=350%2C200 1x, https:\/\/i0.wp.com\/saisfashion.com\/wp-content\/uploads\/2024\/06\/Copy-of-ALI04684-copy-scaled.jpg?fit=800%2C1200&ssl=1&resize=525%2C300 1.5x, https:\/\/i0.wp.com\/saisfashion.com\/wp-content\/uploads\/2024\/06\/Copy-of-ALI04684-copy-scaled.jpg?fit=800%2C1200&ssl=1&resize=700%2C400 2x"},"classes":[]},{"id":3946,"url":"https:\/\/saisfashion.com\/de\/produkt\/oversize-cotton-sweater-for-toddlers\/","url_meta":{"origin":427,"position":4},"title":"Unisex Oversized Baumwoll-Pullover f\u00fcr Kleinkinder","author":"Silja","date":"02.11.2024","format":false,"excerpt":"Fair & ethically made Fluffy & robust fabric Lovely details Surprise GIFT for orders above EUR 80 FREE shipping for orders above EUR 65","rel":"","context":"Mit 3 Kommentaren","block_context":{"text":"Mit 3 Kommentaren","link":"https:\/\/saisfashion.com\/de\/produkt\/oversize-cotton-sweater-for-toddlers\/#comments"},"img":{"alt_text":"","src":"https:\/\/i0.wp.com\/saisfashion.com\/wp-content\/uploads\/2024\/10\/ALI04007-copy.jpg?fit=800%2C1200&ssl=1&resize=350%2C200","width":350,"height":200,"srcset":"https:\/\/i0.wp.com\/saisfashion.com\/wp-content\/uploads\/2024\/10\/ALI04007-copy.jpg?fit=800%2C1200&ssl=1&resize=350%2C200 1x, https:\/\/i0.wp.com\/saisfashion.com\/wp-content\/uploads\/2024\/10\/ALI04007-copy.jpg?fit=800%2C1200&ssl=1&resize=525%2C300 1.5x, https:\/\/i0.wp.com\/saisfashion.com\/wp-content\/uploads\/2024\/10\/ALI04007-copy.jpg?fit=800%2C1200&ssl=1&resize=700%2C400 2x"},"classes":[]},{"id":3943,"url":"https:\/\/saisfashion.com\/de\/produkt\/oversize-cotton-hoodie-for-women\/","url_meta":{"origin":427,"position":5},"title":"Oversized Baumwoll-Hoodie f\u00fcr Frauen","author":"Silja","date":"02.11.2024","format":false,"excerpt":"Fluffy from the inside, stylish from the outside Practical & modest Fair & ethically made Surprise GIFT for orders above EUR 80 FREE shipping for orders above EUR 65","rel":"","context":"\u00c4hnlicher Beitrag","block_context":{"text":"\u00c4hnlicher Beitrag","link":""},"img":{"alt_text":"","src":"https:\/\/i0.wp.com\/saisfashion.com\/wp-content\/uploads\/2024\/10\/ALI05530-copy.jpg?fit=800%2C1200&ssl=1&resize=350%2C200","width":350,"height":200,"srcset":"https:\/\/i0.wp.com\/saisfashion.com\/wp-content\/uploads\/2024\/10\/ALI05530-copy.jpg?fit=800%2C1200&ssl=1&resize=350%2C200 1x, https:\/\/i0.wp.com\/saisfashion.com\/wp-content\/uploads\/2024\/10\/ALI05530-copy.jpg?fit=800%2C1200&ssl=1&resize=525%2C300 1.5x, https:\/\/i0.wp.com\/saisfashion.com\/wp-content\/uploads\/2024\/10\/ALI05530-copy.jpg?fit=800%2C1200&ssl=1&resize=700%2C400 2x"},"classes":[]}],"jetpack_sharing_enabled":true,"_links":{"self":[{"href":"https:\/\/saisfashion.com\/de\/wp-json\/wp\/v2\/product\/427","targetHints":{"allow":["GET"]}}],"collection":[{"href":"https:\/\/saisfashion.com\/de\/wp-json\/wp\/v2\/product"}],"about":[{"href":"https:\/\/saisfashion.com\/de\/wp-json\/wp\/v2\/types\/product"}],"replies":[{"embeddable":true,"href":"https:\/\/saisfashion.com\/de\/wp-json\/wp\/v2\/comments?post=427"}],"wp:featuredmedia":[{"embeddable":true,"href":"https:\/\/saisfashion.com\/de\/wp-json\/wp\/v2\/media\/4309"}],"wp:attachment":[{"href":"https:\/\/saisfashion.com\/de\/wp-json\/wp\/v2\/media?parent=427"}],"wp:term":[{"taxonomy":"product_brand","embeddable":true,"href":"https:\/\/saisfashion.com\/de\/wp-json\/wp\/v2\/product_brand?post=427"},{"taxonomy":"product_cat","embeddable":true,"href":"https:\/\/saisfashion.com\/de\/wp-json\/wp\/v2\/product_cat?post=427"},{"taxonomy":"product_tag","embeddable":true,"href":"https:\/\/saisfashion.com\/de\/wp-json\/wp\/v2\/product_tag?post=427"}],"curies":[{"name":"wp","href":"https:\/\/api.w.org\/{rel}","templated":true}]}}