{"id":4403,"date":"2024-11-17T17:46:37","date_gmt":"2024-11-17T17:46:37","guid":{"rendered":"https:\/\/saisfashion.com\/?post_type=product&#038;p=4403"},"modified":"2025-08-24T08:15:53","modified_gmt":"2025-08-24T08:15:53","slug":"phone-bag","status":"publish","type":"product","link":"https:\/\/saisfashion.com\/de\/produkt\/phone-bag\/","title":{"rendered":"Handytasche"},"content":{"rendered":"<p class=\"translation-block\">Wir stellen unsere wundersch\u00f6n gefertigten <strong>Zero-Waste-Handytaschen<\/strong> vor, die Funktionalit\u00e4t mit ethischer Mode verbinden. Diese eleganten Taschen werden aus den <strong>Restenstoffen<\/strong> unserer <strong>langen, \u00fcbergro\u00dfen M\u00e4ntel der Kollektion von 2024\/2025<\/strong> hergestellt und zeigen unser Engagement f\u00fcr Nachhaltigkeit und Zero Waste.<\/p>\n<p><strong>Weshalb ihr es lieben werdet:<\/strong><\/p>\n<ul>\n<li class=\"translation-block\"><strong data-start=\"194\" data-end=\"211\">Sicheres Design<\/strong>: Innenfutter + Rei\u00dfverschluss um deine wichtigsten Sachen sicher zu verwahren.<\/li>\n<li><strong data-start=\"194\" data-end=\"211\">Secure design<\/strong>: Inner lining + zip closure to keep your essentials safe.<\/li>\n<li class=\"translation-block\"><strong data-start=\"275\" data-end=\"296\">Zeitlose Eleganz<\/strong>: Braun und Beige sind perfekt f\u00fcr jedes Outfit.<\/li>\n<li class=\"translation-block\"><strong data-start=\"349\" data-end=\"372\">Kompakt &amp; praktisch<\/strong>: Bietet Platz f\u00fcr Handy und das Wichtigste \u2013 ideal f\u00fcr unterwegs.<\/li>\n<li class=\"translation-block\"><strong data-start=\"294\" data-end=\"317\">Handwerkskunst st\u00e4rken<\/strong>: Handgefertigt von syrischen Fl\u00fcchtlingsfrauen in der T\u00fcrkei, zur F\u00f6rderung von Nachhaltigkeit und Handwerkskunst.<\/li>\n<\/ul>\n<p class=\"\" data-start=\"548\" data-end=\"662\"><strong data-start=\"548\" data-end=\"560\">Details:<\/strong><\/p>\n<ul>\n<li class=\"translation-block\"><strong data-start=\"566\" data-end=\"574\">Gr\u00f6\u00dfe<\/strong>: ca. 22 x 11 cm<\/li>\n<li class=\"translation-block\"><strong data-start=\"600\" data-end=\"610\">Farben<\/strong>: Braun, Beige<\/li>\n<li class=\"translation-block\"><strong data-start=\"635\" data-end=\"647\">Material<\/strong>: 100% Wollmix<\/li>\n<\/ul>","protected":false},"excerpt":{"rendered":"<p><strong>Stylish f\u00fcr dich...<\/strong><\/p>\n<p><strong>...gut f\u00fcr die Umwelt\u00a0<\/strong><\/p>\n<p><strong>Einzigartige St\u00fccke <\/strong><\/p>\n<p><strong>Sehr geringe Anzahl<\/strong><\/p>\n<p><strong>GRATIS Versand auf Bestellungen \u00fcber 65 EUR<\/strong><\/p>","protected":false},"featured_media":4439,"comment_status":"open","ping_status":"closed","template":"","meta":[],"product_brand":[],"product_cat":[165],"product_tag":[],"class_list":{"0":"post-4403","1":"product","2":"type-product","3":"status-publish","4":"has-post-thumbnail","6":"product_cat-accessories","7":"pa_color-beige","8":"pa_color-brown","10":"first","11":"instock","12":"shipping-taxable","13":"product-type-variable","14":"has-default-attributes"},"jetpack-related-posts":[{"id":4170,"url":"https:\/\/saisfashion.com\/de\/produkt\/cord-bag\/","url_meta":{"origin":4403,"position":0},"title":"Schn\u00fcrbeutel","author":"Silja","date":"03.11.2024","format":false,"excerpt":"Stylish for you Good for the environment\u00a0 Unique pieces Very limited quantity FREE shipping for orders above EUR 65","rel":"","context":"\u00c4hnlicher Beitrag","block_context":{"text":"\u00c4hnlicher Beitrag","link":""},"img":{"alt_text":"","src":"https:\/\/i0.wp.com\/saisfashion.com\/wp-content\/uploads\/2024\/11\/DJI_20241101_114909_195%E2%80%AFAM-1-scaled.jpg?fit=675%2C1200&ssl=1&resize=350%2C200","width":350,"height":200,"srcset":"https:\/\/i0.wp.com\/saisfashion.com\/wp-content\/uploads\/2024\/11\/DJI_20241101_114909_195%E2%80%AFAM-1-scaled.jpg?fit=675%2C1200&ssl=1&resize=350%2C200 1x, https:\/\/i0.wp.com\/saisfashion.com\/wp-content\/uploads\/2024\/11\/DJI_20241101_114909_195%E2%80%AFAM-1-scaled.jpg?fit=675%2C1200&ssl=1&resize=525%2C300 1.5x"},"classes":[]},{"id":4166,"url":"https:\/\/saisfashion.com\/de\/produkt\/cosmetic-bag-with-zip\/","url_meta":{"origin":4403,"position":1},"title":"Cosmetic Bag with Zip","author":"Silja","date":"03.11.2024","format":false,"excerpt":"Stylish for you Good for the environment\u00a0 Unique pieces Very limited quantity FREE shipping for orders above EUR 65","rel":"","context":"Mit 2 Kommentaren","block_context":{"text":"Mit 2 Kommentaren","link":"https:\/\/saisfashion.com\/de\/produkt\/cosmetic-bag-with-zip\/#comments"},"img":{"alt_text":"","src":"https:\/\/i0.wp.com\/saisfashion.com\/wp-content\/uploads\/2024\/11\/DJI_20241101_115452_922%E2%80%AFAM-scaled.jpg?fit=675%2C1200&ssl=1&resize=350%2C200","width":350,"height":200,"srcset":"https:\/\/i0.wp.com\/saisfashion.com\/wp-content\/uploads\/2024\/11\/DJI_20241101_115452_922%E2%80%AFAM-scaled.jpg?fit=675%2C1200&ssl=1&resize=350%2C200 1x, https:\/\/i0.wp.com\/saisfashion.com\/wp-content\/uploads\/2024\/11\/DJI_20241101_115452_922%E2%80%AFAM-scaled.jpg?fit=675%2C1200&ssl=1&resize=525%2C300 1.5x"},"classes":[]},{"id":4406,"url":"https:\/\/saisfashion.com\/de\/produkt\/tote-bag\/","url_meta":{"origin":4403,"position":2},"title":"Tote Bag","author":"Silja","date":"17.11.2024","format":false,"excerpt":"Stylish for you Good for the environment\u00a0 Unique pieces Very limited quantity FREE shipping for orders above EUR 80","rel":"","context":"\u00c4hnlicher Beitrag","block_context":{"text":"\u00c4hnlicher Beitrag","link":""},"img":{"alt_text":"","src":"https:\/\/i0.wp.com\/saisfashion.com\/wp-content\/uploads\/2024\/11\/DJI_20241118_124840_235%E2%80%AFPM-scaled.jpg?fit=856%2C1200&ssl=1&resize=350%2C200","width":350,"height":200,"srcset":"https:\/\/i0.wp.com\/saisfashion.com\/wp-content\/uploads\/2024\/11\/DJI_20241118_124840_235%E2%80%AFPM-scaled.jpg?fit=856%2C1200&ssl=1&resize=350%2C200 1x, https:\/\/i0.wp.com\/saisfashion.com\/wp-content\/uploads\/2024\/11\/DJI_20241118_124840_235%E2%80%AFPM-scaled.jpg?fit=856%2C1200&ssl=1&resize=525%2C300 1.5x, https:\/\/i0.wp.com\/saisfashion.com\/wp-content\/uploads\/2024\/11\/DJI_20241118_124840_235%E2%80%AFPM-scaled.jpg?fit=856%2C1200&ssl=1&resize=700%2C400 2x"},"classes":[]},{"id":3962,"url":"https:\/\/saisfashion.com\/de\/produkt\/hair-scrunchies-with-ribbon\/","url_meta":{"origin":4403,"position":3},"title":"Scrunchies mit Schlaufe","author":"Silja","date":"27.09.2024","format":false,"excerpt":"Stylish for you Good for the environment\u00a0 Unique pieces Very limited quantity FREE shipping for orders above EUR 65","rel":"","context":"\u00c4hnlicher Beitrag","block_context":{"text":"\u00c4hnlicher Beitrag","link":""},"img":{"alt_text":"","src":"https:\/\/i0.wp.com\/saisfashion.com\/wp-content\/uploads\/2024\/09\/PXL_20240927_073823781.PORTRAIT.ORIGINAL2-scaled.jpg?fit=675%2C1200&ssl=1&resize=350%2C200","width":350,"height":200,"srcset":"https:\/\/i0.wp.com\/saisfashion.com\/wp-content\/uploads\/2024\/09\/PXL_20240927_073823781.PORTRAIT.ORIGINAL2-scaled.jpg?fit=675%2C1200&ssl=1&resize=350%2C200 1x, https:\/\/i0.wp.com\/saisfashion.com\/wp-content\/uploads\/2024\/09\/PXL_20240927_073823781.PORTRAIT.ORIGINAL2-scaled.jpg?fit=675%2C1200&ssl=1&resize=525%2C300 1.5x"},"classes":[]},{"id":3947,"url":"https:\/\/saisfashion.com\/de\/produkt\/simple-hair-scrunchies\/","url_meta":{"origin":4403,"position":4},"title":"Einfache Scrunchies","author":"Silja","date":"30.09.2024","format":false,"excerpt":"Stylish for you Good for the environment\u00a0 Unique pieces Very limited quantity FREE shipping for orders above EUR 65","rel":"","context":"\u00c4hnlicher Beitrag","block_context":{"text":"\u00c4hnlicher Beitrag","link":""},"img":{"alt_text":"","src":"https:\/\/i0.wp.com\/saisfashion.com\/wp-content\/uploads\/2024\/09\/PXL_20240927_073217490.PORTRAIT-scaled.jpg?fit=675%2C1200&ssl=1&resize=350%2C200","width":350,"height":200,"srcset":"https:\/\/i0.wp.com\/saisfashion.com\/wp-content\/uploads\/2024\/09\/PXL_20240927_073217490.PORTRAIT-scaled.jpg?fit=675%2C1200&ssl=1&resize=350%2C200 1x, https:\/\/i0.wp.com\/saisfashion.com\/wp-content\/uploads\/2024\/09\/PXL_20240927_073217490.PORTRAIT-scaled.jpg?fit=675%2C1200&ssl=1&resize=525%2C300 1.5x"},"classes":[]},{"id":4143,"url":"https:\/\/saisfashion.com\/de\/produkt\/hair-clips-ribbon\/","url_meta":{"origin":4403,"position":5},"title":"Haarspange mit Schlaufe","author":"Silja","date":"03.11.2024","format":false,"excerpt":"Stylish for you Good for the environment\u00a0 Unique pieces Very limited quantity FREE shipping for orders above EUR 65","rel":"","context":"Mit 1 Kommentar","block_context":{"text":"Mit 1 Kommentar","link":"https:\/\/saisfashion.com\/de\/produkt\/hair-clips-ribbon\/#comments"},"img":{"alt_text":"","src":"https:\/\/i0.wp.com\/saisfashion.com\/wp-content\/uploads\/2024\/11\/DJI_20241101_112333_939%E2%80%AFAM-scaled.jpg?fit=675%2C1200&ssl=1&resize=350%2C200","width":350,"height":200,"srcset":"https:\/\/i0.wp.com\/saisfashion.com\/wp-content\/uploads\/2024\/11\/DJI_20241101_112333_939%E2%80%AFAM-scaled.jpg?fit=675%2C1200&ssl=1&resize=350%2C200 1x, https:\/\/i0.wp.com\/saisfashion.com\/wp-content\/uploads\/2024\/11\/DJI_20241101_112333_939%E2%80%AFAM-scaled.jpg?fit=675%2C1200&ssl=1&resize=525%2C300 1.5x"},"classes":[]}],"jetpack_sharing_enabled":true,"_links":{"self":[{"href":"https:\/\/saisfashion.com\/de\/wp-json\/wp\/v2\/product\/4403","targetHints":{"allow":["GET"]}}],"collection":[{"href":"https:\/\/saisfashion.com\/de\/wp-json\/wp\/v2\/product"}],"about":[{"href":"https:\/\/saisfashion.com\/de\/wp-json\/wp\/v2\/types\/product"}],"replies":[{"embeddable":true,"href":"https:\/\/saisfashion.com\/de\/wp-json\/wp\/v2\/comments?post=4403"}],"wp:featuredmedia":[{"embeddable":true,"href":"https:\/\/saisfashion.com\/de\/wp-json\/wp\/v2\/media\/4439"}],"wp:attachment":[{"href":"https:\/\/saisfashion.com\/de\/wp-json\/wp\/v2\/media?parent=4403"}],"wp:term":[{"taxonomy":"product_brand","embeddable":true,"href":"https:\/\/saisfashion.com\/de\/wp-json\/wp\/v2\/product_brand?post=4403"},{"taxonomy":"product_cat","embeddable":true,"href":"https:\/\/saisfashion.com\/de\/wp-json\/wp\/v2\/product_cat?post=4403"},{"taxonomy":"product_tag","embeddable":true,"href":"https:\/\/saisfashion.com\/de\/wp-json\/wp\/v2\/product_tag?post=4403"}],"curies":[{"name":"wp","href":"https:\/\/api.w.org\/{rel}","templated":true}]}}