{"id":4406,"date":"2024-11-17T17:50:25","date_gmt":"2024-11-17T17:50:25","guid":{"rendered":"https:\/\/saisfashion.com\/?post_type=product&#038;p=4406"},"modified":"2026-01-06T08:45:40","modified_gmt":"2026-01-06T08:45:40","slug":"tote-bag","status":"publish","type":"product","link":"https:\/\/saisfashion.com\/de\/produkt\/tote-bag\/","title":{"rendered":"Tote Bag"},"content":{"rendered":"<p class=\"translation-block\">Wir stellen unsere <strong>Zero-Waste-Tragetaschen<\/strong> vor, die mit Sinn und Liebe hergestellt wurden. Diese Taschen werden aus Stoffresten unserer <strong>Winterkollektion 2024\/2025<\/strong> hergestellt \u2013 den gleichen hochwertigen Materialien, die f\u00fcr unsere <strong>Oversize-Pullover und Hoodies<\/strong> verwendet werden. Diese Tragetaschen sind mit einem <strong>Innenfutter<\/strong> f\u00fcr Langlebigkeit ausgestattet und ebenso praktisch wie stilvoll.<\/p>\n<p class=\"\" data-start=\"57\" data-end=\"82\"><strong data-start=\"57\" data-end=\"82\">Weshalb ihr es lieben werdet:<\/strong><\/p>\n<ul>\n<li data-start=\"84\" data-end=\"406\" class=\"translation-block\"><strong data-start=\"87\" data-end=\"101\">Zero waste<\/strong>: Jede Tragetasche tr\u00e4gt dazu bei, Stoffabf\u00e4lle zu reduzieren.<\/li>\n<li data-start=\"84\" data-end=\"406\" class=\"translation-block\"><strong data-start=\"146\" data-end=\"165\">Premium Qualit\u00e4t<\/strong>: Weiche, strapazierf\u00e4hige Baumwolle f\u00fcr den t\u00e4glichen Gebrauch<\/li>\n<li data-start=\"84\" data-end=\"406\" class=\"translation-block\"><strong data-start=\"211\" data-end=\"230\">Vielf\u00e4ltiger Style<\/strong>: Schicke Farbt\u00f6ne in Ziegelrot, Babyblau und Pastellmint.<\/li>\n<li data-start=\"84\" data-end=\"406\" class=\"translation-block\"><strong data-start=\"294\" data-end=\"317\">Handwerkskunst st\u00e4rken<\/strong>: Handgefertigt von syrischen Fl\u00fcchtlingsfrauen in der T\u00fcrkei, zur F\u00f6rderung von Nachhaltigkeit und Handwerkskunst.<\/li>\n<\/ul>\n<p class=\"\" data-start=\"408\" data-end=\"533\"><strong data-start=\"408\" data-end=\"420\">Details:<\/strong><\/p>\n<ul>\n<li data-start=\"408\" data-end=\"533\" class=\"translation-block\"><strong>Gr\u00f6\u00dfe:<\/strong> Ca. 37 x 35 cm<\/li>\n<li data-start=\"408\" data-end=\"533\" class=\"translation-block\"><strong data-start=\"460\" data-end=\"472\">Material<\/strong>: 75% Baumwolle, 25% Baummwoll-Polyester Mischung (90% Premium Baumwolle)<\/li>\n<\/ul>","protected":false},"excerpt":{"rendered":"<p><strong>Stylish f\u00fcr dich...<\/strong><\/p>\n<p><strong>...gut f\u00fcr die Umwelt\u00a0<\/strong><\/p>\n<p><strong>Einzigartige St\u00fccke<\/strong><\/p>\n<p><strong>Sehr geringe Anzahl <\/strong><\/p>\n<p><strong>KOSTENLOSER Versand bei Bestellungen ab 80 EUR<\/strong><\/p>","protected":false},"featured_media":4429,"comment_status":"open","ping_status":"closed","template":"","meta":[],"product_brand":[],"product_cat":[165],"product_tag":[],"class_list":{"0":"post-4406","1":"product","2":"type-product","3":"status-publish","4":"has-post-thumbnail","6":"product_cat-accessories","7":"pa_color-baby-blue","8":"pa_color-brick","9":"pa_color-pastel-mint","11":"first","12":"outofstock","13":"shipping-taxable","14":"product-type-variable","15":"has-default-attributes"},"jetpack-related-posts":[{"id":4170,"url":"https:\/\/saisfashion.com\/de\/produkt\/cord-bag\/","url_meta":{"origin":4406,"position":0},"title":"Schn\u00fcrbeutel","author":"Silja","date":"03.11.2024","format":false,"excerpt":"Stylish for you Good for the environment\u00a0 Unique pieces Very limited quantity FREE shipping for orders above EUR 65","rel":"","context":"\u00c4hnlicher Beitrag","block_context":{"text":"\u00c4hnlicher Beitrag","link":""},"img":{"alt_text":"","src":"https:\/\/i0.wp.com\/saisfashion.com\/wp-content\/uploads\/2024\/11\/DJI_20241101_114909_195%E2%80%AFAM-1-scaled.jpg?fit=675%2C1200&ssl=1&resize=350%2C200","width":350,"height":200,"srcset":"https:\/\/i0.wp.com\/saisfashion.com\/wp-content\/uploads\/2024\/11\/DJI_20241101_114909_195%E2%80%AFAM-1-scaled.jpg?fit=675%2C1200&ssl=1&resize=350%2C200 1x, https:\/\/i0.wp.com\/saisfashion.com\/wp-content\/uploads\/2024\/11\/DJI_20241101_114909_195%E2%80%AFAM-1-scaled.jpg?fit=675%2C1200&ssl=1&resize=525%2C300 1.5x"},"classes":[]},{"id":4403,"url":"https:\/\/saisfashion.com\/de\/produkt\/phone-bag\/","url_meta":{"origin":4406,"position":1},"title":"Handytasche","author":"Silja","date":"17.11.2024","format":false,"excerpt":"Stylish for you Good for the environment\u00a0 Unique pieces Very limited quantity FREE shipping for orders above EUR 65","rel":"","context":"\u00c4hnlicher Beitrag","block_context":{"text":"\u00c4hnlicher Beitrag","link":""},"img":{"alt_text":"","src":"https:\/\/i0.wp.com\/saisfashion.com\/wp-content\/uploads\/2024\/11\/DJI_20241118_125744_131%E2%80%AFPM-scaled.jpg?fit=675%2C1200&ssl=1&resize=350%2C200","width":350,"height":200,"srcset":"https:\/\/i0.wp.com\/saisfashion.com\/wp-content\/uploads\/2024\/11\/DJI_20241118_125744_131%E2%80%AFPM-scaled.jpg?fit=675%2C1200&ssl=1&resize=350%2C200 1x, https:\/\/i0.wp.com\/saisfashion.com\/wp-content\/uploads\/2024\/11\/DJI_20241118_125744_131%E2%80%AFPM-scaled.jpg?fit=675%2C1200&ssl=1&resize=525%2C300 1.5x"},"classes":[]},{"id":4166,"url":"https:\/\/saisfashion.com\/de\/produkt\/cosmetic-bag-with-zip\/","url_meta":{"origin":4406,"position":2},"title":"Cosmetic Bag with Zip","author":"Silja","date":"03.11.2024","format":false,"excerpt":"Stylish for you Good for the environment\u00a0 Unique pieces Very limited quantity FREE shipping for orders above EUR 65","rel":"","context":"Mit 2 Kommentaren","block_context":{"text":"Mit 2 Kommentaren","link":"https:\/\/saisfashion.com\/de\/produkt\/cosmetic-bag-with-zip\/#comments"},"img":{"alt_text":"","src":"https:\/\/i0.wp.com\/saisfashion.com\/wp-content\/uploads\/2024\/11\/DJI_20241101_115452_922%E2%80%AFAM-scaled.jpg?fit=675%2C1200&ssl=1&resize=350%2C200","width":350,"height":200,"srcset":"https:\/\/i0.wp.com\/saisfashion.com\/wp-content\/uploads\/2024\/11\/DJI_20241101_115452_922%E2%80%AFAM-scaled.jpg?fit=675%2C1200&ssl=1&resize=350%2C200 1x, https:\/\/i0.wp.com\/saisfashion.com\/wp-content\/uploads\/2024\/11\/DJI_20241101_115452_922%E2%80%AFAM-scaled.jpg?fit=675%2C1200&ssl=1&resize=525%2C300 1.5x"},"classes":[]},{"id":1656,"url":"https:\/\/saisfashion.com\/de\/produkt\/oversize-jogger-set-for-women\/","url_meta":{"origin":4406,"position":3},"title":"Oversized Baumwoll-Jogginganzug f\u00fcr Frauen","author":"Silja","date":"14.11.2024","format":false,"excerpt":"Fair & ethically made Cozy & robust fabric Practical cut Surprise GIFT for orders above EUR 80 FREE shipping for orders above EUR 65","rel":"","context":"Mit 2 Kommentaren","block_context":{"text":"Mit 2 Kommentaren","link":"https:\/\/saisfashion.com\/de\/produkt\/oversize-jogger-set-for-women\/#comments"},"img":{"alt_text":"","src":"https:\/\/i0.wp.com\/saisfashion.com\/wp-content\/uploads\/2023\/05\/ALI08178.jpg?fit=800%2C1200&ssl=1&resize=350%2C200","width":350,"height":200,"srcset":"https:\/\/i0.wp.com\/saisfashion.com\/wp-content\/uploads\/2023\/05\/ALI08178.jpg?fit=800%2C1200&ssl=1&resize=350%2C200 1x, https:\/\/i0.wp.com\/saisfashion.com\/wp-content\/uploads\/2023\/05\/ALI08178.jpg?fit=800%2C1200&ssl=1&resize=525%2C300 1.5x, https:\/\/i0.wp.com\/saisfashion.com\/wp-content\/uploads\/2023\/05\/ALI08178.jpg?fit=800%2C1200&ssl=1&resize=700%2C400 2x"},"classes":[]},{"id":3962,"url":"https:\/\/saisfashion.com\/de\/produkt\/hair-scrunchies-with-ribbon\/","url_meta":{"origin":4406,"position":4},"title":"Scrunchies mit Schlaufe","author":"Silja","date":"27.09.2024","format":false,"excerpt":"Stylish for you Good for the environment\u00a0 Unique pieces Very limited quantity FREE shipping for orders above EUR 65","rel":"","context":"\u00c4hnlicher Beitrag","block_context":{"text":"\u00c4hnlicher Beitrag","link":""},"img":{"alt_text":"","src":"https:\/\/i0.wp.com\/saisfashion.com\/wp-content\/uploads\/2024\/09\/PXL_20240927_073823781.PORTRAIT.ORIGINAL2-scaled.jpg?fit=675%2C1200&ssl=1&resize=350%2C200","width":350,"height":200,"srcset":"https:\/\/i0.wp.com\/saisfashion.com\/wp-content\/uploads\/2024\/09\/PXL_20240927_073823781.PORTRAIT.ORIGINAL2-scaled.jpg?fit=675%2C1200&ssl=1&resize=350%2C200 1x, https:\/\/i0.wp.com\/saisfashion.com\/wp-content\/uploads\/2024\/09\/PXL_20240927_073823781.PORTRAIT.ORIGINAL2-scaled.jpg?fit=675%2C1200&ssl=1&resize=525%2C300 1.5x"},"classes":[]},{"id":3947,"url":"https:\/\/saisfashion.com\/de\/produkt\/simple-hair-scrunchies\/","url_meta":{"origin":4406,"position":5},"title":"Einfache Scrunchies","author":"Silja","date":"30.09.2024","format":false,"excerpt":"Stylish for you Good for the environment\u00a0 Unique pieces Very limited quantity FREE shipping for orders above EUR 65","rel":"","context":"\u00c4hnlicher Beitrag","block_context":{"text":"\u00c4hnlicher Beitrag","link":""},"img":{"alt_text":"","src":"https:\/\/i0.wp.com\/saisfashion.com\/wp-content\/uploads\/2024\/09\/PXL_20240927_073217490.PORTRAIT-scaled.jpg?fit=675%2C1200&ssl=1&resize=350%2C200","width":350,"height":200,"srcset":"https:\/\/i0.wp.com\/saisfashion.com\/wp-content\/uploads\/2024\/09\/PXL_20240927_073217490.PORTRAIT-scaled.jpg?fit=675%2C1200&ssl=1&resize=350%2C200 1x, https:\/\/i0.wp.com\/saisfashion.com\/wp-content\/uploads\/2024\/09\/PXL_20240927_073217490.PORTRAIT-scaled.jpg?fit=675%2C1200&ssl=1&resize=525%2C300 1.5x"},"classes":[]}],"jetpack_sharing_enabled":true,"_links":{"self":[{"href":"https:\/\/saisfashion.com\/de\/wp-json\/wp\/v2\/product\/4406","targetHints":{"allow":["GET"]}}],"collection":[{"href":"https:\/\/saisfashion.com\/de\/wp-json\/wp\/v2\/product"}],"about":[{"href":"https:\/\/saisfashion.com\/de\/wp-json\/wp\/v2\/types\/product"}],"replies":[{"embeddable":true,"href":"https:\/\/saisfashion.com\/de\/wp-json\/wp\/v2\/comments?post=4406"}],"wp:featuredmedia":[{"embeddable":true,"href":"https:\/\/saisfashion.com\/de\/wp-json\/wp\/v2\/media\/4429"}],"wp:attachment":[{"href":"https:\/\/saisfashion.com\/de\/wp-json\/wp\/v2\/media?parent=4406"}],"wp:term":[{"taxonomy":"product_brand","embeddable":true,"href":"https:\/\/saisfashion.com\/de\/wp-json\/wp\/v2\/product_brand?post=4406"},{"taxonomy":"product_cat","embeddable":true,"href":"https:\/\/saisfashion.com\/de\/wp-json\/wp\/v2\/product_cat?post=4406"},{"taxonomy":"product_tag","embeddable":true,"href":"https:\/\/saisfashion.com\/de\/wp-json\/wp\/v2\/product_tag?post=4406"}],"curies":[{"name":"wp","href":"https:\/\/api.w.org\/{rel}","templated":true}]}}