{"id":4954,"date":"2025-05-16T10:21:21","date_gmt":"2025-05-16T10:21:21","guid":{"rendered":"https:\/\/saisfashion.com\/?post_type=product&#038;p=4954"},"modified":"2026-03-15T09:41:50","modified_gmt":"2026-03-15T09:41:50","slug":"traditional-embroidery-dress","status":"publish","type":"product","link":"https:\/\/saisfashion.com\/de\/produkt\/traditional-embroidery-dress\/","title":{"rendered":"Traditionell besticktes Kleid in Schwarz und Wei\u00df"},"content":{"rendered":"<p data-start=\"190\" data-end=\"497\" class=\"translation-block\"><strong data-start=\"190\" data-end=\"233\">Tradition modern interpretiert:<\/strong> Dieses bestickte Maxikleid vereint das reiche Erbe Pal\u00e4stinas und Syriens mit einem klaren, fast futuristischen Schnitt. Ideal f\u00fcr festliche Anl\u00e4sse, kulturelle Feiern oder einen eleganten Alltagsauftritt.<\/p>\n<p data-start=\"499\" data-end=\"522\"><strong data-start=\"499\" data-end=\"522\">Weshalb ihr es lieben werdet:<\/strong><\/p>\n<ul>\n<li data-start=\"499\" data-end=\"522\" class=\"translation-block\"><strong data-start=\"524\" data-end=\"548\">Zeitlose Stickerei:<\/strong> Feine rote Stickereien auf schwarzem oder cremewei\u00dfem Grund ehren traditionelle Motive und verleihen dem Kleid eine klare, moderne \u00c4sthetik.<\/li>\n<li data-start=\"499\" data-end=\"522\" class=\"translation-block\"><strong data-start=\"687\" data-end=\"713\">Figurfreundlich &amp; Feminin:<\/strong> Der weite A-Linien-Rock und die flie\u00dfenden Glocken\u00e4rmel zaubern eine elegante Silhouette, w\u00e4hrend der Stehkragen einen feinen Akzent setzt.<\/li>\n<li data-start=\"499\" data-end=\"522\" class=\"translation-block\"><strong data-start=\"840\" data-end=\"858\">Betonte Taille:<\/strong> Ein breiter roter Satin-G\u00fcrtel erm\u00f6glicht es dir, die Taille zu betonen und so einen eleganteren Look zu kreieren \u2013 oder du tr\u00e4gst das Kleid locker f\u00fcr einen l\u00e4ssigen Stil.<\/li>\n<\/ul>\n<p data-start=\"1130\" data-end=\"1142\"><strong data-start=\"1130\" data-end=\"1142\">Details:<\/strong><\/p>\n<ul>\n<li data-start=\"1130\" data-end=\"1142\" class=\"translation-block\"><strong>Gr\u00f6\u00dfen:<\/strong> S, M, L, XL<\/li>\n<li data-start=\"1130\" data-end=\"1142\" class=\"translation-block\"><strong data-start=\"1173\" data-end=\"1184\">Farben:<\/strong> Schwarz oder Beige mit roter Stickerei<\/li>\n<li data-start=\"1130\" data-end=\"1142\" class=\"translation-block\"><strong>Material<\/strong>: 100% Polyester<\/li>\n<\/ul>","protected":false},"excerpt":{"rendered":"<p><strong>Fair &amp; nachhaltig hergestellt<\/strong><\/p>\n<p><strong>Weicher Stoff<\/strong><\/p>\n<p><strong>Wundersch\u00f6ne Stickerei<\/strong><\/p>\n<p><strong>\u00dcberraschungsgeschenk bei Bestellungen \u00fcber 80 EUR<\/strong><\/p>\n<p><strong>GRATIS Versand auf Bestellungen \u00fcber 65 EUR<\/strong><\/p>","protected":false},"featured_media":4875,"comment_status":"open","ping_status":"closed","template":"","meta":[],"product_brand":[],"product_cat":[176,16],"product_tag":[],"class_list":{"0":"post-4954","1":"product","2":"type-product","3":"status-publish","4":"has-post-thumbnail","6":"product_cat-abaya-dresses-skirts","7":"product_cat-clothing-women","8":"pa_color-black","9":"pa_color-off-white","10":"pa_size-extra-large","11":"pa_size-large","12":"pa_size-medium","13":"pa_size-small","15":"first","16":"instock","17":"sale","18":"shipping-taxable","19":"purchasable","20":"product-type-variable","21":"has-default-attributes"},"jetpack-related-posts":[{"id":2798,"url":"https:\/\/saisfashion.com\/de\/produkt\/embroidered-blouse\/","url_meta":{"origin":4954,"position":0},"title":"Bestickte Bluse","author":"Silja","date":"03.05.2025","format":false,"excerpt":"Fair & ethically made Opaque fabric Lovely details Surprise GIFT for orders above EUR 80 FREE shipping for orders above EUR 65","rel":"","context":"\u00c4hnlicher Beitrag","block_context":{"text":"\u00c4hnlicher Beitrag","link":""},"img":{"alt_text":"","src":"https:\/\/i0.wp.com\/saisfashion.com\/wp-content\/uploads\/2025\/05\/DJI_20250807_44408_732-PM-scaled.jpg?fit=675%2C1200&ssl=1&resize=350%2C200","width":350,"height":200,"srcset":"https:\/\/i0.wp.com\/saisfashion.com\/wp-content\/uploads\/2025\/05\/DJI_20250807_44408_732-PM-scaled.jpg?fit=675%2C1200&ssl=1&resize=350%2C200 1x, https:\/\/i0.wp.com\/saisfashion.com\/wp-content\/uploads\/2025\/05\/DJI_20250807_44408_732-PM-scaled.jpg?fit=675%2C1200&ssl=1&resize=525%2C300 1.5x"},"classes":[]},{"id":6334,"url":"https:\/\/saisfashion.com\/de\/produkt\/smocked-cotton-maxi-dress\/","url_meta":{"origin":4954,"position":1},"title":"Gesmoktes Baumwoll-Maxi-Kleid mit G\u00fcrtel","author":"Silja","date":"28.04.2025","format":false,"excerpt":"Fair & ethically made Soft fabric Elegant & practical Surprise GIFT for orders above EUR 80 FREE shipping for orders above EUR 65 \u00a0 Model is 164cm and 52kg and wears S.","rel":"","context":"Mit 1 Kommentar","block_context":{"text":"Mit 1 Kommentar","link":"https:\/\/saisfashion.com\/de\/produkt\/smocked-cotton-maxi-dress\/#comments"},"img":{"alt_text":"","src":"https:\/\/i0.wp.com\/saisfashion.com\/wp-content\/uploads\/2025\/04\/IMG_3096-scaled.jpg?fit=900%2C1200&ssl=1&resize=350%2C200","width":350,"height":200,"srcset":"https:\/\/i0.wp.com\/saisfashion.com\/wp-content\/uploads\/2025\/04\/IMG_3096-scaled.jpg?fit=900%2C1200&ssl=1&resize=350%2C200 1x, https:\/\/i0.wp.com\/saisfashion.com\/wp-content\/uploads\/2025\/04\/IMG_3096-scaled.jpg?fit=900%2C1200&ssl=1&resize=525%2C300 1.5x, https:\/\/i0.wp.com\/saisfashion.com\/wp-content\/uploads\/2025\/04\/IMG_3096-scaled.jpg?fit=900%2C1200&ssl=1&resize=700%2C400 2x"},"classes":[]},{"id":4842,"url":"https:\/\/saisfashion.com\/de\/produkt\/abaya-with-butterfly-sleeves\/","url_meta":{"origin":4954,"position":2},"title":"Abaya mit Schmetterlings\u00e4rmel in Pink und Pistazie","author":"Silja","date":"16.05.2025","format":false,"excerpt":"Fair & ethically made Soft fabric Lovely details Surprise GIFT for orders above EUR 80 FREE shipping for orders above EUR 65","rel":"","context":"\u00c4hnlicher Beitrag","block_context":{"text":"\u00c4hnlicher Beitrag","link":""},"img":{"alt_text":"","src":"https:\/\/i0.wp.com\/saisfashion.com\/wp-content\/uploads\/2025\/02\/DSCF1200-scaled.jpg?fit=802%2C1200&ssl=1&resize=350%2C200","width":350,"height":200,"srcset":"https:\/\/i0.wp.com\/saisfashion.com\/wp-content\/uploads\/2025\/02\/DSCF1200-scaled.jpg?fit=802%2C1200&ssl=1&resize=350%2C200 1x, https:\/\/i0.wp.com\/saisfashion.com\/wp-content\/uploads\/2025\/02\/DSCF1200-scaled.jpg?fit=802%2C1200&ssl=1&resize=525%2C300 1.5x, https:\/\/i0.wp.com\/saisfashion.com\/wp-content\/uploads\/2025\/02\/DSCF1200-scaled.jpg?fit=802%2C1200&ssl=1&resize=700%2C400 2x"},"classes":[]},{"id":437,"url":"https:\/\/saisfashion.com\/de\/produkt\/oversized-hoodie-abaya\/","url_meta":{"origin":4954,"position":3},"title":"Oversized Hoodie Abaya","author":"Muhieddin","date":"14.11.2024","format":false,"excerpt":"Fluffy from the inside, stylish from the outside Practical & modest with pockets Fair & ethically made Surprise GIFT for orders above EUR 80 FREE shipping for orders above EUR 65","rel":"","context":"Mit 2 Kommentaren","block_context":{"text":"Mit 2 Kommentaren","link":"https:\/\/saisfashion.com\/de\/produkt\/oversized-hoodie-abaya\/#comments"},"img":{"alt_text":"","src":"https:\/\/i0.wp.com\/saisfashion.com\/wp-content\/uploads\/2023\/01\/ALI08392.jpg?fit=800%2C1200&ssl=1&resize=350%2C200","width":350,"height":200,"srcset":"https:\/\/i0.wp.com\/saisfashion.com\/wp-content\/uploads\/2023\/01\/ALI08392.jpg?fit=800%2C1200&ssl=1&resize=350%2C200 1x, https:\/\/i0.wp.com\/saisfashion.com\/wp-content\/uploads\/2023\/01\/ALI08392.jpg?fit=800%2C1200&ssl=1&resize=525%2C300 1.5x, https:\/\/i0.wp.com\/saisfashion.com\/wp-content\/uploads\/2023\/01\/ALI08392.jpg?fit=800%2C1200&ssl=1&resize=700%2C400 2x"},"classes":[]},{"id":4851,"url":"https:\/\/saisfashion.com\/de\/produkt\/abaya-with-attached-scarf\/","url_meta":{"origin":4954,"position":4},"title":"Abaya mit angen\u00e4htem Schal in Schwarz und Mocha Mousse","author":"Silja","date":"16.05.2025","format":false,"excerpt":"Fair & ethically made Soft fabric Lovely details Surprise GIFT for orders above EUR 80 FREE shipping for orders above EUR 65","rel":"","context":"\u00c4hnlicher Beitrag","block_context":{"text":"\u00c4hnlicher Beitrag","link":""},"img":{"alt_text":"Abaya with Attached Scarf","src":"https:\/\/i0.wp.com\/saisfashion.com\/wp-content\/uploads\/2025\/02\/DSCF1362-scaled.jpg?fit=802%2C1200&ssl=1&resize=350%2C200","width":350,"height":200,"srcset":"https:\/\/i0.wp.com\/saisfashion.com\/wp-content\/uploads\/2025\/02\/DSCF1362-scaled.jpg?fit=802%2C1200&ssl=1&resize=350%2C200 1x, https:\/\/i0.wp.com\/saisfashion.com\/wp-content\/uploads\/2025\/02\/DSCF1362-scaled.jpg?fit=802%2C1200&ssl=1&resize=525%2C300 1.5x, https:\/\/i0.wp.com\/saisfashion.com\/wp-content\/uploads\/2025\/02\/DSCF1362-scaled.jpg?fit=802%2C1200&ssl=1&resize=700%2C400 2x"},"classes":[]},{"id":2748,"url":"https:\/\/saisfashion.com\/de\/produkt\/flowy-blouse\/","url_meta":{"origin":4954,"position":5},"title":"Elegante, weite Bluse","author":"Silja","date":"03.05.2025","format":false,"excerpt":"Fair & ethically made Soft fabric Lovely ruffles Surprise GIFT for orders above EUR 80 FREE shipping for orders above EUR 65","rel":"","context":"\u00c4hnlicher Beitrag","block_context":{"text":"\u00c4hnlicher Beitrag","link":""},"img":{"alt_text":"","src":"https:\/\/i0.wp.com\/saisfashion.com\/wp-content\/uploads\/2024\/06\/Copy-of-ALI05428-copy-scaled.jpg?fit=800%2C1200&ssl=1&resize=350%2C200","width":350,"height":200,"srcset":"https:\/\/i0.wp.com\/saisfashion.com\/wp-content\/uploads\/2024\/06\/Copy-of-ALI05428-copy-scaled.jpg?fit=800%2C1200&ssl=1&resize=350%2C200 1x, https:\/\/i0.wp.com\/saisfashion.com\/wp-content\/uploads\/2024\/06\/Copy-of-ALI05428-copy-scaled.jpg?fit=800%2C1200&ssl=1&resize=525%2C300 1.5x, https:\/\/i0.wp.com\/saisfashion.com\/wp-content\/uploads\/2024\/06\/Copy-of-ALI05428-copy-scaled.jpg?fit=800%2C1200&ssl=1&resize=700%2C400 2x"},"classes":[]}],"jetpack_sharing_enabled":true,"_links":{"self":[{"href":"https:\/\/saisfashion.com\/de\/wp-json\/wp\/v2\/product\/4954","targetHints":{"allow":["GET"]}}],"collection":[{"href":"https:\/\/saisfashion.com\/de\/wp-json\/wp\/v2\/product"}],"about":[{"href":"https:\/\/saisfashion.com\/de\/wp-json\/wp\/v2\/types\/product"}],"replies":[{"embeddable":true,"href":"https:\/\/saisfashion.com\/de\/wp-json\/wp\/v2\/comments?post=4954"}],"wp:featuredmedia":[{"embeddable":true,"href":"https:\/\/saisfashion.com\/de\/wp-json\/wp\/v2\/media\/4875"}],"wp:attachment":[{"href":"https:\/\/saisfashion.com\/de\/wp-json\/wp\/v2\/media?parent=4954"}],"wp:term":[{"taxonomy":"product_brand","embeddable":true,"href":"https:\/\/saisfashion.com\/de\/wp-json\/wp\/v2\/product_brand?post=4954"},{"taxonomy":"product_cat","embeddable":true,"href":"https:\/\/saisfashion.com\/de\/wp-json\/wp\/v2\/product_cat?post=4954"},{"taxonomy":"product_tag","embeddable":true,"href":"https:\/\/saisfashion.com\/de\/wp-json\/wp\/v2\/product_tag?post=4954"}],"curies":[{"name":"wp","href":"https:\/\/api.w.org\/{rel}","templated":true}]}}