{"id":6874,"date":"2025-08-13T06:02:47","date_gmt":"2025-08-13T06:02:47","guid":{"rendered":"https:\/\/saisfashion.com\/?post_type=product&#038;p=6874"},"modified":"2025-09-02T19:43:18","modified_gmt":"2025-09-02T19:43:18","slug":"organic-muslin-abaya-aurelia","status":"publish","type":"product","link":"https:\/\/saisfashion.com\/de\/produkt\/organic-muslin-abaya-aurelia\/","title":{"rendered":"Bio-Musselin Abaya \"Aurelia\""},"content":{"rendered":"<p data-start=\"343\" data-end=\"586\" class=\"translation-block\">Weich, atmungsaktiv und frei von allem, was deine Haut nicht braucht: Unsere allererste Musselin-Abaya aus <strong data-start=\"446\" data-end=\"484\">100 % GOTS-zertifizierter Bio-Baumwolle<\/strong> ist da. Keine sch\u00e4dlichen Chemikalien, keine synthetischen Inhaltsstoffe \u2013 nur purer Komfort, den du sp\u00fcren und sogar riechen kannst.<\/p>\n<p data-start=\"343\" data-end=\"586\" class=\"translation-block\">Diese Abaya wurde von Silja in Deutschland und Sana in der T\u00fcrkei entworfen und mit Sorgfalt in unserer Partnerwerkstatt im S\u00fcdosten der T\u00fcrkei gefertigt. Sie verbindet <strong data-start=\"725\" data-end=\"745\">zeitlose Bescheidenheit<\/strong> mit Alltagstauglichkeit. Sie hat Ballon\u00e4rmel, einen d\u00fcnnen, abnehmbaren G\u00fcrtel und elastische B\u00fcndchen, sodass du sie ganz nach Belieben stylen kannst \u2013 locker und flie\u00dfend f\u00fcr legere Tage oder tailliert f\u00fcr einen eleganteren Look.<\/p>\n<p data-start=\"956\" data-end=\"981\"><strong data-start=\"956\" data-end=\"979\">Weshalb du es lieben wirst:<\/strong><\/p>\n<ul>\n<li data-start=\"956\" data-end=\"981\">Mit Gummiz\u00fcgen an den B\u00fcndchen und einem separaten d\u00fcnnen G\u00fcrtel f\u00fcr flexibles Styling<\/li>\n<li data-start=\"956\" data-end=\"981\">Erh\u00e4ltlich in zartem Blumendruck und erdigem Farngr\u00fcn<\/li>\n<li data-start=\"956\" data-end=\"981\" class=\"translation-block\"><strong data-start=\"1119\" data-end=\"1157\">100 % GOTS-zertifizierte Bio-Baumwolle<\/strong> \u2013 sanft zu deiner Haut und dem Planeten<\/li>\n<li data-start=\"956\" data-end=\"981\">Blumendruck mit angen\u00e4htem Unterkleid (ebenfalls 100 % Bio-Baumwolle)<\/li>\n<li data-start=\"956\" data-end=\"981\">0% Plastik, 0% Schadstoffe, 0% Greenwashing \u2013 produziert unter fairen Arbeitsbedingungen in der T\u00fcrkei<\/li>\n<li data-start=\"956\" data-end=\"981\">Passende \u201eAurelia Mini\u201c f\u00fcr bezaubernde Mommy-and-me-Looks<\/li>\n<\/ul>\n<p><b>Details:<\/b><\/p>\n<ul>\n<li class=\"translation-block\"><b>Farben<\/b>: Blumendruck, Farngr\u00fcn<\/li>\n<li class=\"translation-block\"><strong data-start=\"988\" data-end=\"997\">Gr\u00f6\u00dfen<\/strong>: S, M, L<\/li>\n<li class=\"translation-block\"><b>Material<\/b>: 100% Baumwolle (GOTS-zertifiziert)<\/li>\n<\/ul>\n<p data-start=\"1532\" data-end=\"1624\" class=\"translation-block\">\ud83d\udc49\ud83c\udffc Liebst du passende Outfits? <b>Spare 15 % <\/b> und kombiniere dieses St\u00fcck mit dem passenden St\u00fcck f\u00fcr <b> <a href=\"https:\/\/saisfashion.com\/de\/produkt\/mommy-me-set-aur\u2026baya-girls-dress\/\" target=\"_self\">den perfekten Mommy-and-me-Look<\/a><\/b>!<\/p>","protected":false},"excerpt":{"rendered":"<p><strong>Mit Gummizug an den B\u00fcndchen und einem abnehmbaren schmalen G\u00fcrtel \u2013 perfekt f\u00fcr den Alltag<\/strong><\/p>\n<p><strong>100% GOTS-zertifizierte Baumwolle<\/strong><\/p>\n<p><strong>Fair &amp; nachhaltig hergestellt<\/strong><\/p>\n<p><strong>\u00dcberraschungsgeschenk bei Bestellungen \u00fcber 80 EUR<\/strong><\/p>\n<p><strong>GRATIS Versand auf Bestellungen \u00fcber 65 EUR<\/strong><\/p>","protected":false},"featured_media":7107,"comment_status":"open","ping_status":"closed","template":"","meta":[],"product_brand":[],"product_cat":[176,197,16],"product_tag":[],"class_list":{"0":"post-6874","1":"product","2":"type-product","3":"status-publish","4":"has-post-thumbnail","6":"product_cat-abaya-dresses-skirts","7":"product_cat-organic-collection","8":"product_cat-clothing-women","9":"pa_color-fern-green","10":"pa_color-flower-print","11":"pa_size-large","12":"pa_size-medium","13":"pa_size-small","15":"first","16":"instock","17":"shipping-taxable","18":"purchasable","19":"product-type-variable","20":"has-default-attributes"},"jetpack-related-posts":[{"id":6881,"url":"https:\/\/saisfashion.com\/de\/produkt\/organic-muslin-dress-aurelia-girls\/","url_meta":{"origin":6874,"position":0},"title":"Bio-Musselin-Kleid f\u00fcr M\u00e4dchen \"Aurelia Mini\"","author":"Silja","date":"12.08.2025","format":false,"excerpt":"With a comfy cut and short sleeves 100% GOTS certified cotton Fair & ethically made Surprise GIFT for orders above EUR 80 FREE shipping for orders above EUR 65","rel":"","context":"\u00c4hnlicher Beitrag","block_context":{"text":"\u00c4hnlicher Beitrag","link":""},"img":{"alt_text":"","src":"https:\/\/i0.wp.com\/saisfashion.com\/wp-content\/uploads\/2025\/08\/14-scaled.jpg?fit=800%2C1200&ssl=1&resize=350%2C200","width":350,"height":200,"srcset":"https:\/\/i0.wp.com\/saisfashion.com\/wp-content\/uploads\/2025\/08\/14-scaled.jpg?fit=800%2C1200&ssl=1&resize=350%2C200 1x, https:\/\/i0.wp.com\/saisfashion.com\/wp-content\/uploads\/2025\/08\/14-scaled.jpg?fit=800%2C1200&ssl=1&resize=525%2C300 1.5x, https:\/\/i0.wp.com\/saisfashion.com\/wp-content\/uploads\/2025\/08\/14-scaled.jpg?fit=800%2C1200&ssl=1&resize=700%2C400 2x"},"classes":[]},{"id":6917,"url":"https:\/\/saisfashion.com\/de\/produkt\/mommy-me-set-aurelia-abaya-girls-dress\/","url_meta":{"origin":6874,"position":1},"title":"Mommy &amp; Me Set \u201cAurelia\u201d: Abaya + Kleid f\u00fcr M\u00e4dchen","author":"Silja","date":"15.08.2025","format":false,"excerpt":"Perfectly matching mommy-and-me outfit 100% GOTS certified cotton Fair & ethically made Surprise GIFT for orders above EUR 80 FREE shipping for orders above EUR 65","rel":"","context":"\u00c4hnlicher Beitrag","block_context":{"text":"\u00c4hnlicher Beitrag","link":""},"img":{"alt_text":"","src":"https:\/\/i0.wp.com\/saisfashion.com\/wp-content\/uploads\/2025\/08\/22-scaled.jpg?fit=800%2C1200&ssl=1&resize=350%2C200","width":350,"height":200,"srcset":"https:\/\/i0.wp.com\/saisfashion.com\/wp-content\/uploads\/2025\/08\/22-scaled.jpg?fit=800%2C1200&ssl=1&resize=350%2C200 1x, https:\/\/i0.wp.com\/saisfashion.com\/wp-content\/uploads\/2025\/08\/22-scaled.jpg?fit=800%2C1200&ssl=1&resize=525%2C300 1.5x, https:\/\/i0.wp.com\/saisfashion.com\/wp-content\/uploads\/2025\/08\/22-scaled.jpg?fit=800%2C1200&ssl=1&resize=700%2C400 2x"},"classes":[]},{"id":6929,"url":"https:\/\/saisfashion.com\/de\/produkt\/organic-muslin-pants-children\/","url_meta":{"origin":6874,"position":2},"title":"Bio-Musselin Hose f\u00fcr Kinder (unisex)","author":"Silja","date":"14.08.2025","format":false,"excerpt":"100% GOTS certified cotton Unisex Fair & ethically made Surprise GIFT for orders above EUR 80 FREE shipping for orders above EUR 65","rel":"","context":"\u00c4hnlicher Beitrag","block_context":{"text":"\u00c4hnlicher Beitrag","link":""},"img":{"alt_text":"","src":"https:\/\/i0.wp.com\/saisfashion.com\/wp-content\/uploads\/2025\/08\/21-scaled.jpg?fit=800%2C1200&ssl=1&resize=350%2C200","width":350,"height":200,"srcset":"https:\/\/i0.wp.com\/saisfashion.com\/wp-content\/uploads\/2025\/08\/21-scaled.jpg?fit=800%2C1200&ssl=1&resize=350%2C200 1x, https:\/\/i0.wp.com\/saisfashion.com\/wp-content\/uploads\/2025\/08\/21-scaled.jpg?fit=800%2C1200&ssl=1&resize=525%2C300 1.5x, https:\/\/i0.wp.com\/saisfashion.com\/wp-content\/uploads\/2025\/08\/21-scaled.jpg?fit=800%2C1200&ssl=1&resize=700%2C400 2x"},"classes":[]},{"id":437,"url":"https:\/\/saisfashion.com\/de\/produkt\/oversized-hoodie-abaya\/","url_meta":{"origin":6874,"position":3},"title":"Oversized Hoodie Abaya","author":"Muhieddin","date":"14.11.2024","format":false,"excerpt":"Fluffy from the inside, stylish from the outside Practical & modest with pockets Fair & ethically made Surprise GIFT for orders above EUR 80 FREE shipping for orders above EUR 65","rel":"","context":"Mit 2 Kommentaren","block_context":{"text":"Mit 2 Kommentaren","link":"https:\/\/saisfashion.com\/de\/produkt\/oversized-hoodie-abaya\/#comments"},"img":{"alt_text":"","src":"https:\/\/i0.wp.com\/saisfashion.com\/wp-content\/uploads\/2023\/01\/ALI08392.jpg?fit=800%2C1200&ssl=1&resize=350%2C200","width":350,"height":200,"srcset":"https:\/\/i0.wp.com\/saisfashion.com\/wp-content\/uploads\/2023\/01\/ALI08392.jpg?fit=800%2C1200&ssl=1&resize=350%2C200 1x, https:\/\/i0.wp.com\/saisfashion.com\/wp-content\/uploads\/2023\/01\/ALI08392.jpg?fit=800%2C1200&ssl=1&resize=525%2C300 1.5x, https:\/\/i0.wp.com\/saisfashion.com\/wp-content\/uploads\/2023\/01\/ALI08392.jpg?fit=800%2C1200&ssl=1&resize=700%2C400 2x"},"classes":[]},{"id":6948,"url":"https:\/\/saisfashion.com\/de\/produkt\/girls-set-pants-shirt\/","url_meta":{"origin":6874,"position":4},"title":"Zweiteiler f\u00fcr M\u00e4dchen: Musselin-Hose + Leinen-Shirt f\u00fcr gro\u00dfe Abenteuer","author":"Silja","date":"14.08.2025","format":false,"excerpt":"Super comfy and stylish No harmful stuff for your kid Fair & ethically made Surprise GIFT for orders above EUR 80 FREE shipping for orders above EUR 65","rel":"","context":"\u00c4hnlicher Beitrag","block_context":{"text":"\u00c4hnlicher Beitrag","link":""},"img":{"alt_text":"","src":"https:\/\/i0.wp.com\/saisfashion.com\/wp-content\/uploads\/2025\/08\/IMG_9786-copy-scaled.jpg?fit=800%2C1200&ssl=1&resize=350%2C200","width":350,"height":200,"srcset":"https:\/\/i0.wp.com\/saisfashion.com\/wp-content\/uploads\/2025\/08\/IMG_9786-copy-scaled.jpg?fit=800%2C1200&ssl=1&resize=350%2C200 1x, https:\/\/i0.wp.com\/saisfashion.com\/wp-content\/uploads\/2025\/08\/IMG_9786-copy-scaled.jpg?fit=800%2C1200&ssl=1&resize=525%2C300 1.5x, https:\/\/i0.wp.com\/saisfashion.com\/wp-content\/uploads\/2025\/08\/IMG_9786-copy-scaled.jpg?fit=800%2C1200&ssl=1&resize=700%2C400 2x"},"classes":[]},{"id":6947,"url":"https:\/\/saisfashion.com\/de\/produkt\/boys-set-pants-shirt\/","url_meta":{"origin":6874,"position":5},"title":"Zweiteiler f\u00fcr Jungs: Musselin-Hose + Leinen-Shirt f\u00fcr gro\u00dfe Abenteuer","author":"Silja","date":"14.08.2025","format":false,"excerpt":"Super comfy and stylish No harmful stuff for your kid Fair & ethically made Surprise GIFT for orders above EUR 80 FREE shipping for orders above EUR 65","rel":"","context":"\u00c4hnlicher Beitrag","block_context":{"text":"\u00c4hnlicher Beitrag","link":""},"img":{"alt_text":"","src":"https:\/\/i0.wp.com\/saisfashion.com\/wp-content\/uploads\/2025\/08\/IMG_9668-copy.jpg?fit=800%2C1200&ssl=1&resize=350%2C200","width":350,"height":200,"srcset":"https:\/\/i0.wp.com\/saisfashion.com\/wp-content\/uploads\/2025\/08\/IMG_9668-copy.jpg?fit=800%2C1200&ssl=1&resize=350%2C200 1x, https:\/\/i0.wp.com\/saisfashion.com\/wp-content\/uploads\/2025\/08\/IMG_9668-copy.jpg?fit=800%2C1200&ssl=1&resize=525%2C300 1.5x, https:\/\/i0.wp.com\/saisfashion.com\/wp-content\/uploads\/2025\/08\/IMG_9668-copy.jpg?fit=800%2C1200&ssl=1&resize=700%2C400 2x"},"classes":[]}],"jetpack_sharing_enabled":true,"_links":{"self":[{"href":"https:\/\/saisfashion.com\/de\/wp-json\/wp\/v2\/product\/6874","targetHints":{"allow":["GET"]}}],"collection":[{"href":"https:\/\/saisfashion.com\/de\/wp-json\/wp\/v2\/product"}],"about":[{"href":"https:\/\/saisfashion.com\/de\/wp-json\/wp\/v2\/types\/product"}],"replies":[{"embeddable":true,"href":"https:\/\/saisfashion.com\/de\/wp-json\/wp\/v2\/comments?post=6874"}],"wp:featuredmedia":[{"embeddable":true,"href":"https:\/\/saisfashion.com\/de\/wp-json\/wp\/v2\/media\/7107"}],"wp:attachment":[{"href":"https:\/\/saisfashion.com\/de\/wp-json\/wp\/v2\/media?parent=6874"}],"wp:term":[{"taxonomy":"product_brand","embeddable":true,"href":"https:\/\/saisfashion.com\/de\/wp-json\/wp\/v2\/product_brand?post=6874"},{"taxonomy":"product_cat","embeddable":true,"href":"https:\/\/saisfashion.com\/de\/wp-json\/wp\/v2\/product_cat?post=6874"},{"taxonomy":"product_tag","embeddable":true,"href":"https:\/\/saisfashion.com\/de\/wp-json\/wp\/v2\/product_tag?post=6874"}],"curies":[{"name":"wp","href":"https:\/\/api.w.org\/{rel}","templated":true}]}}