{"id":6908,"date":"2025-08-12T19:31:18","date_gmt":"2025-08-12T19:31:18","guid":{"rendered":"https:\/\/saisfashion.com\/?post_type=product&#038;p=6908"},"modified":"2026-03-13T09:35:56","modified_gmt":"2026-03-13T09:35:56","slug":"pure-linen-kimono","status":"publish","type":"product","link":"https:\/\/saisfashion.com\/de\/produkt\/pure-linen-kimono\/","title":{"rendered":"100% Leinen-Kimono \"Good Vibes\""},"content":{"rendered":"<p data-start=\"122\" data-end=\"322\" class=\"translation-block\">Dieser \u00d6ko-Kimono besteht aus <strong data-start=\"195\" data-end=\"243\">100% Leinen<\/strong>. Das Leinen ist nach OEKO-TEX\u00ae STANDARD 100 zertifiziert \u2013 keine sch\u00e4dlichen Chemikalien, keine synthetischen Mischungen, nur purer Komfort, den du sp\u00fcrst.<\/p>\n<p data-start=\"324\" data-end=\"624\" class=\"translation-block\">Entworfen von Silja in Deutschland und Sana in der T\u00fcrkei und handgefertigt in unserer Partnerwerkstatt im S\u00fcdosten der T\u00fcrkei, ist es dein perfekter Begleiter f\u00fcr jeden Tag. Der <strong data-start=\"488\" data-end=\"504\">gerade Schnitt<\/strong>, die <strong data-start=\"506\" data-end=\"522\">weiten \u00c4rmel<\/strong> und der <strong data-start=\"528\" data-end=\"552\">Bandverschluss vorne<\/strong> ergeben ein modest Outfit ohne engen G\u00fcrtel um die Taille.<\/p>\n<p data-start=\"626\" data-end=\"651\"><strong data-start=\"626\" data-end=\"649\">Weshalb du es lieben wirst:<\/strong><\/p>\n<ul>\n<li data-start=\"654\" data-end=\"700\">Reicht bis unterhalb des Knies \u2013 modest und praktisch<\/li>\n<li data-start=\"654\" data-end=\"700\">Entspannter Oversize-Schnitt mit weiten \u00c4rmeln<\/li>\n<li data-start=\"654\" data-end=\"700\">Reines Leinen \u2013 gewebt aus OEKO-TEX\u00ae STANDARD 100 zertifiziertem Stoff, weich und atmungsaktiv auf der Haut<\/li>\n<li data-start=\"654\" data-end=\"700\">Nat\u00fcrlich W\u00e4rme regulierend, Feuchtigkeit absorbierend, antibakteriell und hypoallergen<\/li>\n<li data-start=\"654\" data-end=\"700\">0 % Plastik, 0 % Schadstoffe, 0 % Greenwashing und ethisch produziert in der T\u00fcrkei<\/li>\n<li data-start=\"654\" data-end=\"700\">Passendes \u201eGood Vibes\u201c-T-Shirt f\u00fcr M\u00e4dchen und Jungen f\u00fcr bezaubernde Mommy-and-Me Looks<\/li>\n<\/ul>\n<p data-start=\"983\" data-end=\"997\"><strong data-start=\"983\" data-end=\"995\">Details:<\/strong><\/p>\n<ul>\n<li data-start=\"1000\" data-end=\"1016\" class=\"translation-block\"><strong data-start=\"988\" data-end=\"997\">Gr\u00f6\u00dfen<\/strong>: S, M, L<\/li>\n<li data-start=\"1000\" data-end=\"1016\">Farbe: Sand<\/li>\n<li data-start=\"1000\" data-end=\"1016\">Material: 100% Leinen (zertifizierter Stoff nach OEKO-TEX Standard 100)<\/li>\n<\/ul>\n<p class=\"translation-block\"><strong><em>\ud83d\udc49\ud83c\udffc Spare \u00fcber 12% and kombiniere den Kimono mit den <a href=\"https:\/\/saisfashion.com\/de\/produkt\/pure-linen-set-pants-kimono\/\" target=\"_self\">passenden Leinenhosen<\/a> f\u00fcr den einheitlichen Look!<\/em><\/strong><\/p>","protected":false},"excerpt":{"rendered":"<p><strong>100% Leinen (Stoff zertifiziert nach <\/strong><strong>OEKO-TEX Standard 100)<\/strong><\/p>\n<p><strong>Praktisch &amp; modest mit B\u00e4ndel vorne<\/strong><\/p>\n<p><strong>Fair &amp; nachhaltig hergestellt<\/strong><\/p>\n<p><strong>\u00dcberraschungsgeschenk bei Bestellungen \u00fcber 80 EUR<\/strong><\/p>\n<p><strong>GRATIS Versand auf Bestellungen \u00fcber 65 EUR<\/strong><\/p>","protected":false},"featured_media":7101,"comment_status":"open","ping_status":"closed","template":"","meta":[],"product_brand":[],"product_cat":[197,174,16],"product_tag":[],"class_list":{"0":"post-6908","1":"product","2":"type-product","3":"status-publish","4":"has-post-thumbnail","6":"product_cat-organic-collection","7":"product_cat-tops","8":"product_cat-clothing-women","9":"pa_color-sand","10":"pa_size-large","11":"pa_size-medium","12":"pa_size-small","14":"first","15":"instock","16":"shipping-taxable","17":"purchasable","18":"product-type-variable","19":"has-default-attributes"},"jetpack-related-posts":[{"id":6927,"url":"https:\/\/saisfashion.com\/de\/produkt\/pure-linen-set-pants-kimono\/","url_meta":{"origin":6908,"position":0},"title":"Zweiteiler \"Good Vibes\": Hose + Kimono","author":"Silja","date":"13.08.2025","format":false,"excerpt":"Stylish oversized linen set 100% linen (certified fabric according to OEKO-TEX Standard 100) - 0% greenwashing! Fair & ethically made Surprise GIFT for orders above EUR 80 FREE shipping for orders above EUR 65","rel":"","context":"\u00c4hnlicher Beitrag","block_context":{"text":"\u00c4hnlicher Beitrag","link":""},"img":{"alt_text":"","src":"https:\/\/i0.wp.com\/saisfashion.com\/wp-content\/uploads\/2025\/08\/IMG_9734-copy-scaled.jpg?fit=800%2C1200&ssl=1&resize=350%2C200","width":350,"height":200,"srcset":"https:\/\/i0.wp.com\/saisfashion.com\/wp-content\/uploads\/2025\/08\/IMG_9734-copy-scaled.jpg?fit=800%2C1200&ssl=1&resize=350%2C200 1x, https:\/\/i0.wp.com\/saisfashion.com\/wp-content\/uploads\/2025\/08\/IMG_9734-copy-scaled.jpg?fit=800%2C1200&ssl=1&resize=525%2C300 1.5x, https:\/\/i0.wp.com\/saisfashion.com\/wp-content\/uploads\/2025\/08\/IMG_9734-copy-scaled.jpg?fit=800%2C1200&ssl=1&resize=700%2C400 2x"},"classes":[]},{"id":6918,"url":"https:\/\/saisfashion.com\/de\/produkt\/pure-linen-pants\/","url_meta":{"origin":6908,"position":1},"title":"100% Leinen-Hose \"Good Vibes\"","author":"Silja","date":"15.08.2025","format":false,"excerpt":"100% linen (certified fabric according to OEKO-TEX Standard 100) Practical & modest with pockets Fair & ethically made Surprise GIFT for orders above EUR 80 FREE shipping for orders above EUR 65","rel":"","context":"\u00c4hnlicher Beitrag","block_context":{"text":"\u00c4hnlicher Beitrag","link":""},"img":{"alt_text":"","src":"https:\/\/i0.wp.com\/saisfashion.com\/wp-content\/uploads\/2025\/08\/10-scaled.jpg?fit=800%2C1200&ssl=1&resize=350%2C200","width":350,"height":200,"srcset":"https:\/\/i0.wp.com\/saisfashion.com\/wp-content\/uploads\/2025\/08\/10-scaled.jpg?fit=800%2C1200&ssl=1&resize=350%2C200 1x, https:\/\/i0.wp.com\/saisfashion.com\/wp-content\/uploads\/2025\/08\/10-scaled.jpg?fit=800%2C1200&ssl=1&resize=525%2C300 1.5x, https:\/\/i0.wp.com\/saisfashion.com\/wp-content\/uploads\/2025\/08\/10-scaled.jpg?fit=800%2C1200&ssl=1&resize=700%2C400 2x"},"classes":[]},{"id":6942,"url":"https:\/\/saisfashion.com\/de\/produkt\/linen-shirt-boys\/","url_meta":{"origin":6908,"position":2},"title":"\u00d6ko-Leinen Shirt f\u00fcr Jungs","author":"Silja","date":"14.08.2025","format":false,"excerpt":"100% linen (certified fabric according to OECO-TEX Standard 100) Cute details with buttons and ruffles Fair & ethically made Surprise GIFT for orders above EUR 80 FREE shipping for orders above EUR 65","rel":"","context":"\u00c4hnlicher Beitrag","block_context":{"text":"\u00c4hnlicher Beitrag","link":""},"img":{"alt_text":"","src":"https:\/\/i0.wp.com\/saisfashion.com\/wp-content\/uploads\/2025\/08\/1-1-scaled.jpg?fit=800%2C1200&ssl=1&resize=350%2C200","width":350,"height":200,"srcset":"https:\/\/i0.wp.com\/saisfashion.com\/wp-content\/uploads\/2025\/08\/1-1-scaled.jpg?fit=800%2C1200&ssl=1&resize=350%2C200 1x, https:\/\/i0.wp.com\/saisfashion.com\/wp-content\/uploads\/2025\/08\/1-1-scaled.jpg?fit=800%2C1200&ssl=1&resize=525%2C300 1.5x, https:\/\/i0.wp.com\/saisfashion.com\/wp-content\/uploads\/2025\/08\/1-1-scaled.jpg?fit=800%2C1200&ssl=1&resize=700%2C400 2x"},"classes":[]},{"id":6937,"url":"https:\/\/saisfashion.com\/de\/produkt\/linen-shirt-girls\/","url_meta":{"origin":6908,"position":3},"title":"\u00d6ko-Leinen Shirt f\u00fcr M\u00e4dchen","author":"Silja","date":"14.08.2025","format":false,"excerpt":"100% linen (OECO-TEX Standard 100) Cute details with buttons and ruffles Fair & ethically made Surprise GIFT for orders above EUR 80 FREE shipping for orders above EUR 65","rel":"","context":"\u00c4hnlicher Beitrag","block_context":{"text":"\u00c4hnlicher Beitrag","link":""},"img":{"alt_text":"","src":"https:\/\/i0.wp.com\/saisfashion.com\/wp-content\/uploads\/2025\/08\/4-scaled.jpg?fit=800%2C1200&ssl=1&resize=350%2C200","width":350,"height":200,"srcset":"https:\/\/i0.wp.com\/saisfashion.com\/wp-content\/uploads\/2025\/08\/4-scaled.jpg?fit=800%2C1200&ssl=1&resize=350%2C200 1x, https:\/\/i0.wp.com\/saisfashion.com\/wp-content\/uploads\/2025\/08\/4-scaled.jpg?fit=800%2C1200&ssl=1&resize=525%2C300 1.5x, https:\/\/i0.wp.com\/saisfashion.com\/wp-content\/uploads\/2025\/08\/4-scaled.jpg?fit=800%2C1200&ssl=1&resize=700%2C400 2x"},"classes":[]},{"id":6948,"url":"https:\/\/saisfashion.com\/de\/produkt\/girls-set-pants-shirt\/","url_meta":{"origin":6908,"position":4},"title":"Zweiteiler f\u00fcr M\u00e4dchen: Musselin-Hose + Leinen-Shirt f\u00fcr gro\u00dfe Abenteuer","author":"Silja","date":"14.08.2025","format":false,"excerpt":"Super comfy and stylish No harmful stuff for your kid Fair & ethically made Surprise GIFT for orders above EUR 80 FREE shipping for orders above EUR 65","rel":"","context":"\u00c4hnlicher Beitrag","block_context":{"text":"\u00c4hnlicher Beitrag","link":""},"img":{"alt_text":"","src":"https:\/\/i0.wp.com\/saisfashion.com\/wp-content\/uploads\/2025\/08\/IMG_9786-copy-scaled.jpg?fit=800%2C1200&ssl=1&resize=350%2C200","width":350,"height":200,"srcset":"https:\/\/i0.wp.com\/saisfashion.com\/wp-content\/uploads\/2025\/08\/IMG_9786-copy-scaled.jpg?fit=800%2C1200&ssl=1&resize=350%2C200 1x, https:\/\/i0.wp.com\/saisfashion.com\/wp-content\/uploads\/2025\/08\/IMG_9786-copy-scaled.jpg?fit=800%2C1200&ssl=1&resize=525%2C300 1.5x, https:\/\/i0.wp.com\/saisfashion.com\/wp-content\/uploads\/2025\/08\/IMG_9786-copy-scaled.jpg?fit=800%2C1200&ssl=1&resize=700%2C400 2x"},"classes":[]},{"id":6947,"url":"https:\/\/saisfashion.com\/de\/produkt\/boys-set-pants-shirt\/","url_meta":{"origin":6908,"position":5},"title":"Zweiteiler f\u00fcr Jungs: Musselin-Hose + Leinen-Shirt f\u00fcr gro\u00dfe Abenteuer","author":"Silja","date":"14.08.2025","format":false,"excerpt":"Super comfy and stylish No harmful stuff for your kid Fair & ethically made Surprise GIFT for orders above EUR 80 FREE shipping for orders above EUR 65","rel":"","context":"\u00c4hnlicher Beitrag","block_context":{"text":"\u00c4hnlicher Beitrag","link":""},"img":{"alt_text":"","src":"https:\/\/i0.wp.com\/saisfashion.com\/wp-content\/uploads\/2025\/08\/IMG_9668-copy.jpg?fit=800%2C1200&ssl=1&resize=350%2C200","width":350,"height":200,"srcset":"https:\/\/i0.wp.com\/saisfashion.com\/wp-content\/uploads\/2025\/08\/IMG_9668-copy.jpg?fit=800%2C1200&ssl=1&resize=350%2C200 1x, https:\/\/i0.wp.com\/saisfashion.com\/wp-content\/uploads\/2025\/08\/IMG_9668-copy.jpg?fit=800%2C1200&ssl=1&resize=525%2C300 1.5x, https:\/\/i0.wp.com\/saisfashion.com\/wp-content\/uploads\/2025\/08\/IMG_9668-copy.jpg?fit=800%2C1200&ssl=1&resize=700%2C400 2x"},"classes":[]}],"jetpack_sharing_enabled":true,"_links":{"self":[{"href":"https:\/\/saisfashion.com\/de\/wp-json\/wp\/v2\/product\/6908","targetHints":{"allow":["GET"]}}],"collection":[{"href":"https:\/\/saisfashion.com\/de\/wp-json\/wp\/v2\/product"}],"about":[{"href":"https:\/\/saisfashion.com\/de\/wp-json\/wp\/v2\/types\/product"}],"replies":[{"embeddable":true,"href":"https:\/\/saisfashion.com\/de\/wp-json\/wp\/v2\/comments?post=6908"}],"wp:featuredmedia":[{"embeddable":true,"href":"https:\/\/saisfashion.com\/de\/wp-json\/wp\/v2\/media\/7101"}],"wp:attachment":[{"href":"https:\/\/saisfashion.com\/de\/wp-json\/wp\/v2\/media?parent=6908"}],"wp:term":[{"taxonomy":"product_brand","embeddable":true,"href":"https:\/\/saisfashion.com\/de\/wp-json\/wp\/v2\/product_brand?post=6908"},{"taxonomy":"product_cat","embeddable":true,"href":"https:\/\/saisfashion.com\/de\/wp-json\/wp\/v2\/product_cat?post=6908"},{"taxonomy":"product_tag","embeddable":true,"href":"https:\/\/saisfashion.com\/de\/wp-json\/wp\/v2\/product_tag?post=6908"}],"curies":[{"name":"wp","href":"https:\/\/api.w.org\/{rel}","templated":true}]}}