{"id":6917,"date":"2025-08-15T17:02:55","date_gmt":"2025-08-15T17:02:55","guid":{"rendered":"https:\/\/saisfashion.com\/?post_type=product&#038;p=6917"},"modified":"2025-08-19T07:37:15","modified_gmt":"2025-08-19T07:37:15","slug":"mommy-me-set-aurelia-abaya-girls-dress","status":"publish","type":"product","link":"https:\/\/saisfashion.com\/de\/produkt\/mommy-me-set-aurelia-abaya-girls-dress\/","title":{"rendered":"Mommy &amp; Me Set \u201cAurelia\u201d: Abaya + Kleid f\u00fcr M\u00e4dchen"},"content":{"rendered":"<p data-start=\"201\" data-end=\"465\" class=\"translation-block\"><strong>Spare 15 %<\/strong> auf unser erstes Bio-<strong>Mommy &amp; Me-Set<\/strong>, bestehend aus der <em data-start=\"488\" data-end=\"497\">Aurelia<\/em>-Abaya f\u00fcr Frauen und dem passenden <em data-start=\"531\" data-end=\"545\">Aurelia Mini<\/em>-Kleid f\u00fcr M\u00e4dchen. Ob du zu einer Party, einem Familienpicknick oder einfach nur zu Hause abgestimmt angezogen sein m\u00f6chtest, diese Outfits bietet euch beiden Stil und Komfort.<\/p>\n<p data-start=\"201\" data-end=\"465\" class=\"translation-block\">Dieses Set ist alles, wovon wir getr\u00e4umt haben: weich, bequem, \u00fcbergro\u00df und aus <b>100 % zertifizierter Bio-Baumwolle<\/b>. Keine sch\u00e4dlichen Chemikalien, kein Greenwashing \u2013 nur sch\u00f6ne, atmungsaktive Baumwolle, die du mit gutem Gef\u00fchl tragen kannst.<\/p>\n<p data-start=\"711\" data-end=\"860\">Entworfen von Silja in Deutschland und Sana in der T\u00fcrkei und produziert in unserer lieben Partnerwerkstatt im S\u00fcdosten der T\u00fcrkei unter fairen Arbeitsbedingungen.<\/p>\n<p data-start=\"862\" data-end=\"892\"><strong data-start=\"862\" data-end=\"890\">Weshalb ihr beide es lieben werdet:<\/strong><\/p>\n<ul>\n<li data-start=\"862\" data-end=\"892\">Passende Styles in erdigem Farngr\u00fcn oder modischem Blumenprint<\/li>\n<li data-start=\"862\" data-end=\"892\">100 % GOTS-zertifizierte Baumwolle \u2013 sanft zu deiner Haut und dem Planeten<\/li>\n<li data-start=\"862\" data-end=\"892\">Frauen-Abaya mit separatem G\u00fcrtel und (beim Blumendruck) angen\u00e4htem Unterkleid f\u00fcr Blickdichte<\/li>\n<li data-start=\"862\" data-end=\"892\">M\u00e4dchenkleid mit dem gleichen hochwertigen Bio-Stoff und angenehm flie\u00dfender Passform<\/li>\n<li data-start=\"862\" data-end=\"892\">0 % Plastik, 0 % Schadstoffe \u2013 nur reine Bio-Baumwolle, verantwortungsvoll hergestellt<\/li>\n<\/ul>\n<p data-start=\"1317\" data-end=\"1403\">Zwei Generationen, ein Stil \u2013 denn gemeinsam sieht nachhaltige Mode noch besser aus!<\/p>","protected":false},"excerpt":{"rendered":"<p><strong>Perfekt abgestimmtes Mommy-and-me-Outfit<\/strong><\/p>\n<p><strong>100% GOTS-zertifizierte Baumwolle<\/strong><\/p>\n<p><strong>Fair &amp; nachhaltig hergestellt<\/strong><\/p>\n<p><strong>\u00dcberraschungsgeschenk bei Bestellungen \u00fcber 80 EUR<\/strong><\/p>\n<p><strong>GRATIS Versand auf Bestellungen \u00fcber 65 EUR<\/strong><\/p>","protected":false},"featured_media":7111,"comment_status":"open","ping_status":"closed","template":"","meta":[],"product_brand":[],"product_cat":[176,177,24,197,16],"product_tag":[],"class_list":{"0":"post-6917","1":"product","2":"type-product","3":"status-publish","4":"has-post-thumbnail","6":"product_cat-abaya-dresses-skirts","7":"product_cat-dresses-girls","8":"product_cat-clothing-children","9":"product_cat-organic-collection","10":"product_cat-clothing-women","12":"first","13":"instock","14":"sale","15":"shipping-taxable","16":"purchasable","17":"product-type-woosb"},"jetpack-related-posts":[{"id":6881,"url":"https:\/\/saisfashion.com\/de\/produkt\/organic-muslin-dress-aurelia-girls\/","url_meta":{"origin":6917,"position":0},"title":"Bio-Musselin-Kleid f\u00fcr M\u00e4dchen \"Aurelia Mini\"","author":"Silja","date":"12.08.2025","format":false,"excerpt":"With a comfy cut and short sleeves 100% GOTS certified cotton Fair & ethically made Surprise GIFT for orders above EUR 80 FREE shipping for orders above EUR 65","rel":"","context":"\u00c4hnlicher Beitrag","block_context":{"text":"\u00c4hnlicher Beitrag","link":""},"img":{"alt_text":"","src":"https:\/\/i0.wp.com\/saisfashion.com\/wp-content\/uploads\/2025\/08\/14-scaled.jpg?fit=800%2C1200&ssl=1&resize=350%2C200","width":350,"height":200,"srcset":"https:\/\/i0.wp.com\/saisfashion.com\/wp-content\/uploads\/2025\/08\/14-scaled.jpg?fit=800%2C1200&ssl=1&resize=350%2C200 1x, https:\/\/i0.wp.com\/saisfashion.com\/wp-content\/uploads\/2025\/08\/14-scaled.jpg?fit=800%2C1200&ssl=1&resize=525%2C300 1.5x, https:\/\/i0.wp.com\/saisfashion.com\/wp-content\/uploads\/2025\/08\/14-scaled.jpg?fit=800%2C1200&ssl=1&resize=700%2C400 2x"},"classes":[]},{"id":6874,"url":"https:\/\/saisfashion.com\/de\/produkt\/organic-muslin-abaya-aurelia\/","url_meta":{"origin":6917,"position":1},"title":"Bio-Musselin Abaya \"Aurelia\"","author":"Silja","date":"13.08.2025","format":false,"excerpt":"With elastic at the cuffs and a removable thin belt - perfect for everyday life 100% GOTS certified cotton Fair & ethically made Surprise GIFT for orders above EUR 80 FREE shipping for orders above EUR 65","rel":"","context":"Mit 1 Kommentar","block_context":{"text":"Mit 1 Kommentar","link":"https:\/\/saisfashion.com\/de\/produkt\/organic-muslin-abaya-aurelia\/#comments"},"img":{"alt_text":"","src":"https:\/\/i0.wp.com\/saisfashion.com\/wp-content\/uploads\/2025\/08\/18-scaled.jpg?fit=800%2C1200&ssl=1&resize=350%2C200","width":350,"height":200,"srcset":"https:\/\/i0.wp.com\/saisfashion.com\/wp-content\/uploads\/2025\/08\/18-scaled.jpg?fit=800%2C1200&ssl=1&resize=350%2C200 1x, https:\/\/i0.wp.com\/saisfashion.com\/wp-content\/uploads\/2025\/08\/18-scaled.jpg?fit=800%2C1200&ssl=1&resize=525%2C300 1.5x, https:\/\/i0.wp.com\/saisfashion.com\/wp-content\/uploads\/2025\/08\/18-scaled.jpg?fit=800%2C1200&ssl=1&resize=700%2C400 2x"},"classes":[]},{"id":7286,"url":"https:\/\/saisfashion.com\/de\/produkt\/mommy-me-corduroy-set\/","url_meta":{"origin":6917,"position":2},"title":"Partnerlook-Set: Maxi-Kleid f\u00fcr Frauen + Kleid f\u00fcr M\u00e4dchen","author":"Silja","date":"16.09.2025","format":false,"excerpt":"Fair & ethically made Soft & robust fabric Lovely details Stays soft, even after many washes FREE shipping for orders above EUR 65","rel":"","context":"\u00c4hnlicher Beitrag","block_context":{"text":"\u00c4hnlicher Beitrag","link":""},"img":{"alt_text":"","src":"https:\/\/i0.wp.com\/saisfashion.com\/wp-content\/uploads\/2024\/10\/ALI06928.jpg?fit=800%2C1200&ssl=1&resize=350%2C200","width":350,"height":200,"srcset":"https:\/\/i0.wp.com\/saisfashion.com\/wp-content\/uploads\/2024\/10\/ALI06928.jpg?fit=800%2C1200&ssl=1&resize=350%2C200 1x, https:\/\/i0.wp.com\/saisfashion.com\/wp-content\/uploads\/2024\/10\/ALI06928.jpg?fit=800%2C1200&ssl=1&resize=525%2C300 1.5x, https:\/\/i0.wp.com\/saisfashion.com\/wp-content\/uploads\/2024\/10\/ALI06928.jpg?fit=800%2C1200&ssl=1&resize=700%2C400 2x"},"classes":[]},{"id":7293,"url":"https:\/\/saisfashion.com\/de\/produkt\/mommy-me-corduroy-boys\/","url_meta":{"origin":6917,"position":3},"title":"Partnerlook-Set: Maxi-Kleid f\u00fcr Frauen + Hemd f\u00fcr Jungs","author":"Silja","date":"16.09.2025","format":false,"excerpt":"Fair & ethically made Soft & robust fabric Lovely details Stays soft, even after many washes FREE shipping for orders above EUR 65","rel":"","context":"\u00c4hnlicher Beitrag","block_context":{"text":"\u00c4hnlicher Beitrag","link":""},"img":{"alt_text":"","src":"https:\/\/i0.wp.com\/saisfashion.com\/wp-content\/uploads\/2024\/10\/ALI06733.jpg?fit=800%2C1200&ssl=1&resize=350%2C200","width":350,"height":200,"srcset":"https:\/\/i0.wp.com\/saisfashion.com\/wp-content\/uploads\/2024\/10\/ALI06733.jpg?fit=800%2C1200&ssl=1&resize=350%2C200 1x, https:\/\/i0.wp.com\/saisfashion.com\/wp-content\/uploads\/2024\/10\/ALI06733.jpg?fit=800%2C1200&ssl=1&resize=525%2C300 1.5x, https:\/\/i0.wp.com\/saisfashion.com\/wp-content\/uploads\/2024\/10\/ALI06733.jpg?fit=800%2C1200&ssl=1&resize=700%2C400 2x"},"classes":[]},{"id":3934,"url":"https:\/\/saisfashion.com\/de\/produkt\/corduroy-maxi-dress-with-buttons\/","url_meta":{"origin":6917,"position":4},"title":"Cord-Maxi-Kleid mit Kn\u00f6pfen","author":"Silja","date":"14.11.2024","format":false,"excerpt":"Fair & ethically made Soft & robust fabric Lovely details Stays soft, even after many washes FREE shipping for orders above EUR 65","rel":"","context":"Mit 1 Kommentar","block_context":{"text":"Mit 1 Kommentar","link":"https:\/\/saisfashion.com\/de\/produkt\/corduroy-maxi-dress-with-buttons\/#comments"},"img":{"alt_text":"","src":"https:\/\/i0.wp.com\/saisfashion.com\/wp-content\/uploads\/2024\/10\/ALI06640.jpg?fit=800%2C1200&ssl=1&resize=350%2C200","width":350,"height":200,"srcset":"https:\/\/i0.wp.com\/saisfashion.com\/wp-content\/uploads\/2024\/10\/ALI06640.jpg?fit=800%2C1200&ssl=1&resize=350%2C200 1x, https:\/\/i0.wp.com\/saisfashion.com\/wp-content\/uploads\/2024\/10\/ALI06640.jpg?fit=800%2C1200&ssl=1&resize=525%2C300 1.5x, https:\/\/i0.wp.com\/saisfashion.com\/wp-content\/uploads\/2024\/10\/ALI06640.jpg?fit=800%2C1200&ssl=1&resize=700%2C400 2x"},"classes":[]},{"id":3935,"url":"https:\/\/saisfashion.com\/de\/produkt\/corduroy-dress-with-buttons-for-girls\/","url_meta":{"origin":6917,"position":5},"title":"Cord-Kleid mit Kn\u00f6pfen f\u00fcr M\u00e4dchen","author":"Silja","date":"14.11.2024","format":false,"excerpt":"Fair & ethically made Soft & robust fabric Lovely details Surprise GIFT for orders above EUR 80 FREE shipping for orders above EUR 65","rel":"","context":"\u00c4hnlicher Beitrag","block_context":{"text":"\u00c4hnlicher Beitrag","link":""},"img":{"alt_text":"","src":"https:\/\/i0.wp.com\/saisfashion.com\/wp-content\/uploads\/2024\/10\/ALI06456.jpg?fit=800%2C1200&ssl=1&resize=350%2C200","width":350,"height":200,"srcset":"https:\/\/i0.wp.com\/saisfashion.com\/wp-content\/uploads\/2024\/10\/ALI06456.jpg?fit=800%2C1200&ssl=1&resize=350%2C200 1x, https:\/\/i0.wp.com\/saisfashion.com\/wp-content\/uploads\/2024\/10\/ALI06456.jpg?fit=800%2C1200&ssl=1&resize=525%2C300 1.5x, https:\/\/i0.wp.com\/saisfashion.com\/wp-content\/uploads\/2024\/10\/ALI06456.jpg?fit=800%2C1200&ssl=1&resize=700%2C400 2x"},"classes":[]}],"jetpack_sharing_enabled":true,"_links":{"self":[{"href":"https:\/\/saisfashion.com\/de\/wp-json\/wp\/v2\/product\/6917","targetHints":{"allow":["GET"]}}],"collection":[{"href":"https:\/\/saisfashion.com\/de\/wp-json\/wp\/v2\/product"}],"about":[{"href":"https:\/\/saisfashion.com\/de\/wp-json\/wp\/v2\/types\/product"}],"replies":[{"embeddable":true,"href":"https:\/\/saisfashion.com\/de\/wp-json\/wp\/v2\/comments?post=6917"}],"wp:featuredmedia":[{"embeddable":true,"href":"https:\/\/saisfashion.com\/de\/wp-json\/wp\/v2\/media\/7111"}],"wp:attachment":[{"href":"https:\/\/saisfashion.com\/de\/wp-json\/wp\/v2\/media?parent=6917"}],"wp:term":[{"taxonomy":"product_brand","embeddable":true,"href":"https:\/\/saisfashion.com\/de\/wp-json\/wp\/v2\/product_brand?post=6917"},{"taxonomy":"product_cat","embeddable":true,"href":"https:\/\/saisfashion.com\/de\/wp-json\/wp\/v2\/product_cat?post=6917"},{"taxonomy":"product_tag","embeddable":true,"href":"https:\/\/saisfashion.com\/de\/wp-json\/wp\/v2\/product_tag?post=6917"}],"curies":[{"name":"wp","href":"https:\/\/api.w.org\/{rel}","templated":true}]}}