{"id":6918,"date":"2025-08-15T17:26:45","date_gmt":"2025-08-15T17:26:45","guid":{"rendered":"https:\/\/saisfashion.com\/?post_type=product&#038;p=6918"},"modified":"2026-03-13T09:35:37","modified_gmt":"2026-03-13T09:35:37","slug":"pure-linen-pants","status":"publish","type":"product","link":"https:\/\/saisfashion.com\/de\/produkt\/pure-linen-pants\/","title":{"rendered":"100% Leinen-Hose \"Good Vibes\""},"content":{"rendered":"<p data-start=\"131\" data-end=\"434\" class=\"translation-block\">Diese Hose mit weitem Bein besteht aus <strong data-start=\"195\" data-end=\"243\">100 % Leinen<\/strong>. Das Leinen ist nach OEKO-TEX\u00ae STANDARD 100 zertifiziert \u2013 v\u00f6llig frei von sch\u00e4dlichen Chemikalien und synthetischen Fasern. Das nat\u00fcrliche Leinen bietet un\u00fcbertroffene Atmungsaktivit\u00e4t und Komfort und ist gleichzeitig sanft zu deiner Haut und umweltfreundlich.<\/p>\n<p data-start=\"436\" data-end=\"752\" class=\"translation-block\">Diese Hose wurde von Silja in Deutschland und Sana in der T\u00fcrkei entworfen und in unserer Partnerwerkstatt im S\u00fcdosten der T\u00fcrkei handgefertigt. Sie verf\u00fcgt \u00fcber <strong>Taschen<\/strong>, einen <strong data-start=\"580\" data-end=\"604\">entspannten, flie\u00dfenden Schnitt<\/strong> und einen <strong data-start=\"612\" data-end=\"645\">bequemen elastischen Bund<\/strong>, der sich deinem K\u00f6rper anpasst. Perfekt f\u00fcr schlichte, zeitlose und m\u00fchelos stilvolle Outfits das ganze Jahr \u00fcber.<\/p>\n<p data-start=\"754\" data-end=\"781\"><strong data-start=\"754\" data-end=\"779\">Weshalb du sie lieben wirst:<\/strong><\/p>\n<ul>\n<li data-start=\"784\" data-end=\"830\">Weit geschnittenes Bein f\u00fcr eine luftig-elegante Silhouette<\/li>\n<li data-start=\"784\" data-end=\"830\">Taschen \u2013 weil wir nicht darauf verzichten k\u00f6nnen!<\/li>\n<li data-start=\"784\" data-end=\"830\">Reines Leinen \u2013 gewebt aus OEKO-TEX\u00ae STANDARD 100 zertifiziertem Stoff, luxuri\u00f6se Haptik und umweltfreundlich<\/li>\n<li data-start=\"784\" data-end=\"830\">Nat\u00fcrliche Eigenschaften von Leinen: w\u00e4rmeregulierend, feuchtigkeitsabsorbierend, antibakteriell, hypoallergen und strahlend mit hoher Frequenz (5000 Hz!)<\/li>\n<li data-start=\"784\" data-end=\"830\">Sanft zu empfindlicher Haut \u2013 kein Polyester, keine Schadstoffe, kein Greenwashing. Ethisch produziert in der T\u00fcrkei unter fairen Arbeitsbedingungen.<\/li>\n<\/ul>\n<p data-start=\"1184\" data-end=\"1198\"><strong data-start=\"1184\" data-end=\"1196\">Details:<\/strong><\/p>\n<ul>\n<li data-start=\"1184\" data-end=\"1198\" class=\"translation-block\"><strong data-start=\"988\" data-end=\"997\">Gr\u00f6\u00dfen<\/strong>: S, M, L<\/li>\n<li data-start=\"1184\" data-end=\"1198\">Farbe: Sand<\/li>\n<li data-start=\"1184\" data-end=\"1198\">Material: 100% Leinen (zertifizierter Stoff nach OEKO-TEX Standard 100)<\/li>\n<\/ul>\n<p data-start=\"1249\" data-end=\"1295\" class=\"translation-block\"><em><strong>\ud83d\udc49\ud83c\udffc \u00a0Spare \u00fcber 12% and kombiniere die Hose mit dem <a href=\"https:\/\/saisfashion.com\/de\/produkt\/pure-linen-set-pants-kimono\/\" target=\"_self\">passenden Leinen-Kimono<\/a> f\u00fcr den kompletten Look!<\/strong><\/em><\/p>","protected":false},"excerpt":{"rendered":"<p><strong>100% Leinen (Stoff zertifiziert nach <\/strong><strong>OEKO-TEX Standard 100)<\/strong><\/p>\n<p><strong>Praktisch &amp; modest mit Taschen<\/strong><\/p>\n<p><strong>Fair &amp; nachhaltig hergestellt<\/strong><\/p>\n<p><strong>\u00dcberraschungsgeschenk bei Bestellungen \u00fcber 80 EUR<\/strong><\/p>\n<p><strong>GRATIS Versand auf Bestellungen \u00fcber 65 EUR<\/strong><\/p>","protected":false},"featured_media":7099,"comment_status":"open","ping_status":"closed","template":"","meta":[],"product_brand":[],"product_cat":[16,197,178],"product_tag":[],"class_list":{"0":"post-6918","1":"product","2":"type-product","3":"status-publish","4":"has-post-thumbnail","6":"product_cat-clothing-women","7":"product_cat-organic-collection","8":"product_cat-pants-sets","9":"pa_color-sand","10":"pa_size-large","11":"pa_size-medium","12":"pa_size-small","14":"first","15":"instock","16":"shipping-taxable","17":"purchasable","18":"product-type-variable","19":"has-default-attributes"},"jetpack-related-posts":[{"id":6908,"url":"https:\/\/saisfashion.com\/de\/produkt\/pure-linen-kimono\/","url_meta":{"origin":6918,"position":0},"title":"100% Leinen-Kimono \"Good Vibes\"","author":"Silja","date":"12.08.2025","format":false,"excerpt":"100% linen (certified fabric according to OEKO-TEX Standard 100) Practical & modest with ribbons in the front Fair & ethically made Surprise GIFT for orders above EUR 80 FREE shipping for orders above EUR 65","rel":"","context":"Mit 2 Kommentaren","block_context":{"text":"Mit 2 Kommentaren","link":"https:\/\/saisfashion.com\/de\/produkt\/pure-linen-kimono\/#comments"},"img":{"alt_text":"","src":"https:\/\/i0.wp.com\/saisfashion.com\/wp-content\/uploads\/2025\/08\/12-scaled.jpg?fit=800%2C1200&ssl=1&resize=350%2C200","width":350,"height":200,"srcset":"https:\/\/i0.wp.com\/saisfashion.com\/wp-content\/uploads\/2025\/08\/12-scaled.jpg?fit=800%2C1200&ssl=1&resize=350%2C200 1x, https:\/\/i0.wp.com\/saisfashion.com\/wp-content\/uploads\/2025\/08\/12-scaled.jpg?fit=800%2C1200&ssl=1&resize=525%2C300 1.5x, https:\/\/i0.wp.com\/saisfashion.com\/wp-content\/uploads\/2025\/08\/12-scaled.jpg?fit=800%2C1200&ssl=1&resize=700%2C400 2x"},"classes":[]},{"id":6927,"url":"https:\/\/saisfashion.com\/de\/produkt\/pure-linen-set-pants-kimono\/","url_meta":{"origin":6918,"position":1},"title":"Zweiteiler \"Good Vibes\": Hose + Kimono","author":"Silja","date":"13.08.2025","format":false,"excerpt":"Stylish oversized linen set 100% linen (certified fabric according to OEKO-TEX Standard 100) - 0% greenwashing! Fair & ethically made Surprise GIFT for orders above EUR 80 FREE shipping for orders above EUR 65","rel":"","context":"\u00c4hnlicher Beitrag","block_context":{"text":"\u00c4hnlicher Beitrag","link":""},"img":{"alt_text":"","src":"https:\/\/i0.wp.com\/saisfashion.com\/wp-content\/uploads\/2025\/08\/IMG_9734-copy-scaled.jpg?fit=800%2C1200&ssl=1&resize=350%2C200","width":350,"height":200,"srcset":"https:\/\/i0.wp.com\/saisfashion.com\/wp-content\/uploads\/2025\/08\/IMG_9734-copy-scaled.jpg?fit=800%2C1200&ssl=1&resize=350%2C200 1x, https:\/\/i0.wp.com\/saisfashion.com\/wp-content\/uploads\/2025\/08\/IMG_9734-copy-scaled.jpg?fit=800%2C1200&ssl=1&resize=525%2C300 1.5x, https:\/\/i0.wp.com\/saisfashion.com\/wp-content\/uploads\/2025\/08\/IMG_9734-copy-scaled.jpg?fit=800%2C1200&ssl=1&resize=700%2C400 2x"},"classes":[]},{"id":6942,"url":"https:\/\/saisfashion.com\/de\/produkt\/linen-shirt-boys\/","url_meta":{"origin":6918,"position":2},"title":"\u00d6ko-Leinen Shirt f\u00fcr Jungs","author":"Silja","date":"14.08.2025","format":false,"excerpt":"100% linen (certified fabric according to OECO-TEX Standard 100) Cute details with buttons and ruffles Fair & ethically made Surprise GIFT for orders above EUR 80 FREE shipping for orders above EUR 65","rel":"","context":"\u00c4hnlicher Beitrag","block_context":{"text":"\u00c4hnlicher Beitrag","link":""},"img":{"alt_text":"","src":"https:\/\/i0.wp.com\/saisfashion.com\/wp-content\/uploads\/2025\/08\/1-1-scaled.jpg?fit=800%2C1200&ssl=1&resize=350%2C200","width":350,"height":200,"srcset":"https:\/\/i0.wp.com\/saisfashion.com\/wp-content\/uploads\/2025\/08\/1-1-scaled.jpg?fit=800%2C1200&ssl=1&resize=350%2C200 1x, https:\/\/i0.wp.com\/saisfashion.com\/wp-content\/uploads\/2025\/08\/1-1-scaled.jpg?fit=800%2C1200&ssl=1&resize=525%2C300 1.5x, https:\/\/i0.wp.com\/saisfashion.com\/wp-content\/uploads\/2025\/08\/1-1-scaled.jpg?fit=800%2C1200&ssl=1&resize=700%2C400 2x"},"classes":[]},{"id":6937,"url":"https:\/\/saisfashion.com\/de\/produkt\/linen-shirt-girls\/","url_meta":{"origin":6918,"position":3},"title":"\u00d6ko-Leinen Shirt f\u00fcr M\u00e4dchen","author":"Silja","date":"14.08.2025","format":false,"excerpt":"100% linen (OECO-TEX Standard 100) Cute details with buttons and ruffles Fair & ethically made Surprise GIFT for orders above EUR 80 FREE shipping for orders above EUR 65","rel":"","context":"\u00c4hnlicher Beitrag","block_context":{"text":"\u00c4hnlicher Beitrag","link":""},"img":{"alt_text":"","src":"https:\/\/i0.wp.com\/saisfashion.com\/wp-content\/uploads\/2025\/08\/4-scaled.jpg?fit=800%2C1200&ssl=1&resize=350%2C200","width":350,"height":200,"srcset":"https:\/\/i0.wp.com\/saisfashion.com\/wp-content\/uploads\/2025\/08\/4-scaled.jpg?fit=800%2C1200&ssl=1&resize=350%2C200 1x, https:\/\/i0.wp.com\/saisfashion.com\/wp-content\/uploads\/2025\/08\/4-scaled.jpg?fit=800%2C1200&ssl=1&resize=525%2C300 1.5x, https:\/\/i0.wp.com\/saisfashion.com\/wp-content\/uploads\/2025\/08\/4-scaled.jpg?fit=800%2C1200&ssl=1&resize=700%2C400 2x"},"classes":[]},{"id":6948,"url":"https:\/\/saisfashion.com\/de\/produkt\/girls-set-pants-shirt\/","url_meta":{"origin":6918,"position":4},"title":"Zweiteiler f\u00fcr M\u00e4dchen: Musselin-Hose + Leinen-Shirt f\u00fcr gro\u00dfe Abenteuer","author":"Silja","date":"14.08.2025","format":false,"excerpt":"Super comfy and stylish No harmful stuff for your kid Fair & ethically made Surprise GIFT for orders above EUR 80 FREE shipping for orders above EUR 65","rel":"","context":"\u00c4hnlicher Beitrag","block_context":{"text":"\u00c4hnlicher Beitrag","link":""},"img":{"alt_text":"","src":"https:\/\/i0.wp.com\/saisfashion.com\/wp-content\/uploads\/2025\/08\/IMG_9786-copy-scaled.jpg?fit=800%2C1200&ssl=1&resize=350%2C200","width":350,"height":200,"srcset":"https:\/\/i0.wp.com\/saisfashion.com\/wp-content\/uploads\/2025\/08\/IMG_9786-copy-scaled.jpg?fit=800%2C1200&ssl=1&resize=350%2C200 1x, https:\/\/i0.wp.com\/saisfashion.com\/wp-content\/uploads\/2025\/08\/IMG_9786-copy-scaled.jpg?fit=800%2C1200&ssl=1&resize=525%2C300 1.5x, https:\/\/i0.wp.com\/saisfashion.com\/wp-content\/uploads\/2025\/08\/IMG_9786-copy-scaled.jpg?fit=800%2C1200&ssl=1&resize=700%2C400 2x"},"classes":[]},{"id":6947,"url":"https:\/\/saisfashion.com\/de\/produkt\/boys-set-pants-shirt\/","url_meta":{"origin":6918,"position":5},"title":"Zweiteiler f\u00fcr Jungs: Musselin-Hose + Leinen-Shirt f\u00fcr gro\u00dfe Abenteuer","author":"Silja","date":"14.08.2025","format":false,"excerpt":"Super comfy and stylish No harmful stuff for your kid Fair & ethically made Surprise GIFT for orders above EUR 80 FREE shipping for orders above EUR 65","rel":"","context":"\u00c4hnlicher Beitrag","block_context":{"text":"\u00c4hnlicher Beitrag","link":""},"img":{"alt_text":"","src":"https:\/\/i0.wp.com\/saisfashion.com\/wp-content\/uploads\/2025\/08\/IMG_9668-copy.jpg?fit=800%2C1200&ssl=1&resize=350%2C200","width":350,"height":200,"srcset":"https:\/\/i0.wp.com\/saisfashion.com\/wp-content\/uploads\/2025\/08\/IMG_9668-copy.jpg?fit=800%2C1200&ssl=1&resize=350%2C200 1x, https:\/\/i0.wp.com\/saisfashion.com\/wp-content\/uploads\/2025\/08\/IMG_9668-copy.jpg?fit=800%2C1200&ssl=1&resize=525%2C300 1.5x, https:\/\/i0.wp.com\/saisfashion.com\/wp-content\/uploads\/2025\/08\/IMG_9668-copy.jpg?fit=800%2C1200&ssl=1&resize=700%2C400 2x"},"classes":[]}],"jetpack_sharing_enabled":true,"_links":{"self":[{"href":"https:\/\/saisfashion.com\/de\/wp-json\/wp\/v2\/product\/6918","targetHints":{"allow":["GET"]}}],"collection":[{"href":"https:\/\/saisfashion.com\/de\/wp-json\/wp\/v2\/product"}],"about":[{"href":"https:\/\/saisfashion.com\/de\/wp-json\/wp\/v2\/types\/product"}],"replies":[{"embeddable":true,"href":"https:\/\/saisfashion.com\/de\/wp-json\/wp\/v2\/comments?post=6918"}],"wp:featuredmedia":[{"embeddable":true,"href":"https:\/\/saisfashion.com\/de\/wp-json\/wp\/v2\/media\/7099"}],"wp:attachment":[{"href":"https:\/\/saisfashion.com\/de\/wp-json\/wp\/v2\/media?parent=6918"}],"wp:term":[{"taxonomy":"product_brand","embeddable":true,"href":"https:\/\/saisfashion.com\/de\/wp-json\/wp\/v2\/product_brand?post=6918"},{"taxonomy":"product_cat","embeddable":true,"href":"https:\/\/saisfashion.com\/de\/wp-json\/wp\/v2\/product_cat?post=6918"},{"taxonomy":"product_tag","embeddable":true,"href":"https:\/\/saisfashion.com\/de\/wp-json\/wp\/v2\/product_tag?post=6918"}],"curies":[{"name":"wp","href":"https:\/\/api.w.org\/{rel}","templated":true}]}}