{"id":6927,"date":"2025-08-13T20:03:19","date_gmt":"2025-08-13T20:03:19","guid":{"rendered":"https:\/\/saisfashion.com\/?post_type=product&#038;p=6927"},"modified":"2025-08-24T09:29:04","modified_gmt":"2025-08-24T09:29:04","slug":"pure-linen-set-pants-kimono","status":"publish","type":"product","link":"https:\/\/saisfashion.com\/de\/produkt\/pure-linen-set-pants-kimono\/","title":{"rendered":"Zweiteiler \"Good Vibes\": Hose + Kimono"},"content":{"rendered":"<p class=\"translation-block\"><b>Spare \u00fcber 12%<\/b> und hol dir die \u00d6ko-Leinen-<b>Hose und den Kimono zusammen<\/b>! Du kannst die Gr\u00f6\u00dfe jedes Teils separat ausw\u00e4hlen - denn wir wissen, dass jeder unserer K\u00f6rper einzigartig ist.<\/p>\n<p class=\"translation-block\">Beide Teile bestehen aus <strong data-start=\"393\" data-end=\"441\">100% Leinen (Stoff nach OEKO-TEX Standard 100 zertifiziert)<\/strong>. Keine sch\u00e4dlichen Chemikalien, keine synthetischen Stoffe \u2013 nur atmungsaktives, luxuri\u00f6ses Leinen, das sowohl f\u00fcr deine Haut als auch f\u00fcr den Planeten gut ist.<\/p>\n<p data-start=\"571\" data-end=\"977\">Entworfen von Silja in Deutschland und Sana in der T\u00fcrkei und handgefertigt in unserer Partnerwerkstatt im S\u00fcdosten der T\u00fcrkei, vereint dieses Set entspannte Eleganz mit zeitloser Bescheidenheit. Der gerade Schnitt des Kimonos, die weiten \u00c4rmel und der Bandverschluss vorne harmonieren perfekt mit dem flie\u00dfenden Schnitt der Hose und dem bequemen elastischen Bund \u2013 f\u00fcr Bewegungsfreiheit, ultimativen Komfort und einen harmonischen Look.<\/p>\n<p data-start=\"979\" data-end=\"1010\"><strong data-start=\"979\" data-end=\"1008\">Weshalb du diesen Zweiteiler lieben wirst:<\/strong><\/p>\n<ul>\n<li data-start=\"1013\" data-end=\"1082\">Perfekt aufeinander abgestimmtes Ober- und Unterteil aus reinem Leinen (gewebt aus OEKO-TEX-zertifiziertem Stoff)<\/li>\n<li data-start=\"1013\" data-end=\"1082\">Zeitlose Oversize-Schnitte f\u00fcr m\u00fcheloses Layering und dezentes Styling<\/li>\n<li data-start=\"1013\" data-end=\"1082\">Nat\u00fcrlichen Eigenschaften von Leinen: w\u00e4rmeregulierend, feuchtigkeitsabsorbierend, antibakteriell, hypoallergen und hochfrequent strahlend \u2013 das sorgt einfach f\u00fcr \"Good Vibes\"!<\/li>\n<li data-start=\"1013\" data-end=\"1082\">0% Plastik, 0% sch\u00e4dliche Inhaltsstoffe, 0% Greenwashing<\/li>\n<li data-start=\"1013\" data-end=\"1082\">Ethisch produziert in der T\u00fcrkei unter fairen Arbeitsbedingungen<\/li>\n<\/ul>\n<p data-start=\"1415\" data-end=\"1429\"><strong data-start=\"1415\" data-end=\"1427\">Details:<\/strong><\/p>\n<ul>\n<li data-start=\"1415\" data-end=\"1429\">Der Zweiteiler beinhaltet: 1 Kimono + 1 weite Hose \u2013 die Gr\u00f6\u00dfen w\u00e4hlst du individuell!<\/li>\n<li data-start=\"1415\" data-end=\"1429\" class=\"translation-block\"><strong data-start=\"988\" data-end=\"997\">Gr\u00f6\u00dfen<\/strong>: S, M, L<\/li>\n<li data-start=\"1415\" data-end=\"1429\">Farbe: Sand<\/li>\n<li data-start=\"1415\" data-end=\"1429\">Material: 100% Leinen (zertifizierter Stoff nach OEKO-TEX Standard 100)<\/li>\n<\/ul>","protected":false},"excerpt":{"rendered":"<p><strong>Stylish oversized linen set<\/strong><\/p>\n<p><strong>100% Leinen (zertifizierter Stoff nach OEKO-TEX Standard 100) \u2013 0% Greenwashing!<\/strong><\/p>\n<p><strong>Fair &amp; nachhaltig hergestellt<\/strong><\/p>\n<p><strong>\u00dcberraschungsgeschenk bei Bestellungen \u00fcber 80 EUR<\/strong><\/p>\n<p><strong>GRATIS Versand auf Bestellungen \u00fcber 65 EUR<\/strong><\/p>","protected":false},"featured_media":7033,"comment_status":"open","ping_status":"closed","template":"","meta":[],"product_brand":[],"product_cat":[197,178,16],"product_tag":[],"class_list":{"0":"post-6927","1":"product","2":"type-product","3":"status-publish","4":"has-post-thumbnail","6":"product_cat-organic-collection","7":"product_cat-pants-sets","8":"product_cat-clothing-women","10":"first","11":"instock","12":"sale","13":"shipping-taxable","14":"purchasable","15":"product-type-woosb"},"jetpack-related-posts":[{"id":6908,"url":"https:\/\/saisfashion.com\/de\/produkt\/pure-linen-kimono\/","url_meta":{"origin":6927,"position":0},"title":"100% Leinen-Kimono \"Good Vibes\"","author":"Silja","date":"12.08.2025","format":false,"excerpt":"100% linen (certified fabric according to OEKO-TEX Standard 100) Practical & modest with ribbons in the front Fair & ethically made Surprise GIFT for orders above EUR 80 FREE shipping for orders above EUR 65","rel":"","context":"Mit 2 Kommentaren","block_context":{"text":"Mit 2 Kommentaren","link":"https:\/\/saisfashion.com\/de\/produkt\/pure-linen-kimono\/#comments"},"img":{"alt_text":"","src":"https:\/\/i0.wp.com\/saisfashion.com\/wp-content\/uploads\/2025\/08\/12-scaled.jpg?fit=800%2C1200&ssl=1&resize=350%2C200","width":350,"height":200,"srcset":"https:\/\/i0.wp.com\/saisfashion.com\/wp-content\/uploads\/2025\/08\/12-scaled.jpg?fit=800%2C1200&ssl=1&resize=350%2C200 1x, https:\/\/i0.wp.com\/saisfashion.com\/wp-content\/uploads\/2025\/08\/12-scaled.jpg?fit=800%2C1200&ssl=1&resize=525%2C300 1.5x, https:\/\/i0.wp.com\/saisfashion.com\/wp-content\/uploads\/2025\/08\/12-scaled.jpg?fit=800%2C1200&ssl=1&resize=700%2C400 2x"},"classes":[]},{"id":6918,"url":"https:\/\/saisfashion.com\/de\/produkt\/pure-linen-pants\/","url_meta":{"origin":6927,"position":1},"title":"100% Leinen-Hose \"Good Vibes\"","author":"Silja","date":"15.08.2025","format":false,"excerpt":"100% linen (certified fabric according to OEKO-TEX Standard 100) Practical & modest with pockets Fair & ethically made Surprise GIFT for orders above EUR 80 FREE shipping for orders above EUR 65","rel":"","context":"\u00c4hnlicher Beitrag","block_context":{"text":"\u00c4hnlicher Beitrag","link":""},"img":{"alt_text":"","src":"https:\/\/i0.wp.com\/saisfashion.com\/wp-content\/uploads\/2025\/08\/10-scaled.jpg?fit=800%2C1200&ssl=1&resize=350%2C200","width":350,"height":200,"srcset":"https:\/\/i0.wp.com\/saisfashion.com\/wp-content\/uploads\/2025\/08\/10-scaled.jpg?fit=800%2C1200&ssl=1&resize=350%2C200 1x, https:\/\/i0.wp.com\/saisfashion.com\/wp-content\/uploads\/2025\/08\/10-scaled.jpg?fit=800%2C1200&ssl=1&resize=525%2C300 1.5x, https:\/\/i0.wp.com\/saisfashion.com\/wp-content\/uploads\/2025\/08\/10-scaled.jpg?fit=800%2C1200&ssl=1&resize=700%2C400 2x"},"classes":[]},{"id":6937,"url":"https:\/\/saisfashion.com\/de\/produkt\/linen-shirt-girls\/","url_meta":{"origin":6927,"position":2},"title":"\u00d6ko-Leinen Shirt f\u00fcr M\u00e4dchen","author":"Silja","date":"14.08.2025","format":false,"excerpt":"100% linen (OECO-TEX Standard 100) Cute details with buttons and ruffles Fair & ethically made Surprise GIFT for orders above EUR 80 FREE shipping for orders above EUR 65","rel":"","context":"\u00c4hnlicher Beitrag","block_context":{"text":"\u00c4hnlicher Beitrag","link":""},"img":{"alt_text":"","src":"https:\/\/i0.wp.com\/saisfashion.com\/wp-content\/uploads\/2025\/08\/4-scaled.jpg?fit=800%2C1200&ssl=1&resize=350%2C200","width":350,"height":200,"srcset":"https:\/\/i0.wp.com\/saisfashion.com\/wp-content\/uploads\/2025\/08\/4-scaled.jpg?fit=800%2C1200&ssl=1&resize=350%2C200 1x, https:\/\/i0.wp.com\/saisfashion.com\/wp-content\/uploads\/2025\/08\/4-scaled.jpg?fit=800%2C1200&ssl=1&resize=525%2C300 1.5x, https:\/\/i0.wp.com\/saisfashion.com\/wp-content\/uploads\/2025\/08\/4-scaled.jpg?fit=800%2C1200&ssl=1&resize=700%2C400 2x"},"classes":[]},{"id":6942,"url":"https:\/\/saisfashion.com\/de\/produkt\/linen-shirt-boys\/","url_meta":{"origin":6927,"position":3},"title":"\u00d6ko-Leinen Shirt f\u00fcr Jungs","author":"Silja","date":"14.08.2025","format":false,"excerpt":"100% linen (certified fabric according to OECO-TEX Standard 100) Cute details with buttons and ruffles Fair & ethically made Surprise GIFT for orders above EUR 80 FREE shipping for orders above EUR 65","rel":"","context":"\u00c4hnlicher Beitrag","block_context":{"text":"\u00c4hnlicher Beitrag","link":""},"img":{"alt_text":"","src":"https:\/\/i0.wp.com\/saisfashion.com\/wp-content\/uploads\/2025\/08\/1-1-scaled.jpg?fit=800%2C1200&ssl=1&resize=350%2C200","width":350,"height":200,"srcset":"https:\/\/i0.wp.com\/saisfashion.com\/wp-content\/uploads\/2025\/08\/1-1-scaled.jpg?fit=800%2C1200&ssl=1&resize=350%2C200 1x, https:\/\/i0.wp.com\/saisfashion.com\/wp-content\/uploads\/2025\/08\/1-1-scaled.jpg?fit=800%2C1200&ssl=1&resize=525%2C300 1.5x, https:\/\/i0.wp.com\/saisfashion.com\/wp-content\/uploads\/2025\/08\/1-1-scaled.jpg?fit=800%2C1200&ssl=1&resize=700%2C400 2x"},"classes":[]},{"id":6948,"url":"https:\/\/saisfashion.com\/de\/produkt\/girls-set-pants-shirt\/","url_meta":{"origin":6927,"position":4},"title":"Zweiteiler f\u00fcr M\u00e4dchen: Musselin-Hose + Leinen-Shirt f\u00fcr gro\u00dfe Abenteuer","author":"Silja","date":"14.08.2025","format":false,"excerpt":"Super comfy and stylish No harmful stuff for your kid Fair & ethically made Surprise GIFT for orders above EUR 80 FREE shipping for orders above EUR 65","rel":"","context":"\u00c4hnlicher Beitrag","block_context":{"text":"\u00c4hnlicher Beitrag","link":""},"img":{"alt_text":"","src":"https:\/\/i0.wp.com\/saisfashion.com\/wp-content\/uploads\/2025\/08\/IMG_9786-copy-scaled.jpg?fit=800%2C1200&ssl=1&resize=350%2C200","width":350,"height":200,"srcset":"https:\/\/i0.wp.com\/saisfashion.com\/wp-content\/uploads\/2025\/08\/IMG_9786-copy-scaled.jpg?fit=800%2C1200&ssl=1&resize=350%2C200 1x, https:\/\/i0.wp.com\/saisfashion.com\/wp-content\/uploads\/2025\/08\/IMG_9786-copy-scaled.jpg?fit=800%2C1200&ssl=1&resize=525%2C300 1.5x, https:\/\/i0.wp.com\/saisfashion.com\/wp-content\/uploads\/2025\/08\/IMG_9786-copy-scaled.jpg?fit=800%2C1200&ssl=1&resize=700%2C400 2x"},"classes":[]},{"id":6947,"url":"https:\/\/saisfashion.com\/de\/produkt\/boys-set-pants-shirt\/","url_meta":{"origin":6927,"position":5},"title":"Zweiteiler f\u00fcr Jungs: Musselin-Hose + Leinen-Shirt f\u00fcr gro\u00dfe Abenteuer","author":"Silja","date":"14.08.2025","format":false,"excerpt":"Super comfy and stylish No harmful stuff for your kid Fair & ethically made Surprise GIFT for orders above EUR 80 FREE shipping for orders above EUR 65","rel":"","context":"\u00c4hnlicher Beitrag","block_context":{"text":"\u00c4hnlicher Beitrag","link":""},"img":{"alt_text":"","src":"https:\/\/i0.wp.com\/saisfashion.com\/wp-content\/uploads\/2025\/08\/IMG_9668-copy.jpg?fit=800%2C1200&ssl=1&resize=350%2C200","width":350,"height":200,"srcset":"https:\/\/i0.wp.com\/saisfashion.com\/wp-content\/uploads\/2025\/08\/IMG_9668-copy.jpg?fit=800%2C1200&ssl=1&resize=350%2C200 1x, https:\/\/i0.wp.com\/saisfashion.com\/wp-content\/uploads\/2025\/08\/IMG_9668-copy.jpg?fit=800%2C1200&ssl=1&resize=525%2C300 1.5x, https:\/\/i0.wp.com\/saisfashion.com\/wp-content\/uploads\/2025\/08\/IMG_9668-copy.jpg?fit=800%2C1200&ssl=1&resize=700%2C400 2x"},"classes":[]}],"jetpack_sharing_enabled":true,"_links":{"self":[{"href":"https:\/\/saisfashion.com\/de\/wp-json\/wp\/v2\/product\/6927","targetHints":{"allow":["GET"]}}],"collection":[{"href":"https:\/\/saisfashion.com\/de\/wp-json\/wp\/v2\/product"}],"about":[{"href":"https:\/\/saisfashion.com\/de\/wp-json\/wp\/v2\/types\/product"}],"replies":[{"embeddable":true,"href":"https:\/\/saisfashion.com\/de\/wp-json\/wp\/v2\/comments?post=6927"}],"wp:featuredmedia":[{"embeddable":true,"href":"https:\/\/saisfashion.com\/de\/wp-json\/wp\/v2\/media\/7033"}],"wp:attachment":[{"href":"https:\/\/saisfashion.com\/de\/wp-json\/wp\/v2\/media?parent=6927"}],"wp:term":[{"taxonomy":"product_brand","embeddable":true,"href":"https:\/\/saisfashion.com\/de\/wp-json\/wp\/v2\/product_brand?post=6927"},{"taxonomy":"product_cat","embeddable":true,"href":"https:\/\/saisfashion.com\/de\/wp-json\/wp\/v2\/product_cat?post=6927"},{"taxonomy":"product_tag","embeddable":true,"href":"https:\/\/saisfashion.com\/de\/wp-json\/wp\/v2\/product_tag?post=6927"}],"curies":[{"name":"wp","href":"https:\/\/api.w.org\/{rel}","templated":true}]}}